{"id":6073,"date":"2019-05-24T08:52:15","date_gmt":"2019-05-24T06:52:15","guid":{"rendered":"http:\/\/klubmamgdynia.pl\/index.php\/produkt\/baby-einstein-curiosity-table-eng-de-da\/"},"modified":"2026-04-20T17:20:17","modified_gmt":"2026-04-20T15:20:17","slug":"baby-einstein-curiosity-table-eng-de-da","status":"publish","type":"product","link":"http:\/\/klubmamgdynia.pl\/index.php\/produkt\/baby-einstein-curiosity-table-eng-de-da\/","title":{"rendered":"Baby Einstein Curiosity Table (Eng\/De\/Da)"},"content":{"rendered":"<h2>Baby Einstein Curiosity Table (Eng\/De\/Da) <\/h2>\n<p>pomys\u0142 na prima aprilis, zabawy logiczne dla dzieci, znaki drogowe quiz, pomys\u0142y na prima aprilis w szkole, ach \u015bpij kochanie tekst, filmy animowane o \u015bwi\u0119tach, dziecko cytaty, kolorowe kanapki kanapki dla dzieci, pomys\u0142y na pakowanie prezent\u00f3w, zagadki dla dzieci 5 lat, \u0142amig\u0142\u00f3wki logiczne dla dzieci, test z dynastii mizio\u0142k\u00f3w, prezent dla nastolatk\u00f3w 2021, prezent dla pi\u0119tnastolatka, samolot kolorowanka, bajki do czytania online, rzadkie imiona japo\u0144skie<\/p>\n<p>yyyyy<\/p>\n<p>&nbsp;<\/p>\n","protected":false},"excerpt":{"rendered":"<p>Baby Einstein Curiosity Table (Eng\/De\/Da) pomys\u0142 na prima aprilis, zabawy logiczne dla dzieci, znaki drogowe quiz, pomys\u0142y na prima aprilis w szkole, ach \u015bpij kochanie tekst, filmy animowane o \u015bwi\u0119tach, dziecko cytaty, kolorowe kanapki kanapki dla dzieci, pomys\u0142y na pakowanie prezent\u00f3w, zagadki dla dzieci 5 lat, \u0142amig\u0142\u00f3wki logiczne dla dzieci, test z dynastii mizio\u0142k\u00f3w, prezent [&hellip;]<\/p>\n","protected":false},"featured_media":6074,"comment_status":"closed","ping_status":"open","template":"","meta":[],"product_cat":[61],"product_tag":[595,823,604],"class_list":["post-6073","product","type-product","status-publish","has-post-thumbnail","hentry","product_cat-zabawki-edukacyjne-dla-niemowlat","product_tag-zagadki-dla-6-latka","product_tag-zagadki-dla-dzieci-7-lat","product_tag-zagadki-trudne"],"_links":{"self":[{"href":"http:\/\/klubmamgdynia.pl\/index.php\/wp-json\/wp\/v2\/product\/6073","targetHints":{"allow":["GET"]}}],"collection":[{"href":"http:\/\/klubmamgdynia.pl\/index.php\/wp-json\/wp\/v2\/product"}],"about":[{"href":"http:\/\/klubmamgdynia.pl\/index.php\/wp-json\/wp\/v2\/types\/product"}],"replies":[{"embeddable":true,"href":"http:\/\/klubmamgdynia.pl\/index.php\/wp-json\/wp\/v2\/comments?post=6073"}],"wp:featuredmedia":[{"embeddable":true,"href":"http:\/\/klubmamgdynia.pl\/index.php\/wp-json\/wp\/v2\/media\/6074"}],"wp:attachment":[{"href":"http:\/\/klubmamgdynia.pl\/index.php\/wp-json\/wp\/v2\/media?parent=6073"}],"wp:term":[{"taxonomy":"product_cat","embeddable":true,"href":"http:\/\/klubmamgdynia.pl\/index.php\/wp-json\/wp\/v2\/product_cat?post=6073"},{"taxonomy":"product_tag","embeddable":true,"href":"http:\/\/klubmamgdynia.pl\/index.php\/wp-json\/wp\/v2\/product_tag?post=6073"}],"curies":[{"name":"wp","href":"https:\/\/api.w.org\/{rel}","templated":true}]}}