{"id":6075,"date":"2017-01-01T10:22:47","date_gmt":"2017-01-01T09:22:47","guid":{"rendered":"http:\/\/klubmamgdynia.pl\/index.php\/produkt\/cool-pack-coolpack-termos-butelka-500ml-mietowa\/"},"modified":"2026-04-05T16:00:25","modified_gmt":"2026-04-05T14:00:25","slug":"cool-pack-coolpack-termos-butelka-500ml-mietowa","status":"publish","type":"product","link":"http:\/\/klubmamgdynia.pl\/index.php\/produkt\/cool-pack-coolpack-termos-butelka-500ml-mietowa\/","title":{"rendered":"Cool Pack Coolpack Termos Butelka 500Ml Mi\u0119towa"},"content":{"rendered":"<p>CoolPack Termos butelka termiczna 500ml mi\u0119towaZadbaj o zdrowie i nawodnienie swojego organizmu z termosem Drink &amp; Go marki Coolpack. Uzupe\u0142nianie p\u0142yn\u00f3w w organizmie jest niezwykle wa\u017cne, a teraz mo\u017ce by\u0107 to dodatkowo bardzo proste! Por\u0119czny, pojemny i wytrzyma\u0142y. Bidon wykonany z metalu o podw\u00f3jnych \u015bciankach, \u015bwietnie utrzyma temperatur\u0119 napoju &#8211; nisk\u0105 (24h) lub wysok\u0105 (12h). Zamkni\u0119cie jest zakr\u0119cane i posiada hermetyczn\u0105 uszczelk\u0119. Termos Drink &amp; Go marki Coolpack w uroczych pastelowych kolorach pomie\u015bci 500 ml p\u0142yn\u00f3w.Wymiary butelki:wysoko\u015b\u0107: 27 cm\u015brednica na dole: 7 cm \u015brednica nakr\u0119tki: 4,5 cmCoolPack to marka, kt\u00f3ra podbi\u0142a serca dzieci nowoczesn\u0105 stylistyk\u0105, a rodzic\u00f3w wytrzyma\u0142o\u015bci\u0105. Jest obecna na rynku od kilku lat. Oferta marki obejmuje m.in: plecaki (szkolne, m\u0142odzie\u017cowe, miejskie, klasyczne i nowoczesne), plecaki na k\u00f3\u0142kach, torby sportowe, torby na rami\u0119, torby na biodra, torby podr\u00f3\u017cne, walizki, worki sportowe, kosmetyczki, saszetki, pi\u00f3rniki, portfele, bidony, ko\u0142obruliony, teczki wielofunkcyjne i zwyk\u0142e.<\/p>\n<h2>Cool Pack Coolpack Termos Butelka 500Ml Mi\u0119towa Patio<\/h2>\n<p>m\u00f3j przyjaciel mi\u015b scenariusz zaj\u0119\u0107 w przedszkolu, kolorowanka do druku super zings, cytat z kubusia puchatka o mi\u0142o\u015bci, zagadki typu co to jest, cytat o rodzinie, prezenty dla rocznego dziecka, quiz o psie kt\u00f3ry je\u017adzi\u0142 kolej\u0105<\/p>\n<p>yyyyy<\/p>\n<p>&nbsp;<\/p>\n","protected":false},"excerpt":{"rendered":"<p>CoolPack Termos butelka termiczna 500ml mi\u0119towaZadbaj o zdrowie i nawodnienie swojego organizmu z termosem Drink &amp; Go marki Coolpack. Uzupe\u0142nianie p\u0142yn\u00f3w w organizmie jest niezwykle wa\u017cne, a teraz mo\u017ce by\u0107 to dodatkowo bardzo proste! Por\u0119czny, pojemny i wytrzyma\u0142y. Bidon wykonany z metalu o podw\u00f3jnych \u015bciankach, \u015bwietnie utrzyma temperatur\u0119 napoju &#8211; nisk\u0105 (24h) lub wysok\u0105 (12h). [&hellip;]<\/p>\n","protected":false},"featured_media":6076,"comment_status":"closed","ping_status":"open","template":"","meta":[],"product_cat":[1399,1223],"product_tag":[837,648,785,843,757,581],"class_list":["post-6075","product","type-product","status-publish","has-post-thumbnail","hentry","product_cat-patio","product_cat-termosy-i-kubki","product_tag-cicha-noc-po-angielsku","product_tag-dobrej-nocy-i-sza","product_tag-prezent-dla-nastolatkow","product_tag-smieszne-zagadki-dla-dzieci","product_tag-test-z-lektury-ania-z-zielonego-wzgorza-klasa-6-z-odpowiedziami","product_tag-zagadki-dla-8-latka"],"_links":{"self":[{"href":"http:\/\/klubmamgdynia.pl\/index.php\/wp-json\/wp\/v2\/product\/6075","targetHints":{"allow":["GET"]}}],"collection":[{"href":"http:\/\/klubmamgdynia.pl\/index.php\/wp-json\/wp\/v2\/product"}],"about":[{"href":"http:\/\/klubmamgdynia.pl\/index.php\/wp-json\/wp\/v2\/types\/product"}],"replies":[{"embeddable":true,"href":"http:\/\/klubmamgdynia.pl\/index.php\/wp-json\/wp\/v2\/comments?post=6075"}],"wp:featuredmedia":[{"embeddable":true,"href":"http:\/\/klubmamgdynia.pl\/index.php\/wp-json\/wp\/v2\/media\/6076"}],"wp:attachment":[{"href":"http:\/\/klubmamgdynia.pl\/index.php\/wp-json\/wp\/v2\/media?parent=6075"}],"wp:term":[{"taxonomy":"product_cat","embeddable":true,"href":"http:\/\/klubmamgdynia.pl\/index.php\/wp-json\/wp\/v2\/product_cat?post=6075"},{"taxonomy":"product_tag","embeddable":true,"href":"http:\/\/klubmamgdynia.pl\/index.php\/wp-json\/wp\/v2\/product_tag?post=6075"}],"curies":[{"name":"wp","href":"https:\/\/api.w.org\/{rel}","templated":true}]}}