{"id":6077,"date":"2011-03-21T05:40:11","date_gmt":"2011-03-21T04:40:11","guid":{"rendered":"http:\/\/klubmamgdynia.pl\/index.php\/produkt\/prince-lionheart-oslona-przeciwdeszczowa-do-wozka-daszek-folia\/"},"modified":"2026-04-27T21:08:34","modified_gmt":"2026-04-27T19:08:34","slug":"prince-lionheart-oslona-przeciwdeszczowa-do-wozka-daszek-folia","status":"publish","type":"product","link":"http:\/\/klubmamgdynia.pl\/index.php\/produkt\/prince-lionheart-oslona-przeciwdeszczowa-do-wozka-daszek-folia\/","title":{"rendered":"Prince Lionheart Os\u0142ona Przeciwdeszczowa Do W\u00f3zka Daszek Folia"},"content":{"rendered":"<p>Prince Lionheart to ameryka\u0144ski producent zabawek i akcesori\u00f3w dla dzieci powszechnie znany na \u015bwiecie z nagradzanych i innowacyjnych rozwi\u0105za\u0144. Firma Prince Lionheart.rozpocz\u0119\u0142a swoj\u0105 dzia\u0142alno\u015b\u0107 w 1973 roku, kiedy za\u0142o\u017cyciele Tom i Linda McConnell rozpocz\u0119li produkcj\u0119 koni na biegunach w rodzinnym gara\u017cu.Od ponad trzydziestu lat firma nieustannie si\u0119 rozwija aby pom\u00f3c dzieciom dorasta\u0107 szcz\u0119\u015bliwie i bezpiecznie.Os\u0142ona Prince Lionheart Pushchair Raincover 6403Os\u0142ona folia przeciwdeszczowa do w\u00f3zk\u00f3w dzieci\u0119cych typu parasolka jak i jogger. Tkanina o stopniu ochrony SPF 50 chroni przed szkodliwymi promieniami ultrafioletowymi.Tkanina o stopniu ochrony SPF 50 chroni przed szkodliwymi promieniami ultrafioletowymiNylonowe i siatkowe okienka chroni\u0105 przed wp\u0142ywem warunk\u00f3w atmosferycznych (i owad\u00f3w), a jednocze\u015bnie zapewniaj\u0105 dobr\u0105 wentylacj\u0119Przezroczyste okienko u g\u00f3ry umo\u017cliwia rodzicom kontrolowanie dziecka w czasie prowadzenia spacer\u00f3wkiOs\u0142ona otwiera i sk\u0142ada si\u0119 w mgnieniu okaPasuje do wi\u0119kszo\u015bci spacer\u00f3wek (spacer\u00f3wka musi posiada\u0107 budk\u0119)Produkt opatentowany.Ochrona przeciws\u0142oneczna: SPF 50<\/p>\n<h2>Prince Lionheart Os\u0142ona Przeciwdeszczowa Do W\u00f3zka Daszek Folia Prince Lionheart<\/h2>\n<p>rzadkie imiona japo\u0144skie, zgadywanki, pozytywne cytaty mama cytaty, niespotykane imiona \u017ce\u0144skie, quizy hobbit, znaczenie imiona alan, prezent dla ch\u0142opca 7 lat, prezent na roczek dla dziewczynki, bajki dla niemowl\u0105t, malgorzata znaczenie imienia, bajka na dobranoc, test asiunia joanna papuzi\u0144ska, jeremi imi\u0119, zagadki \u0142amig\u0142\u00f3wki, gra kulki, karty pracy dla dzieci z ukrainy, smok wawelski bajka, milan znaczenie imienia<\/p>\n<p>yyyyy<\/p>\n<p>&nbsp;<\/p>\n","protected":false},"excerpt":{"rendered":"<p>Prince Lionheart to ameryka\u0144ski producent zabawek i akcesori\u00f3w dla dzieci powszechnie znany na \u015bwiecie z nagradzanych i innowacyjnych rozwi\u0105za\u0144. Firma Prince Lionheart.rozpocz\u0119\u0142a swoj\u0105 dzia\u0142alno\u015b\u0107 w 1973 roku, kiedy za\u0142o\u017cyciele Tom i Linda McConnell rozpocz\u0119li produkcj\u0119 koni na biegunach w rodzinnym gara\u017cu.Od ponad trzydziestu lat firma nieustannie si\u0119 rozwija aby pom\u00f3c dzieciom dorasta\u0107 szcz\u0119\u015bliwie i bezpiecznie.Os\u0142ona [&hellip;]<\/p>\n","protected":false},"featured_media":6078,"comment_status":"closed","ping_status":"open","template":"","meta":[],"product_cat":[127,1349],"product_tag":[668,821,818,735],"class_list":["post-6077","product","type-product","status-publish","has-post-thumbnail","hentry","product_cat-akcesoria-do-wozkow","product_cat-prince-lionheart","product_tag-atrakcje-dla-dzieci-wroclaw","product_tag-marianna","product_tag-oliwier","product_tag-prezent-na-roczek-dziewczynka"],"_links":{"self":[{"href":"http:\/\/klubmamgdynia.pl\/index.php\/wp-json\/wp\/v2\/product\/6077","targetHints":{"allow":["GET"]}}],"collection":[{"href":"http:\/\/klubmamgdynia.pl\/index.php\/wp-json\/wp\/v2\/product"}],"about":[{"href":"http:\/\/klubmamgdynia.pl\/index.php\/wp-json\/wp\/v2\/types\/product"}],"replies":[{"embeddable":true,"href":"http:\/\/klubmamgdynia.pl\/index.php\/wp-json\/wp\/v2\/comments?post=6077"}],"wp:featuredmedia":[{"embeddable":true,"href":"http:\/\/klubmamgdynia.pl\/index.php\/wp-json\/wp\/v2\/media\/6078"}],"wp:attachment":[{"href":"http:\/\/klubmamgdynia.pl\/index.php\/wp-json\/wp\/v2\/media?parent=6077"}],"wp:term":[{"taxonomy":"product_cat","embeddable":true,"href":"http:\/\/klubmamgdynia.pl\/index.php\/wp-json\/wp\/v2\/product_cat?post=6077"},{"taxonomy":"product_tag","embeddable":true,"href":"http:\/\/klubmamgdynia.pl\/index.php\/wp-json\/wp\/v2\/product_tag?post=6077"}],"curies":[{"name":"wp","href":"https:\/\/api.w.org\/{rel}","templated":true}]}}