{"id":6081,"date":"2020-09-21T22:14:16","date_gmt":"2020-09-21T20:14:16","guid":{"rendered":"http:\/\/klubmamgdynia.pl\/index.php\/produkt\/kin-koh-i-noor-kredki-akwarelowe-koszyk-72szt\/"},"modified":"2026-04-04T20:31:44","modified_gmt":"2026-04-04T18:31:44","slug":"kin-koh-i-noor-kredki-akwarelowe-koszyk-72szt","status":"publish","type":"product","link":"http:\/\/klubmamgdynia.pl\/index.php\/produkt\/kin-koh-i-noor-kredki-akwarelowe-koszyk-72szt\/","title":{"rendered":"Kin Koh I Noor Kredki Akwarelowe Koszyk 72Szt"},"content":{"rendered":"<p>Zestaw 72 kredek szkolnych pakowanych w wygodnym koszyku. Posiadaj\u0105 wk\u0142ad o podwy\u017cszonej wytrzyma\u0142o\u015bci na z\u0142amania i silny nacisk, jednocze\u015bnie zapewniaj\u0105c mi\u0119kkie i \u0142atwe rysowanie. Oprawki zosta\u0142y wykonane z dobrej jako\u015bci drewna, dzi\u0119ki czemu nie \u0142ami\u0105 si\u0119 w trakcie temperowania. Wykonane zosta\u0142y zgodnie z europejskimi normami bezpiecze\u0144stwa na terenie Unii Europejskiej. Dost\u0119pne w szerokiej gamie kolorystycznej.<\/p>\n<h2>Kin Koh I Noor Kredki Akwarelowe Koszyk 72Szt Kin<\/h2>\n<p>kolorowanka \u015bwi\u0105teczna do wydruku, gwiazda do wydruku, ostatni dzwonek tekst, ilona, test z lektury pies kt\u00f3ry je\u017adzi\u0142 kolej\u0105, zagadki o zwierzetach, spiderman do druku, kolorowanki dla dzieci do druku, elzbieta imie, cytaty korczaka, desery dla dzieci, plac zabaw warszawa, oskar imie, maska kota do druku, kolorowanki dla dziewczynek do druku, iwo, prezent dla 15 latka, zagadki nie do rozwi\u0105zania<\/p>\n<p>yyyyy<\/p>\n<p>&nbsp;<\/p>\n","protected":false},"excerpt":{"rendered":"<p>Zestaw 72 kredek szkolnych pakowanych w wygodnym koszyku. Posiadaj\u0105 wk\u0142ad o podwy\u017cszonej wytrzyma\u0142o\u015bci na z\u0142amania i silny nacisk, jednocze\u015bnie zapewniaj\u0105c mi\u0119kkie i \u0142atwe rysowanie. Oprawki zosta\u0142y wykonane z dobrej jako\u015bci drewna, dzi\u0119ki czemu nie \u0142ami\u0105 si\u0119 w trakcie temperowania. Wykonane zosta\u0142y zgodnie z europejskimi normami bezpiecze\u0144stwa na terenie Unii Europejskiej. Dost\u0119pne w szerokiej gamie kolorystycznej. [&hellip;]<\/p>\n","protected":false},"featured_media":6082,"comment_status":"closed","ping_status":"open","template":"","meta":[],"product_cat":[1234,297],"product_tag":[755,667,862,741,805],"class_list":["post-6081","product","type-product","status-publish","has-post-thumbnail","hentry","product_cat-kin","product_cat-szkolne-artykuly-plastyczne","product_tag-henryk","product_tag-kolorowanka-lol","product_tag-nasza-zima-zla-tekst","product_tag-wlochy","product_tag-znaczenie-imienia-alan"],"_links":{"self":[{"href":"http:\/\/klubmamgdynia.pl\/index.php\/wp-json\/wp\/v2\/product\/6081","targetHints":{"allow":["GET"]}}],"collection":[{"href":"http:\/\/klubmamgdynia.pl\/index.php\/wp-json\/wp\/v2\/product"}],"about":[{"href":"http:\/\/klubmamgdynia.pl\/index.php\/wp-json\/wp\/v2\/types\/product"}],"replies":[{"embeddable":true,"href":"http:\/\/klubmamgdynia.pl\/index.php\/wp-json\/wp\/v2\/comments?post=6081"}],"wp:featuredmedia":[{"embeddable":true,"href":"http:\/\/klubmamgdynia.pl\/index.php\/wp-json\/wp\/v2\/media\/6082"}],"wp:attachment":[{"href":"http:\/\/klubmamgdynia.pl\/index.php\/wp-json\/wp\/v2\/media?parent=6081"}],"wp:term":[{"taxonomy":"product_cat","embeddable":true,"href":"http:\/\/klubmamgdynia.pl\/index.php\/wp-json\/wp\/v2\/product_cat?post=6081"},{"taxonomy":"product_tag","embeddable":true,"href":"http:\/\/klubmamgdynia.pl\/index.php\/wp-json\/wp\/v2\/product_tag?post=6081"}],"curies":[{"name":"wp","href":"https:\/\/api.w.org\/{rel}","templated":true}]}}