{"id":6085,"date":"2019-08-27T14:07:17","date_gmt":"2019-08-27T12:07:17","guid":{"rendered":"http:\/\/klubmamgdynia.pl\/index.php\/produkt\/modelina-starpak-12-kolorow\/"},"modified":"2026-04-30T10:35:11","modified_gmt":"2026-04-30T08:35:11","slug":"modelina-starpak-12-kolorow","status":"publish","type":"product","link":"http:\/\/klubmamgdynia.pl\/index.php\/produkt\/modelina-starpak-12-kolorow\/","title":{"rendered":"Modelina Starpak 12 Kolor\u00f3w"},"content":{"rendered":"<p>Zestaw modelin w 12 \u017cywych kolorach. Modelina rozwija umiej\u0119tno\u015bci plastyczne i kreatywne my\u015blenie dziecka. Modelina ma idealn\u0105 konsystencj\u0119 i nie brudzi r\u0105k. Pude\u0142ko z grafik\u0105 przyjazn\u0105 dzieciom zach\u0119ca do tw\u00f3rczej zabawy i u\u0142atwia przechowywanie. W trosce o najwy\u017csz\u0105 jako\u015b\u0107 i bezpiecze\u0144stwo modelina jest produkowana w Polsce.Niewielk\u0105 porcj\u0119 modeliny ugniata\u0107 w d\u0142oniach do zmi\u0119kczenia. Utworzone kszta\u0142ty \u0142\u0105czy\u0107 ze sob\u0105 przez docisk. Kompozycje z innymi dodatkami (cekiny, guziki, koraliki) wykona\u0107 przed utwardzeniem. Nadany masie kszta\u0142t mo\u017cna utrwali\u0107 gotuj\u0105c w wodzie ok. 20-25 minut lub wygrzewaj\u0105c w temperaturze 120-140\u00b0C w czasie 10-15 minut. Po ostygni\u0119ciu wyroby z modeliny mo\u017cna malowa\u0107 farbami, lakierowa\u0107, posrebrza\u0107 itp. oraz nat\u0142uszcza\u0107 oliwk\u0105 w celu pog\u0142\u0119bienia koloru. Gotowy kszta\u0142t nale\u017cy przechowywa\u0107 z dala od \u017ar\u00f3d\u0142a ciep\u0142a i intensywnego \u015bwiat\u0142a s\u0142onecznego.Autor: Data premiery: 2021-07-23Strony: Rodzaj: Artyku\u0142y papierniczeOk\u0142adka: Format: 195x90x13&#8230;<\/p>\n<h2>Modelina Starpak 12 Kolor\u00f3w <\/h2>\n<p>co kupi\u0107 na roczek dla ch\u0142opca, kolorowanki do druku pokemon, origami kotek, mini zoo mazowieckie, wpad\u0142a bomba do piwnicy, dyplomy do wydrukowania a4, quiz o polsce dla dzieci, sentencje na dzie\u0144 nauczyciela, bajki dla niemowlakow<\/p>\n<p>yyyyy<\/p>\n<p>&nbsp;<\/p>\n","protected":false},"excerpt":{"rendered":"<p>Zestaw modelin w 12 \u017cywych kolorach. Modelina rozwija umiej\u0119tno\u015bci plastyczne i kreatywne my\u015blenie dziecka. Modelina ma idealn\u0105 konsystencj\u0119 i nie brudzi r\u0105k. Pude\u0142ko z grafik\u0105 przyjazn\u0105 dzieciom zach\u0119ca do tw\u00f3rczej zabawy i u\u0142atwia przechowywanie. W trosce o najwy\u017csz\u0105 jako\u015b\u0107 i bezpiecze\u0144stwo modelina jest produkowana w Polsce.Niewielk\u0105 porcj\u0119 modeliny ugniata\u0107 w d\u0142oniach do zmi\u0119kczenia. Utworzone kszta\u0142ty [&hellip;]<\/p>\n","protected":false},"featured_media":6086,"comment_status":"closed","ping_status":"open","template":"","meta":[],"product_cat":[297],"product_tag":[667,786,794],"class_list":["post-6085","product","type-product","status-publish","has-post-thumbnail","hentry","product_cat-szkolne-artykuly-plastyczne","product_tag-kolorowanka-lol","product_tag-prezent-na-1-urodziny","product_tag-test-opowiesci-z-narnii-lew-czarownica-i-stara-szafa-do-druku"],"_links":{"self":[{"href":"http:\/\/klubmamgdynia.pl\/index.php\/wp-json\/wp\/v2\/product\/6085","targetHints":{"allow":["GET"]}}],"collection":[{"href":"http:\/\/klubmamgdynia.pl\/index.php\/wp-json\/wp\/v2\/product"}],"about":[{"href":"http:\/\/klubmamgdynia.pl\/index.php\/wp-json\/wp\/v2\/types\/product"}],"replies":[{"embeddable":true,"href":"http:\/\/klubmamgdynia.pl\/index.php\/wp-json\/wp\/v2\/comments?post=6085"}],"wp:featuredmedia":[{"embeddable":true,"href":"http:\/\/klubmamgdynia.pl\/index.php\/wp-json\/wp\/v2\/media\/6086"}],"wp:attachment":[{"href":"http:\/\/klubmamgdynia.pl\/index.php\/wp-json\/wp\/v2\/media?parent=6085"}],"wp:term":[{"taxonomy":"product_cat","embeddable":true,"href":"http:\/\/klubmamgdynia.pl\/index.php\/wp-json\/wp\/v2\/product_cat?post=6085"},{"taxonomy":"product_tag","embeddable":true,"href":"http:\/\/klubmamgdynia.pl\/index.php\/wp-json\/wp\/v2\/product_tag?post=6085"}],"curies":[{"name":"wp","href":"https:\/\/api.w.org\/{rel}","templated":true}]}}