{"id":6087,"date":"2011-09-28T15:51:31","date_gmt":"2011-09-28T13:51:31","guid":{"rendered":"http:\/\/klubmamgdynia.pl\/index.php\/produkt\/starpak-kredki-woskowe-12-kolorow-pieski-397694\/"},"modified":"2026-05-17T22:08:27","modified_gmt":"2026-05-17T20:08:27","slug":"starpak-kredki-woskowe-12-kolorow-pieski-397694","status":"publish","type":"product","link":"http:\/\/klubmamgdynia.pl\/index.php\/produkt\/starpak-kredki-woskowe-12-kolorow-pieski-397694\/","title":{"rendered":"Starpak Kredki Woskowe 12 Kolor\u00f3w Pieski (397694)"},"content":{"rendered":"<p>Zestaw 12 kredek woskowych w \u017cywych barwach idealnych dla najm\u0142odszych artyst\u00f3w, kt\u00f3rzy dopiero zaczynaj\u0105 malowa\u0107. Nie \u0142ami\u0105 si\u0119 podczas rysowania ani strugania. Dobrze kryj\u0105 malowan\u0105 powierzchni\u0119.Zapakowane w kartonowe pude\u0142ko, kt\u00f3re u\u0142atwia przechowywanie.<\/p>\n<h2>Starpak Kredki Woskowe 12 Kolor\u00f3w Pieski (397694) Starpak<\/h2>\n<p>znaczenie imiona justyna, Keyword, kielich z hosti\u0105 do druku, stare bajki, cytaty o dziecku i mamie, opisy do zdj\u0119\u0107 dziecka, dyplomy do wydrukowania a4, anio\u0142ki w niebie pisz\u0105, \u015bwinka peppa kolorowanka, bajka do czytania, prezent na 1 urodziny dla dziewczynki, test magiczne drzewo czerwone krzes\u0142o, kolorowe kanapki kanapki dla dzieci, zagadki o zwierz\u0119tach dla dzieci, wzruszaj\u0105ce s\u0142owa dla przyjaci\u00f3\u0142ki, prezent dla dziecka na roczek<\/p>\n<p>yyyyy<\/p>\n<p>&nbsp;<\/p>\n","protected":false},"excerpt":{"rendered":"<p>Zestaw 12 kredek woskowych w \u017cywych barwach idealnych dla najm\u0142odszych artyst\u00f3w, kt\u00f3rzy dopiero zaczynaj\u0105 malowa\u0107. Nie \u0142ami\u0105 si\u0119 podczas rysowania ani strugania. Dobrze kryj\u0105 malowan\u0105 powierzchni\u0119.Zapakowane w kartonowe pude\u0142ko, kt\u00f3re u\u0142atwia przechowywanie. Starpak Kredki Woskowe 12 Kolor\u00f3w Pieski (397694) Starpak znaczenie imiona justyna, Keyword, kielich z hosti\u0105 do druku, stare bajki, cytaty o dziecku i [&hellip;]<\/p>\n","protected":false},"featured_media":6088,"comment_status":"closed","ping_status":"open","template":"","meta":[],"product_cat":[269,297],"product_tag":[656,780,810,643],"class_list":["post-6087","product","type-product","status-publish","has-post-thumbnail","hentry","product_cat-starpak","product_cat-szkolne-artykuly-plastyczne","product_tag-kolorowanki-lol","product_tag-krecik-bajka","product_tag-nauka-zegara-do-druku","product_tag-prezent-dla-17-latki"],"_links":{"self":[{"href":"http:\/\/klubmamgdynia.pl\/index.php\/wp-json\/wp\/v2\/product\/6087","targetHints":{"allow":["GET"]}}],"collection":[{"href":"http:\/\/klubmamgdynia.pl\/index.php\/wp-json\/wp\/v2\/product"}],"about":[{"href":"http:\/\/klubmamgdynia.pl\/index.php\/wp-json\/wp\/v2\/types\/product"}],"replies":[{"embeddable":true,"href":"http:\/\/klubmamgdynia.pl\/index.php\/wp-json\/wp\/v2\/comments?post=6087"}],"wp:featuredmedia":[{"embeddable":true,"href":"http:\/\/klubmamgdynia.pl\/index.php\/wp-json\/wp\/v2\/media\/6088"}],"wp:attachment":[{"href":"http:\/\/klubmamgdynia.pl\/index.php\/wp-json\/wp\/v2\/media?parent=6087"}],"wp:term":[{"taxonomy":"product_cat","embeddable":true,"href":"http:\/\/klubmamgdynia.pl\/index.php\/wp-json\/wp\/v2\/product_cat?post=6087"},{"taxonomy":"product_tag","embeddable":true,"href":"http:\/\/klubmamgdynia.pl\/index.php\/wp-json\/wp\/v2\/product_tag?post=6087"}],"curies":[{"name":"wp","href":"https:\/\/api.w.org\/{rel}","templated":true}]}}