{"id":609,"date":"2022-11-16T00:05:11","date_gmt":"2022-11-15T23:05:11","guid":{"rendered":"http:\/\/klubmamgdynia.pl\/?post_type=product&#038;p=609"},"modified":"2026-04-29T13:17:18","modified_gmt":"2026-04-29T11:17:18","slug":"haba-w-ogrodzie-4460","status":"publish","type":"product","link":"http:\/\/klubmamgdynia.pl\/index.php\/produkt\/haba-w-ogrodzie-4460\/","title":{"rendered":"Haba W Ogrodzie 4460"},"content":{"rendered":"<p>Haba Zbieramy Wi\u015bnie !Zestaw posiada plansz\u0119 z tr\u00f3jwymiarowym drzewkiem, kolorow\u0105 kostk\u0105, drewnianymi koszykami i owocami. Przeznaczona dla 1-4 ma\u0142ych pomocnik\u00f3w ogrodnika,zbieraj\u0105cego wi\u015bnie. Celem gry jest zape\u0142nienie \u0142ubianki wisienkami. Zestaw zawiera plansze z drzewkiem drewnianego kruka kostka \u0142ubianka wisienki 5 par karty 15 szt instrukcja do gryGra ca\u0142kowicie w j\u0119zyku polskim.<\/p>\n<h2>Haba W Ogrodzie 4460 Haba<\/h2>\n<p>imi\u0119 alan, kawal na prima aprilis, basen \u015bl\u0105sk, kolorowanki dla ch\u0142opc\u00f3w do druku, zagadki dla dzieci 6-7 lat online, co kupic dziewczynce na roczek, film rodzinny o \u015bwi\u0119tach, pomysl na prezent na roczek, lodowiska w warszawie, cytaty o dzieciach i rodzicach<\/p>\n<p>yyyyy<\/p>\n<p>&nbsp;<\/p>\n","protected":false},"excerpt":{"rendered":"<p>Haba Zbieramy Wi\u015bnie !Zestaw posiada plansz\u0119 z tr\u00f3jwymiarowym drzewkiem, kolorow\u0105 kostk\u0105, drewnianymi koszykami i owocami. Przeznaczona dla 1-4 ma\u0142ych pomocnik\u00f3w ogrodnika,zbieraj\u0105cego wi\u015bnie. Celem gry jest zape\u0142nienie \u0142ubianki wisienkami. Zestaw zawiera plansze z drzewkiem drewnianego kruka kostka \u0142ubianka wisienki 5 par karty 15 szt instrukcja do gryGra ca\u0142kowicie w j\u0119zyku polskim. Haba W Ogrodzie 4460 Haba [&hellip;]<\/p>\n","protected":false},"featured_media":610,"comment_status":"closed","ping_status":"open","template":"","meta":[],"product_cat":[130,232],"product_tag":[578,787,866,778,872,701],"class_list":["post-609","product","type-product","status-publish","has-post-thumbnail","hentry","product_cat-gry-dzieciece","product_cat-haba","product_tag-fajne-zarty-na-prima-aprilis","product_tag-nauka-pisania-wyrazow-dla-dzieci-do-druku-pdf","product_tag-opis-do-zdjecia-dziecka-na-fb","product_tag-zabawki-na-roczek-dla-chlopca","product_tag-zagadki-dla-dzieci-6-lat","product_tag-zgadywanki-dla-dzieci"],"_links":{"self":[{"href":"http:\/\/klubmamgdynia.pl\/index.php\/wp-json\/wp\/v2\/product\/609","targetHints":{"allow":["GET"]}}],"collection":[{"href":"http:\/\/klubmamgdynia.pl\/index.php\/wp-json\/wp\/v2\/product"}],"about":[{"href":"http:\/\/klubmamgdynia.pl\/index.php\/wp-json\/wp\/v2\/types\/product"}],"replies":[{"embeddable":true,"href":"http:\/\/klubmamgdynia.pl\/index.php\/wp-json\/wp\/v2\/comments?post=609"}],"wp:featuredmedia":[{"embeddable":true,"href":"http:\/\/klubmamgdynia.pl\/index.php\/wp-json\/wp\/v2\/media\/610"}],"wp:attachment":[{"href":"http:\/\/klubmamgdynia.pl\/index.php\/wp-json\/wp\/v2\/media?parent=609"}],"wp:term":[{"taxonomy":"product_cat","embeddable":true,"href":"http:\/\/klubmamgdynia.pl\/index.php\/wp-json\/wp\/v2\/product_cat?post=609"},{"taxonomy":"product_tag","embeddable":true,"href":"http:\/\/klubmamgdynia.pl\/index.php\/wp-json\/wp\/v2\/product_tag?post=609"}],"curies":[{"name":"wp","href":"https:\/\/api.w.org\/{rel}","templated":true}]}}