{"id":6095,"date":"2014-12-03T06:43:03","date_gmt":"2014-12-03T05:43:03","guid":{"rendered":"http:\/\/klubmamgdynia.pl\/index.php\/produkt\/ecarla-torba-do-wozka-plecak-organizer-dla-mamy-taty-3w1\/"},"modified":"2026-05-17T22:06:34","modified_gmt":"2026-05-17T20:06:34","slug":"ecarla-torba-do-wozka-plecak-organizer-dla-mamy-taty-3w1","status":"publish","type":"product","link":"http:\/\/klubmamgdynia.pl\/index.php\/produkt\/ecarla-torba-do-wozka-plecak-organizer-dla-mamy-taty-3w1\/","title":{"rendered":"Ecarla Torba Do W\u00f3zka Plecak Organizer Dla Mamy Taty 3W1"},"content":{"rendered":"<p>STYLOWY ELEGANCKI PLECAK TOREBKANiezb\u0119dny i niezwykle praktyczny przedmiot, na spacerach z dzieckiem oraz w podr\u00f3\u017cy___________________________________________Wszystko czego potrzebujesz:Uporz\u0105dkowane &#8211; nie b\u0119dziesz traci\u0107 czasu na niepotrzebne szukanie.Butelki, pampersy i inne akcesoria &#8211; teraz mo\u017cesz znale\u017a\u0107 wszystko bez zb\u0119dnego ba\u0142aganu &#8211; w jednym miejscuNa pozosta\u0142ych naszych aukcjach znajdziecie Pa\u0144stwo inne kolory plecak\u00f3w.Produkt zaprojektowany zosta\u0142 z my\u015bl\u0105 o rodzicach.Jest bardzo pojemnyPosiada specjalne przegr\u00f3dki, w kt\u00f3rych umie\u015bci\u0107 mo\u017cna butelki dla dziecka i b\u0119d\u0105 one stabilnie si\u0119 trzyma\u0107 w plecaku.\u015acianka od strony g\u0142\u00f3wnej komory jest usztywniana, dzi\u0119ki czemu plecak bardzo dobrze nosi si\u0119 na plecach.Ca\u0142o\u015b\u0107 wzmacniana jest usztywniaczami, przez co torba zachowuje \u0142adny kszta\u0142t, nawet gdy jest prze\u0142adowana.Zdj\u0119cia<\/p>\n<h2>Ecarla Torba Do W\u00f3zka Plecak Organizer Dla Mamy Taty 3W1 <\/h2>\n<p>quizy flagi, quizy flagi, prezenty na roczek, kreatywne zabawy dla 10 latka, basen dla dzieci warszawa, transformers kolorowanka, mi\u0142osz imie<\/p>\n<p>yyyyy<\/p>\n<p>&nbsp;<\/p>\n","protected":false},"excerpt":{"rendered":"<p>STYLOWY ELEGANCKI PLECAK TOREBKANiezb\u0119dny i niezwykle praktyczny przedmiot, na spacerach z dzieckiem oraz w podr\u00f3\u017cy___________________________________________Wszystko czego potrzebujesz:Uporz\u0105dkowane &#8211; nie b\u0119dziesz traci\u0107 czasu na niepotrzebne szukanie.Butelki, pampersy i inne akcesoria &#8211; teraz mo\u017cesz znale\u017a\u0107 wszystko bez zb\u0119dnego ba\u0142aganu &#8211; w jednym miejscuNa pozosta\u0142ych naszych aukcjach znajdziecie Pa\u0144stwo inne kolory plecak\u00f3w.Produkt zaprojektowany zosta\u0142 z my\u015bl\u0105 o rodzicach.Jest [&hellip;]<\/p>\n","protected":false},"featured_media":6096,"comment_status":"closed","ping_status":"open","template":"","meta":[],"product_cat":[127],"product_tag":[801,760],"class_list":["post-6095","product","type-product","status-publish","has-post-thumbnail","hentry","product_cat-akcesoria-do-wozkow","product_tag-bajki-terapeutyczne-o-emocjach","product_tag-zagadka-matematyczna"],"_links":{"self":[{"href":"http:\/\/klubmamgdynia.pl\/index.php\/wp-json\/wp\/v2\/product\/6095","targetHints":{"allow":["GET"]}}],"collection":[{"href":"http:\/\/klubmamgdynia.pl\/index.php\/wp-json\/wp\/v2\/product"}],"about":[{"href":"http:\/\/klubmamgdynia.pl\/index.php\/wp-json\/wp\/v2\/types\/product"}],"replies":[{"embeddable":true,"href":"http:\/\/klubmamgdynia.pl\/index.php\/wp-json\/wp\/v2\/comments?post=6095"}],"wp:featuredmedia":[{"embeddable":true,"href":"http:\/\/klubmamgdynia.pl\/index.php\/wp-json\/wp\/v2\/media\/6096"}],"wp:attachment":[{"href":"http:\/\/klubmamgdynia.pl\/index.php\/wp-json\/wp\/v2\/media?parent=6095"}],"wp:term":[{"taxonomy":"product_cat","embeddable":true,"href":"http:\/\/klubmamgdynia.pl\/index.php\/wp-json\/wp\/v2\/product_cat?post=6095"},{"taxonomy":"product_tag","embeddable":true,"href":"http:\/\/klubmamgdynia.pl\/index.php\/wp-json\/wp\/v2\/product_tag?post=6095"}],"curies":[{"name":"wp","href":"https:\/\/api.w.org\/{rel}","templated":true}]}}