{"id":6097,"date":"2015-12-26T03:40:03","date_gmt":"2015-12-26T02:40:03","guid":{"rendered":"http:\/\/klubmamgdynia.pl\/index.php\/produkt\/abc-design-avus-tin-classic-szary-spacerowy\/"},"modified":"2026-04-29T21:08:26","modified_gmt":"2026-04-29T19:08:26","slug":"abc-design-avus-tin-classic-szary-spacerowy","status":"publish","type":"product","link":"http:\/\/klubmamgdynia.pl\/index.php\/produkt\/abc-design-avus-tin-classic-szary-spacerowy\/","title":{"rendered":"ABC Design Avus Tin Classic Szary Spacerowy"},"content":{"rendered":"<p>Zwinny i wygodny w\u00f3zek Avus od marki ABC Design. Niezwykle lekki, praktyczny i wygodny w\u00f3zek, kt\u00f3ry jest r\u00f3wnie\u017c wyj\u0105tkowo zwrotny dzi\u0119ki obrotowym przednim ko\u0142om. Jego kompaktowa konstrukcja i prosta obs\u0142uga zapewniaj\u0105 mobilno\u015b\u0107 i elastyczno\u015b\u0107. Oparcie i podn\u00f3\u017cki spacer\u00f3wki Avus mo\u017cna \u0142atwo i szybko wyregulowa\u0107.<\/p>\n<h2>ABC Design Avus Tin Classic Szary Spacerowy ABC Design<\/h2>\n<p>cukierku ty \u0142obuzie test, trudne zagadki, zagadki dla 8 latka, kolorowanka wakacje, sentencje ma\u0142y ksi\u0105\u017ce cytaty, karty pracy dla dzieci z ukrainy do druku, podchwytliwe zagadki i odpowiedzi, bajka o dinozaurach do czytania, testy z lektury tajemniczy ogr\u00f3d, koty kolorowanki do druku, zabawy halloweenowe dla dzieci<\/p>\n<p>yyyyy<\/p>\n<p>&nbsp;<\/p>\n","protected":false},"excerpt":{"rendered":"<p>Zwinny i wygodny w\u00f3zek Avus od marki ABC Design. Niezwykle lekki, praktyczny i wygodny w\u00f3zek, kt\u00f3ry jest r\u00f3wnie\u017c wyj\u0105tkowo zwrotny dzi\u0119ki obrotowym przednim ko\u0142om. Jego kompaktowa konstrukcja i prosta obs\u0142uga zapewniaj\u0105 mobilno\u015b\u0107 i elastyczno\u015b\u0107. Oparcie i podn\u00f3\u017cki spacer\u00f3wki Avus mo\u017cna \u0142atwo i szybko wyregulowa\u0107. ABC Design Avus Tin Classic Szary Spacerowy ABC Design cukierku ty [&hellip;]<\/p>\n","protected":false},"featured_media":6098,"comment_status":"closed","ping_status":"open","template":"","meta":[],"product_cat":[1422,71],"product_tag":[658,836,706,606,712],"class_list":["post-6097","product","type-product","status-publish","has-post-thumbnail","hentry","product_cat-abc-design","product_cat-wozki-spacerowe","product_tag-alan-znaczenie-imienia","product_tag-co-kupic-dziecku-na-roczek","product_tag-imie-kuba","product_tag-stala-pod-sniegiem","product_tag-zagadki-o-zwierzetach"],"_links":{"self":[{"href":"http:\/\/klubmamgdynia.pl\/index.php\/wp-json\/wp\/v2\/product\/6097","targetHints":{"allow":["GET"]}}],"collection":[{"href":"http:\/\/klubmamgdynia.pl\/index.php\/wp-json\/wp\/v2\/product"}],"about":[{"href":"http:\/\/klubmamgdynia.pl\/index.php\/wp-json\/wp\/v2\/types\/product"}],"replies":[{"embeddable":true,"href":"http:\/\/klubmamgdynia.pl\/index.php\/wp-json\/wp\/v2\/comments?post=6097"}],"wp:featuredmedia":[{"embeddable":true,"href":"http:\/\/klubmamgdynia.pl\/index.php\/wp-json\/wp\/v2\/media\/6098"}],"wp:attachment":[{"href":"http:\/\/klubmamgdynia.pl\/index.php\/wp-json\/wp\/v2\/media?parent=6097"}],"wp:term":[{"taxonomy":"product_cat","embeddable":true,"href":"http:\/\/klubmamgdynia.pl\/index.php\/wp-json\/wp\/v2\/product_cat?post=6097"},{"taxonomy":"product_tag","embeddable":true,"href":"http:\/\/klubmamgdynia.pl\/index.php\/wp-json\/wp\/v2\/product_tag?post=6097"}],"curies":[{"name":"wp","href":"https:\/\/api.w.org\/{rel}","templated":true}]}}