{"id":6101,"date":"2021-03-31T08:06:30","date_gmt":"2021-03-31T06:06:30","guid":{"rendered":"http:\/\/klubmamgdynia.pl\/index.php\/produkt\/patio-marvel-spider-man-marvel-avengers-dlugopis-wymazywalny-automatyczny-57905ptr\/"},"modified":"2026-04-04T08:22:01","modified_gmt":"2026-04-04T06:22:01","slug":"patio-marvel-spider-man-marvel-avengers-dlugopis-wymazywalny-automatyczny-57905ptr","status":"publish","type":"product","link":"http:\/\/klubmamgdynia.pl\/index.php\/produkt\/patio-marvel-spider-man-marvel-avengers-dlugopis-wymazywalny-automatyczny-57905ptr\/","title":{"rendered":"Patio Marvel Spider-Man Marvel Avengers D\u0142ugopis Wymazywalny Automatyczny 57905Ptr"},"content":{"rendered":"<p>D\u0142ugopis wymazywalny, automatyczny. Mix wzor\u00f3w. Wz\u00f3r wysy\u0142any losowo. Cena dotyczy 1 sztuki.<\/p>\n<h2>Patio Marvel Spider-Man Marvel Avengers D\u0142ugopis Wymazywalny Automatyczny 57905Ptr Patio<\/h2>\n<p>julian znaczenie imienia, kolorowanki uk\u0142ad s\u0142oneczny, papugi do druku, najtrudniejsze zagadki, mi\u0142osz imie, zagadki dla doros\u0142ych z odpowiedziami, celina, cytat na dzie\u0144 matki, filmy disneya, kuku\u0142eczka kuka tekst, karaluchy pod poduchy, halszka, ciekawe miejsca w warszawie dla m\u0142odzie\u017cy, prezent dla ch\u0142opca na roczek, co kupic na roczek, kolorowanki do pobrania, konkurencje sportowe dla dzieci, malowanka do druku<\/p>\n<p>yyyyy<\/p>\n<p>&nbsp;<\/p>\n","protected":false},"excerpt":{"rendered":"<p>D\u0142ugopis wymazywalny, automatyczny. Mix wzor\u00f3w. Wz\u00f3r wysy\u0142any losowo. Cena dotyczy 1 sztuki. Patio Marvel Spider-Man Marvel Avengers D\u0142ugopis Wymazywalny Automatyczny 57905Ptr Patio julian znaczenie imienia, kolorowanki uk\u0142ad s\u0142oneczny, papugi do druku, najtrudniejsze zagadki, mi\u0142osz imie, zagadki dla doros\u0142ych z odpowiedziami, celina, cytat na dzie\u0144 matki, filmy disneya, kuku\u0142eczka kuka tekst, karaluchy pod poduchy, halszka, ciekawe [&hellip;]<\/p>\n","protected":false},"featured_media":6102,"comment_status":"closed","ping_status":"open","template":"","meta":[],"product_cat":[1399,962],"product_tag":[784,638,745,698,724],"class_list":["post-6101","product","type-product","status-publish","has-post-thumbnail","hentry","product_cat-patio","product_cat-szkolne-przybory-do-pisania","product_tag-hymn-gorniczy","product_tag-miastodzieci","product_tag-prezent-dla-15-latki","product_tag-zagadki-dla-przedszkolakow","product_tag-zagadki-podchwytliwe"],"_links":{"self":[{"href":"http:\/\/klubmamgdynia.pl\/index.php\/wp-json\/wp\/v2\/product\/6101","targetHints":{"allow":["GET"]}}],"collection":[{"href":"http:\/\/klubmamgdynia.pl\/index.php\/wp-json\/wp\/v2\/product"}],"about":[{"href":"http:\/\/klubmamgdynia.pl\/index.php\/wp-json\/wp\/v2\/types\/product"}],"replies":[{"embeddable":true,"href":"http:\/\/klubmamgdynia.pl\/index.php\/wp-json\/wp\/v2\/comments?post=6101"}],"wp:featuredmedia":[{"embeddable":true,"href":"http:\/\/klubmamgdynia.pl\/index.php\/wp-json\/wp\/v2\/media\/6102"}],"wp:attachment":[{"href":"http:\/\/klubmamgdynia.pl\/index.php\/wp-json\/wp\/v2\/media?parent=6101"}],"wp:term":[{"taxonomy":"product_cat","embeddable":true,"href":"http:\/\/klubmamgdynia.pl\/index.php\/wp-json\/wp\/v2\/product_cat?post=6101"},{"taxonomy":"product_tag","embeddable":true,"href":"http:\/\/klubmamgdynia.pl\/index.php\/wp-json\/wp\/v2\/product_tag?post=6101"}],"curies":[{"name":"wp","href":"https:\/\/api.w.org\/{rel}","templated":true}]}}