{"id":6103,"date":"2025-07-04T06:26:15","date_gmt":"2025-07-04T04:26:15","guid":{"rendered":"http:\/\/klubmamgdynia.pl\/?post_type=product&#038;p=6103"},"modified":"2026-04-05T15:03:49","modified_gmt":"2026-04-05T13:03:49","slug":"little-dutch-zestaw-aut-karetka-policja-woz-strazacki","status":"publish","type":"product","link":"http:\/\/klubmamgdynia.pl\/index.php\/produkt\/little-dutch-zestaw-aut-karetka-policja-woz-strazacki\/","title":{"rendered":"Little Dutch Zestaw aut Karetka Policja W\u00f3z stra\u017cacki"},"content":{"rendered":"<p>Zestaw aut sk\u0142ada si\u0119 z karetki pogotowia, samochodu policyjnego i wozu stra\u017cackiego, wykonanych z mocnego drewna. Dzi\u0119ki tym specjalnym pojazdom dzieci ucz\u0105 si\u0119 wsp\u00f3\u0142pracowa\u0107 poprzez odgrywanie r\u00f3l i oferowa\u0107 pomoc innym. Zapakowany w pi\u0119kne opakowanie z szybk\u0105, idealny na prezent. \u0141atwy i wygodny do chwytania przez ma\u0142e r\u0105czki.Little Dutch to holenderska firma rodzinna, prowadzona przez ma\u0142\u017ce\u0144stwo, kt\u00f3re wk\u0142ada ca\u0142e serce w tworzenie produkt\u00f3w dla najm\u0142odszych. W ofercie marki znajduj\u0105 si\u0119 doskona\u0142ej jako\u015bci tekstylia, produkowane z bawe\u0142ny organicznej z certyfikatem Oeko-tex, takie jak r\u0119czniki, \u015bpiworki do spania, otulacze, akcesoria do pokoik\u00f3w dzieci\u0119cych oraz zabawki sensoryczne dla niemowl\u0105t, jak r\u00f3wnie\u017c zabawki, czy pojazdy wytwarzane z drewna. Produkty Little Dutch cechuje spokojna, pastelowa kolorystyka.Wiek: rekomendowany od 12-go miesi\u0105caInstrukcja prania: wyciera\u0107 lekko wilgotn\u0105 szmatk\u0105.<\/p>\n<h2>Little Dutch Zestaw aut Karetka Policja W\u00f3z stra\u017cacki Little Dutch<\/h2>\n<p>rymowanki o pisankach, jeremi, tulipany kolorowanki, kolorowanki lato, zagadki \u015bmieszne dla dzieci, miasto dzieci<\/p>\n<p>yyyyy<\/p>\n<p>&nbsp;<\/p>\n","protected":false},"excerpt":{"rendered":"<p>Zestaw aut sk\u0142ada si\u0119 z karetki pogotowia, samochodu policyjnego i wozu stra\u017cackiego, wykonanych z mocnego drewna. Dzi\u0119ki tym specjalnym pojazdom dzieci ucz\u0105 si\u0119 wsp\u00f3\u0142pracowa\u0107 poprzez odgrywanie r\u00f3l i oferowa\u0107 pomoc innym. Zapakowany w pi\u0119kne opakowanie z szybk\u0105, idealny na prezent. \u0141atwy i wygodny do chwytania przez ma\u0142e r\u0105czki.Little Dutch to holenderska firma rodzinna, prowadzona przez [&hellip;]<\/p>\n","protected":false},"featured_media":6104,"comment_status":"closed","ping_status":"open","template":"","meta":[],"product_cat":[83,167],"product_tag":[837,654,614,774,717],"class_list":["post-6103","product","type-product","status-publish","has-post-thumbnail","hentry","product_cat-auta-i-inne-pojazdy-do-zabawy","product_cat-little-dutch","product_tag-cicha-noc-po-angielsku","product_tag-krotkie-bajki-dla-dzieci-do-czytania","product_tag-pia","product_tag-prezent-na-roczek-nie-zabawka","product_tag-prezent-roczek"],"_links":{"self":[{"href":"http:\/\/klubmamgdynia.pl\/index.php\/wp-json\/wp\/v2\/product\/6103","targetHints":{"allow":["GET"]}}],"collection":[{"href":"http:\/\/klubmamgdynia.pl\/index.php\/wp-json\/wp\/v2\/product"}],"about":[{"href":"http:\/\/klubmamgdynia.pl\/index.php\/wp-json\/wp\/v2\/types\/product"}],"replies":[{"embeddable":true,"href":"http:\/\/klubmamgdynia.pl\/index.php\/wp-json\/wp\/v2\/comments?post=6103"}],"wp:featuredmedia":[{"embeddable":true,"href":"http:\/\/klubmamgdynia.pl\/index.php\/wp-json\/wp\/v2\/media\/6104"}],"wp:attachment":[{"href":"http:\/\/klubmamgdynia.pl\/index.php\/wp-json\/wp\/v2\/media?parent=6103"}],"wp:term":[{"taxonomy":"product_cat","embeddable":true,"href":"http:\/\/klubmamgdynia.pl\/index.php\/wp-json\/wp\/v2\/product_cat?post=6103"},{"taxonomy":"product_tag","embeddable":true,"href":"http:\/\/klubmamgdynia.pl\/index.php\/wp-json\/wp\/v2\/product_tag?post=6103"}],"curies":[{"name":"wp","href":"https:\/\/api.w.org\/{rel}","templated":true}]}}