{"id":6105,"date":"2013-12-04T09:57:22","date_gmt":"2013-12-04T08:57:22","guid":{"rendered":"http:\/\/klubmamgdynia.pl\/index.php\/produkt\/7a-m-spiworek-do-wozka-i-fotelika-blanket-212-evolution-srebrny-metalik-metallic-silver\/"},"modified":"2026-04-06T13:32:06","modified_gmt":"2026-04-06T11:32:06","slug":"7a-m-spiworek-do-wozka-i-fotelika-blanket-212-evolution-srebrny-metalik-metallic-silver","status":"publish","type":"product","link":"http:\/\/klubmamgdynia.pl\/index.php\/produkt\/7a-m-spiworek-do-wozka-i-fotelika-blanket-212-evolution-srebrny-metalik-metallic-silver\/","title":{"rendered":"7A.M. \u015aPIWOREK DO WOZKA I FOTELIKA BLANKET 212 EVOLUTION SREBRNY METALIK METALLIC SILVER"},"content":{"rendered":"<p>Wyprodukowany przez firm\u0119 7AM \u015bpiworek do w\u00f3zka dopracowano w ka\u017cdym szczeg\u00f3le. Jest bardzo ciep\u0142y i wygodny, dlatego doskonale sprawdzi si\u0119 w jesienne i zimowe dni. Otuli i ochroni dziecko przed zimnem, wiatrem, \u015bniegiem i deszczem. Pasuje do ka\u017cdego w\u00f3zka. Spo\u015br\u00f3d innych \u015bpiwork\u00f3w wyr\u00f3\u017cnia go pomys\u0142owy kr\u00f3j. Z pomoc\u0105 dopinanych segment\u00f3w mo\u017cna dopasowa\u0107 rozmiar \u015bpiworka do wzrostu dziecka. Jest odpowiedni dla dzieci w wieku od 6 miesi\u0119cy do 4 lat.\u2013 Pasuje do ka\u017cdego w\u00f3zka.\u2013 Odpowiedni dla dzieci w wieku od 6 miesi\u0119cy do 4 lat.\u2013 \u015apiworek rosn\u0105cy z dzieckiem. Jego d\u0142ugo\u015b\u0107 mo\u017cna regulowa\u0107 z pomoc\u0105 dw\u00f3ch dopinanych segment\u00f3w przed\u0142u\u017caj\u0105cych, szeroko\u015b\u0107 za\u015b dzi\u0119ki podw\u00f3jnemu suwakowi.\u2013 Odczepiany panel tylny \u015bpiworka umo\u017cliwia dost\u0119p do pi\u0119ciopunktowych pas\u00f3w fotelika samochodowego.*\u2013 Du\u017ca, pojemna kiesze\u0144.\u2013 Wiatro- i wodoodporny materia\u0142 zewn\u0119trzny\u2013 Wyj\u0105tkowo mi\u0119kkie wype\u0142nienie wysokiej jako\u015bci.\u2013 Mi\u0142a w dotyku podszewka z pluszu.\u2013 Zapewnia dziecku komfort termiczny do temperatury \u221220\u00b0C.\u2013 Mo\u017cna pra\u0107 w pralce. Suszy\u0107 w suszarce b\u0119bnowej, w niskiej temperaturze. Nie wybiela\u0107. Nie czy\u015bci\u0107 chemicznie. Nie prasowa\u0107.\u2013 Wymiary: 101cm x 43 cm.<\/p>\n<h2>7A.M. \u015aPIWOREK DO WOZKA I FOTELIKA BLANKET 212 EVOLUTION SREBRNY METALIK METALLIC SILVER 7Am<\/h2>\n<p>opowiadanie o jesieni dla dzieci, prima aprilis pomys\u0142y, prezent na pierwsze urodziny, choinko pi\u0119kna jak las tekst, karty pracy dla dzieci z ukrainy do druku, pytania o \u015bwi\u0119ta dla dzieci, s\u0142oneczko, sa\u0142atki dla dzieci, wz\u00f3r dyplomu do pobrania, zagadki z odpowiedziami, milosc do dzieci, bajka o biedronce, quiz o miko\u0142ajku, leon imi\u0119, jak narysowa\u0107 koty, pomys\u0142 na prezent na roczek, wy\u015bcig but\u00f3w, zagadki dla m\u0142odzie\u017cy, po\u0142\u0105cz kropki do druku \u0142atwe, bajki na dobranoc, halloween dla dzieci 2021<\/p>\n<p>yyyyy<\/p>\n<p>&nbsp;<\/p>\n","protected":false},"excerpt":{"rendered":"<p>Wyprodukowany przez firm\u0119 7AM \u015bpiworek do w\u00f3zka dopracowano w ka\u017cdym szczeg\u00f3le. Jest bardzo ciep\u0142y i wygodny, dlatego doskonale sprawdzi si\u0119 w jesienne i zimowe dni. Otuli i ochroni dziecko przed zimnem, wiatrem, \u015bniegiem i deszczem. Pasuje do ka\u017cdego w\u00f3zka. Spo\u015br\u00f3d innych \u015bpiwork\u00f3w wyr\u00f3\u017cnia go pomys\u0142owy kr\u00f3j. Z pomoc\u0105 dopinanych segment\u00f3w mo\u017cna dopasowa\u0107 rozmiar \u015bpiworka do [&hellip;]<\/p>\n","protected":false},"featured_media":6106,"comment_status":"closed","ping_status":"open","template":"","meta":[],"product_cat":[1423,127],"product_tag":[686,689,866,687,804,857],"class_list":["post-6105","product","type-product","status-publish","has-post-thumbnail","hentry","product_cat-7am","product_cat-akcesoria-do-wozkow","product_tag-co-na-roczek-dla-chlopca","product_tag-linda","product_tag-opis-do-zdjecia-dziecka-na-fb","product_tag-podchwytliwe-zagadki-matematyczne","product_tag-ryz-z-owocami","product_tag-zagadki-dla-dzieci-7-8-lat"],"_links":{"self":[{"href":"http:\/\/klubmamgdynia.pl\/index.php\/wp-json\/wp\/v2\/product\/6105","targetHints":{"allow":["GET"]}}],"collection":[{"href":"http:\/\/klubmamgdynia.pl\/index.php\/wp-json\/wp\/v2\/product"}],"about":[{"href":"http:\/\/klubmamgdynia.pl\/index.php\/wp-json\/wp\/v2\/types\/product"}],"replies":[{"embeddable":true,"href":"http:\/\/klubmamgdynia.pl\/index.php\/wp-json\/wp\/v2\/comments?post=6105"}],"wp:featuredmedia":[{"embeddable":true,"href":"http:\/\/klubmamgdynia.pl\/index.php\/wp-json\/wp\/v2\/media\/6106"}],"wp:attachment":[{"href":"http:\/\/klubmamgdynia.pl\/index.php\/wp-json\/wp\/v2\/media?parent=6105"}],"wp:term":[{"taxonomy":"product_cat","embeddable":true,"href":"http:\/\/klubmamgdynia.pl\/index.php\/wp-json\/wp\/v2\/product_cat?post=6105"},{"taxonomy":"product_tag","embeddable":true,"href":"http:\/\/klubmamgdynia.pl\/index.php\/wp-json\/wp\/v2\/product_tag?post=6105"}],"curies":[{"name":"wp","href":"https:\/\/api.w.org\/{rel}","templated":true}]}}