{"id":6107,"date":"2018-05-26T17:42:18","date_gmt":"2018-05-26T15:42:18","guid":{"rendered":"http:\/\/klubmamgdynia.pl\/index.php\/produkt\/wolfcraft-2-w-1-regulowany-przymiar-6948000\/"},"modified":"2026-04-30T13:34:52","modified_gmt":"2026-04-30T11:34:52","slug":"wolfcraft-2-w-1-regulowany-przymiar-6948000","status":"publish","type":"product","link":"http:\/\/klubmamgdynia.pl\/index.php\/produkt\/wolfcraft-2-w-1-regulowany-przymiar-6948000\/","title":{"rendered":"Wolfcraft 2 W 1 &#8211; Regulowany Przymiar 6948000"},"content":{"rendered":"<p>WOLFCRAFT 2 w 1 &#8211; 6948000<\/p>\n<p>Przymiar regulowany i<br \/>\nskrzynka uciosowa w jednym. Narz\u0119dzie do pi\u0142owania dok\u0142adnych skos\u00f3w, mierzenia<br \/>\nk\u0105t\u00f3w w zakresie 85 \u2013 180\u00b0. Automatyczne odwzorowywanie k\u0105t\u00f3w pomieszcze\u0144 i<br \/>\nwyznaczanie prawid\u0142owych k\u0105t\u00f3w ci\u0119cia pi\u0142\u0105 r\u0119czn\u0105 dzi\u0119ki wbudowanym bolcom do prowadzenia<br \/>\nbrzeszczotu pi\u0142y (ci\u0119cia uko\u015bne).                            <\/p>\n<p>do mierzenia k\u0105t\u00f3w w zakresie<br \/>\n85 &#8211; 180\u00b0<br \/>\nmax. wysoko\u015b\u0107 listwy przypod\u0142ogowe: 70 mm<br \/>\nwygodny pomiar i odczyt k\u0105t\u00f3w w pomieszczeniu<br \/>\nszczeg\u00f3lnie przydatny podczas dokonywania pomiar\u00f3w k\u0105t\u00f3w w<br \/>\nstarym budownictwie dzi\u0119ki p\u0142ynnej regulacji ramion w zakresie 85\u00b0\u2013180\u00b0<br \/>\nkoniec problem\u00f3w z ustaleniem w\u0142a\u015bciwego k\u0105ta ci\u0119cia<br \/>\nprodukt uzupe\u0142aniaj\u0105cy(do zakupienia osobno): WF6950000 \/<br \/>\npi\u0142a r\u0119czna<\/p>\n<h2>Wolfcraft 2 W 1 &#8211; Regulowany Przymiar 6948000 Wolfcraft<\/h2>\n<p>ostatni dzwonek tekst, planety uk\u0142ad s\u0142oneczny dla dzieci do druku, quiz online, prezent dla 7 latka, dzie\u0144 nauczyciela cytaty, prezent dla dziecka na roczek, kwiecie\u0144 plecie\u0144 wiersz, nietypowe imiona damskie, dobranoc zimowo, zagadki z odpowiedziami dla dzieci, ja\u015bmina imie, zagatki, lodowiska w warszawie, cytaty o dzieciach i rodzicach, lato lato lato czeka tekst, zagadki dla 3 latka, miasto dzieci, psi patrol kolorowanki, test z lektury ania z zielonego wzg\u00f3rza klasa 6 z odpowiedziami, kolorowanki minecraft<\/p>\n<p>yyyyy<\/p>\n<p>&nbsp;<\/p>\n","protected":false},"excerpt":{"rendered":"<p>WOLFCRAFT 2 w 1 &#8211; 6948000 Przymiar regulowany i skrzynka uciosowa w jednym. Narz\u0119dzie do pi\u0142owania dok\u0142adnych skos\u00f3w, mierzenia k\u0105t\u00f3w w zakresie 85 \u2013 180\u00b0. Automatyczne odwzorowywanie k\u0105t\u00f3w pomieszcze\u0144 i wyznaczanie prawid\u0142owych k\u0105t\u00f3w ci\u0119cia pi\u0142\u0105 r\u0119czn\u0105 dzi\u0119ki wbudowanym bolcom do prowadzenia brzeszczotu pi\u0142y (ci\u0119cia uko\u015bne). do mierzenia k\u0105t\u00f3w w zakresie 85 &#8211; 180\u00b0 max. wysoko\u015b\u0107 [&hellip;]<\/p>\n","protected":false},"featured_media":6108,"comment_status":"closed","ping_status":"open","template":"","meta":[],"product_cat":[1411,1424],"product_tag":[863,687,621,876,595],"class_list":["post-6107","product","type-product","status-publish","has-post-thumbnail","hentry","product_cat-pozostale-narzedzia-reczne-do-ogrodu","product_cat-wolfcraft","product_tag-bajki-dla-dziewczynek","product_tag-podchwytliwe-zagadki-matematyczne","product_tag-prezenty-roczek","product_tag-przyjazn","product_tag-zagadki-dla-6-latka"],"_links":{"self":[{"href":"http:\/\/klubmamgdynia.pl\/index.php\/wp-json\/wp\/v2\/product\/6107","targetHints":{"allow":["GET"]}}],"collection":[{"href":"http:\/\/klubmamgdynia.pl\/index.php\/wp-json\/wp\/v2\/product"}],"about":[{"href":"http:\/\/klubmamgdynia.pl\/index.php\/wp-json\/wp\/v2\/types\/product"}],"replies":[{"embeddable":true,"href":"http:\/\/klubmamgdynia.pl\/index.php\/wp-json\/wp\/v2\/comments?post=6107"}],"wp:featuredmedia":[{"embeddable":true,"href":"http:\/\/klubmamgdynia.pl\/index.php\/wp-json\/wp\/v2\/media\/6108"}],"wp:attachment":[{"href":"http:\/\/klubmamgdynia.pl\/index.php\/wp-json\/wp\/v2\/media?parent=6107"}],"wp:term":[{"taxonomy":"product_cat","embeddable":true,"href":"http:\/\/klubmamgdynia.pl\/index.php\/wp-json\/wp\/v2\/product_cat?post=6107"},{"taxonomy":"product_tag","embeddable":true,"href":"http:\/\/klubmamgdynia.pl\/index.php\/wp-json\/wp\/v2\/product_tag?post=6107"}],"curies":[{"name":"wp","href":"https:\/\/api.w.org\/{rel}","templated":true}]}}