{"id":6109,"date":"2020-07-09T17:13:18","date_gmt":"2020-07-09T15:13:18","guid":{"rendered":"http:\/\/klubmamgdynia.pl\/index.php\/produkt\/classic-world-instrument-muzyczny-jajko-dla-dzieci\/"},"modified":"2026-04-29T10:47:46","modified_gmt":"2026-04-29T08:47:46","slug":"classic-world-instrument-muzyczny-jajko-dla-dzieci","status":"publish","type":"product","link":"http:\/\/klubmamgdynia.pl\/index.php\/produkt\/classic-world-instrument-muzyczny-jajko-dla-dzieci\/","title":{"rendered":"CLASSIC WORLD Instrument Muzyczny Jajko dla Dzieci"},"content":{"rendered":"<p>Jajko od renomowanej marki Classic World to idealna zabawka na pocz\u0105tek muzycznej podr\u00f3\u017cy Twojego dziecka. Jajko jest \u0142atwe w obs\u0142udze i doskonale dopasowane rozmiarami do ma\u0142ej d\u0142oni. Ponadto ich d\u017awi\u0119k, wydobywany dzi\u0119ki potrz\u0105saniu, jest wyj\u0105tkowo przyjemny dla ucha. Zabawka pomo\u017ce \u0107wiczy\u0107 zdolno\u015bci manualne i s\u0142uchowe twojej pociechy oraz wzmocni naturalne poczucie rytmu.Charakterystyka:- od 3 roku \u017cycia- Kszta\u0142ty owalny sprawia \u017ce grzechotka jest bezpieczeniejsza dla dzieci, poniewa\u017c nie ma standardowego pa\u0142\u0105ka do chwytania.- produkt dla dzieci przeznaczony donauki muzyki- idealny na pierwszy instrument- pomoc w rozwoju talentu muzycznegoi pasji- drewniane produkty pomalowane nie toksycznymi farbami- brak ostrych kraw\u0119dzi- wykonany z najwy\u017cszej jako\u015bci materia\u0142\u00f3w, jak dla profesjonalnego instrumentuZabawka rozwija:- koordynacj\u0119 s\u0142uchow\u0105- zdolno\u015bci zr\u0119czno\u015bciowe- naturalne poczucie rytmu- wyobra\u017ani\u0119Wymiary produktu: wys 8 x \u015brednica 5 (cm)Eko zabawki skierowane s\u0105 ju\u017c dla najm\u0142odszych dzieci, kt\u00f3re wykonuje si\u0119 z ca\u0142kowicie naturalnych, biodegradowalnych oraz hipoalergicznych materia\u0142\u00f3w, dzi\u0119ki czemu s\u0105 one w stu procentach bezpieczne i nieszkodliwe nie tylko dla samego \u015brodowiska, ale tak\u017ce i dla Twojej pociechy.<\/p>\n<h2>CLASSIC WORLD Instrument Muzyczny Jajko dla Dzieci Classic World<\/h2>\n<p>trudne zagadki z odpowiedziami, z\u0142ote my\u015bli kubu\u015b puchatek cytaty, zagadki dla 7 latk\u00f3w, misie z bajek<\/p>\n<p>yyyyy<\/p>\n<p>&nbsp;<\/p>\n","protected":false},"excerpt":{"rendered":"<p>Jajko od renomowanej marki Classic World to idealna zabawka na pocz\u0105tek muzycznej podr\u00f3\u017cy Twojego dziecka. Jajko jest \u0142atwe w obs\u0142udze i doskonale dopasowane rozmiarami do ma\u0142ej d\u0142oni. Ponadto ich d\u017awi\u0119k, wydobywany dzi\u0119ki potrz\u0105saniu, jest wyj\u0105tkowo przyjemny dla ucha. Zabawka pomo\u017ce \u0107wiczy\u0107 zdolno\u015bci manualne i s\u0142uchowe twojej pociechy oraz wzmocni naturalne poczucie rytmu.Charakterystyka:- od 3 roku [&hellip;]<\/p>\n","protected":false},"featured_media":6110,"comment_status":"closed","ping_status":"open","template":"","meta":[],"product_cat":[1409,155],"product_tag":[780,638,856,665,695],"class_list":["post-6109","product","type-product","status-publish","has-post-thumbnail","hentry","product_cat-classic-world","product_cat-zabawki-muzyczne","product_tag-krecik-bajka","product_tag-miastodzieci","product_tag-prezent-dla-16-latki","product_tag-proste-zagadki","product_tag-rzadkie-imiona-zenskie"],"_links":{"self":[{"href":"http:\/\/klubmamgdynia.pl\/index.php\/wp-json\/wp\/v2\/product\/6109","targetHints":{"allow":["GET"]}}],"collection":[{"href":"http:\/\/klubmamgdynia.pl\/index.php\/wp-json\/wp\/v2\/product"}],"about":[{"href":"http:\/\/klubmamgdynia.pl\/index.php\/wp-json\/wp\/v2\/types\/product"}],"replies":[{"embeddable":true,"href":"http:\/\/klubmamgdynia.pl\/index.php\/wp-json\/wp\/v2\/comments?post=6109"}],"wp:featuredmedia":[{"embeddable":true,"href":"http:\/\/klubmamgdynia.pl\/index.php\/wp-json\/wp\/v2\/media\/6110"}],"wp:attachment":[{"href":"http:\/\/klubmamgdynia.pl\/index.php\/wp-json\/wp\/v2\/media?parent=6109"}],"wp:term":[{"taxonomy":"product_cat","embeddable":true,"href":"http:\/\/klubmamgdynia.pl\/index.php\/wp-json\/wp\/v2\/product_cat?post=6109"},{"taxonomy":"product_tag","embeddable":true,"href":"http:\/\/klubmamgdynia.pl\/index.php\/wp-json\/wp\/v2\/product_tag?post=6109"}],"curies":[{"name":"wp","href":"https:\/\/api.w.org\/{rel}","templated":true}]}}