{"id":611,"date":"2013-02-12T02:56:29","date_gmt":"2013-02-12T01:56:29","guid":{"rendered":"http:\/\/klubmamgdynia.pl\/index.php\/produkt\/mam-bite-relax-phase-2-gryzak-mini-4m-rozowy\/"},"modified":"2026-04-29T18:57:24","modified_gmt":"2026-04-29T16:57:24","slug":"mam-bite-relax-phase-2-gryzak-mini-4m-rozowy","status":"publish","type":"product","link":"http:\/\/klubmamgdynia.pl\/index.php\/produkt\/mam-bite-relax-phase-2-gryzak-mini-4m-rozowy\/","title":{"rendered":"Mam Bite &amp; Relax Phase 2 Gryzak Mini 4M+ R\u00f3\u017cowy"},"content":{"rendered":"<p>Minigryzak specjalnie zaprojektowany dla dzieci w drugiej fazie z\u0105bkowania, przeznaczony do z\u0119b\u00f3w trzonowych. &#8211; Ultralekki minigryzak o innowacyjnym kszta\u0142cie 3D, pobudza dziecko do \u0107wiczenia precyzyjnych ruch\u00f3w. &#8211; 4 struktury powierzchni i 2 rodzaje materia\u0142u delikatnie masuj\u0105 dzi\u0105s\u0142a i zapewniaj\u0105 urozmaicenie podczas gryzienia. Idealny poza domem!<\/p>\n<h2>Mam Bite &amp; Relax Phase 2 Gryzak Mini 4M+ R\u00f3\u017cowy MAM<\/h2>\n<p>kwiatek kwiaty do druku szablony, zagadki dla starszych dzieci, pierwsze urodziny prezent na roczek dla dziewczynki, pola imie, iwo, atrakcje dla dzieci wroclaw, prezent dla pi\u0119tnastolatka, test asiunia joanna papuzi\u0144ska, cytat dla mamy, quiz o akademii pana kleksa<\/p>\n<p>yyyyy<\/p>\n<p>&nbsp;<\/p>\n","protected":false},"excerpt":{"rendered":"<p>Minigryzak specjalnie zaprojektowany dla dzieci w drugiej fazie z\u0105bkowania, przeznaczony do z\u0119b\u00f3w trzonowych. &#8211; Ultralekki minigryzak o innowacyjnym kszta\u0142cie 3D, pobudza dziecko do \u0107wiczenia precyzyjnych ruch\u00f3w. &#8211; 4 struktury powierzchni i 2 rodzaje materia\u0142u delikatnie masuj\u0105 dzi\u0105s\u0142a i zapewniaj\u0105 urozmaicenie podczas gryzienia. Idealny poza domem! Mam Bite &amp; Relax Phase 2 Gryzak Mini 4M+ R\u00f3\u017cowy [&hellip;]<\/p>\n","protected":false},"featured_media":612,"comment_status":"closed","ping_status":"open","template":"","meta":[],"product_cat":[63,233],"product_tag":[765,668,583,659,822,849],"class_list":["post-611","product","type-product","status-publish","has-post-thumbnail","hentry","product_cat-grzechotki-i-gryzaki","product_cat-mam","product_tag-atrakcje-dla-dzieci-warszawa","product_tag-atrakcje-dla-dzieci-wroclaw","product_tag-kolysanki-dla-dzieci-tekst","product_tag-tupu-tup-po-sniegu-tekst","product_tag-wierszyki-o-wakacjach-krotkie","product_tag-zagadki-matematyczne-dla-dzieci"],"_links":{"self":[{"href":"http:\/\/klubmamgdynia.pl\/index.php\/wp-json\/wp\/v2\/product\/611","targetHints":{"allow":["GET"]}}],"collection":[{"href":"http:\/\/klubmamgdynia.pl\/index.php\/wp-json\/wp\/v2\/product"}],"about":[{"href":"http:\/\/klubmamgdynia.pl\/index.php\/wp-json\/wp\/v2\/types\/product"}],"replies":[{"embeddable":true,"href":"http:\/\/klubmamgdynia.pl\/index.php\/wp-json\/wp\/v2\/comments?post=611"}],"wp:featuredmedia":[{"embeddable":true,"href":"http:\/\/klubmamgdynia.pl\/index.php\/wp-json\/wp\/v2\/media\/612"}],"wp:attachment":[{"href":"http:\/\/klubmamgdynia.pl\/index.php\/wp-json\/wp\/v2\/media?parent=611"}],"wp:term":[{"taxonomy":"product_cat","embeddable":true,"href":"http:\/\/klubmamgdynia.pl\/index.php\/wp-json\/wp\/v2\/product_cat?post=611"},{"taxonomy":"product_tag","embeddable":true,"href":"http:\/\/klubmamgdynia.pl\/index.php\/wp-json\/wp\/v2\/product_tag?post=611"}],"curies":[{"name":"wp","href":"https:\/\/api.w.org\/{rel}","templated":true}]}}