{"id":6111,"date":"2011-11-25T15:44:02","date_gmt":"2011-11-25T14:44:02","guid":{"rendered":"http:\/\/klubmamgdynia.pl\/index.php\/produkt\/classic-world-drewniany-kotek-do-ciagania\/"},"modified":"2026-04-06T01:30:11","modified_gmt":"2026-04-05T23:30:11","slug":"classic-world-drewniany-kotek-do-ciagania","status":"publish","type":"product","link":"http:\/\/klubmamgdynia.pl\/index.php\/produkt\/classic-world-drewniany-kotek-do-ciagania\/","title":{"rendered":"Classic World Drewniany Kotek Do Ci\u0105gania"},"content":{"rendered":"<p>Z tym ma\u0142ym, uroczym kotkiem, chodzenie staje si\u0119 du\u017co fajniejsze! Zabierz go na spacer, a zobaczysz, \u017ce podczas poruszania si\u0119, b\u0119dzie wydawa\u0142 przyjemne d\u017awi\u0119ki grzechotki. Kot to najlepszy przyjaciel cz\u0142owieka, szczeg\u00f3lnie czarny!Charakterystyka:- Drewniany czarny kotek &#8211; ci\u0105gacz na sznurku. To wspania\u0142a zabawka, kt\u00f3ra nie tylko przyniesie maluchowi frajd\u0119, ale r\u00f3wnie\u017c pomo\u017ce mu prawid\u0142owo rozwija\u0107 swoje umiej\u0119tno\u015bci.- W momencie, kiedy dziecko postawi\u0142o ju\u017c swoje pierwsze kroki, ci\u0105gacze s\u0105 nieocenion\u0105 pomoc\u0105.- Zach\u0119caj\u0105 do chodzenia, dzi\u0119ki czemu dziecko \u0107wiczy r\u00f3wnowag\u0119, oraz prawid\u0142owe stawianie krok\u00f3w.Zabawka rozwija:- umiej\u0119tno\u015b\u0107 chodzenia,- r\u00f3wnowag\u0119, &#8211; koordynacj\u0119 ruchow\u0105,- wyobra\u017anie,- zmys\u0142 s\u0142uchu.Ekozabawki  skierowane s\u0105 ju\u017c dla najm\u0142odszych dzieci, kt\u00f3re wykonuje si\u0119 z ca\u0142kowicie naturalnych, biodegradowalnych oraz hipoalergicznych materia\u0142\u00f3w, dzi\u0119ki czemu s\u0105 one w stu procentach bezpieczne i nieszkodliwe nie tylko dla samego \u015brodowiska, ale tak\u017ce i dla Twojej pociechy.<\/p>\n<h2>Classic World Drewniany Kotek Do Ci\u0105gania Classic World<\/h2>\n<p>kornelia, opis do zdj\u0119cia dziecka na fb, zagadki dla dzieci 7-8 lat, rysowanki, zagadki logiczne na inteligencj\u0119, zabawy dla 10 latk\u00f3w, ubieranki do druku<\/p>\n<p>yyyyy<\/p>\n<p>&nbsp;<\/p>\n","protected":false},"excerpt":{"rendered":"<p>Z tym ma\u0142ym, uroczym kotkiem, chodzenie staje si\u0119 du\u017co fajniejsze! Zabierz go na spacer, a zobaczysz, \u017ce podczas poruszania si\u0119, b\u0119dzie wydawa\u0142 przyjemne d\u017awi\u0119ki grzechotki. Kot to najlepszy przyjaciel cz\u0142owieka, szczeg\u00f3lnie czarny!Charakterystyka:- Drewniany czarny kotek &#8211; ci\u0105gacz na sznurku. To wspania\u0142a zabawka, kt\u00f3ra nie tylko przyniesie maluchowi frajd\u0119, ale r\u00f3wnie\u017c pomo\u017ce mu prawid\u0142owo rozwija\u0107 swoje [&hellip;]<\/p>\n","protected":false},"featured_media":6112,"comment_status":"closed","ping_status":"open","template":"","meta":[],"product_cat":[1409,963],"product_tag":[808,787,639,800],"class_list":["post-6111","product","type-product","status-publish","has-post-thumbnail","hentry","product_cat-classic-world","product_cat-pozostale-zabawki-dla-niemowlat","product_tag-imie-mia","product_tag-nauka-pisania-wyrazow-dla-dzieci-do-druku-pdf","product_tag-nela-imie","product_tag-zagadki-smieszne"],"_links":{"self":[{"href":"http:\/\/klubmamgdynia.pl\/index.php\/wp-json\/wp\/v2\/product\/6111","targetHints":{"allow":["GET"]}}],"collection":[{"href":"http:\/\/klubmamgdynia.pl\/index.php\/wp-json\/wp\/v2\/product"}],"about":[{"href":"http:\/\/klubmamgdynia.pl\/index.php\/wp-json\/wp\/v2\/types\/product"}],"replies":[{"embeddable":true,"href":"http:\/\/klubmamgdynia.pl\/index.php\/wp-json\/wp\/v2\/comments?post=6111"}],"wp:featuredmedia":[{"embeddable":true,"href":"http:\/\/klubmamgdynia.pl\/index.php\/wp-json\/wp\/v2\/media\/6112"}],"wp:attachment":[{"href":"http:\/\/klubmamgdynia.pl\/index.php\/wp-json\/wp\/v2\/media?parent=6111"}],"wp:term":[{"taxonomy":"product_cat","embeddable":true,"href":"http:\/\/klubmamgdynia.pl\/index.php\/wp-json\/wp\/v2\/product_cat?post=6111"},{"taxonomy":"product_tag","embeddable":true,"href":"http:\/\/klubmamgdynia.pl\/index.php\/wp-json\/wp\/v2\/product_tag?post=6111"}],"curies":[{"name":"wp","href":"https:\/\/api.w.org\/{rel}","templated":true}]}}