{"id":6113,"date":"2018-04-26T03:25:43","date_gmt":"2018-04-26T01:25:43","guid":{"rendered":"http:\/\/klubmamgdynia.pl\/index.php\/produkt\/kin-fresh-odswiezajacy-spray-do-ust-10ml\/"},"modified":"2026-04-30T10:40:29","modified_gmt":"2026-04-30T08:40:29","slug":"kin-fresh-odswiezajacy-spray-do-ust-10ml","status":"publish","type":"product","link":"http:\/\/klubmamgdynia.pl\/index.php\/produkt\/kin-fresh-odswiezajacy-spray-do-ust-10ml\/","title":{"rendered":"KIN Fresh od\u015bwie\u017caj\u0105cy spray do ust 10ml"},"content":{"rendered":"<p>Aqua, Sorbitol, Propylene Glycol, PEG-40 Hydrogenated Castrol Oil, Sodium Methylparaben, alcohol, Propylene Glicol, Xylitol (ksylitol), Aroma Menthol (mentol), Triclosan, Citric Acid, Potassium (potas), Acesulfame, Sodium Saccharin, Cinnamal, Eugenol (olejek eugenolowy).Produkt zwalcza halitoz\u0119. Dzi\u0119ki mentolowi zapewnia d\u0142ugotrwa\u0142e poczucie \u015bwie\u017cego oddechu. Kosmetyk posiada przeciwgrzybiczny i bakteriob\u00f3jczy triklosan z dodatkiem mentolu. Idealny do torebki, podr\u00f3\u017cy dzi\u0119ki ma\u0142ej por\u0119cznej buteleczce. Spray redukuje bakterie, kt\u00f3re s\u0105 odpowiedzialne za nieprzyjemny zapach z ust. Dodatkowo zawarty ksylitol i fluorek wzmacniaj\u0105 ochron\u0119 pr\u00f3chnica.bakteriob\u00f3jcze,przeciwgrzybiczne.Nie zawiera glutenu.Spray KIN Fresh zawiera fluorek sodu w ilo\u015bci 226ppm.Zawiera substancje s\u0142odz\u0105ce.Rozpyla\u0107 do wewn\u0105trz jamy ustnej.Stosowa\u0107 szczeg\u00f3lnie po posi\u0142kach.<\/p>\n<h2>KIN Fresh od\u015bwie\u017caj\u0105cy spray do ust 10ml Kin<\/h2>\n<p>ahmed, zabawy ruchowe dla dzieci, podchwytliwe zagadki dla dzieci, zagadki dla ma\u0142ych dzieci, kolorowanka spongebob, quiz flagi europy, lol surprise kolorowanka<\/p>\n<p>yyyyy<\/p>\n<p>&nbsp;<\/p>\n","protected":false},"excerpt":{"rendered":"<p>Aqua, Sorbitol, Propylene Glycol, PEG-40 Hydrogenated Castrol Oil, Sodium Methylparaben, alcohol, Propylene Glicol, Xylitol (ksylitol), Aroma Menthol (mentol), Triclosan, Citric Acid, Potassium (potas), Acesulfame, Sodium Saccharin, Cinnamal, Eugenol (olejek eugenolowy).Produkt zwalcza halitoz\u0119. Dzi\u0119ki mentolowi zapewnia d\u0142ugotrwa\u0142e poczucie \u015bwie\u017cego oddechu. Kosmetyk posiada przeciwgrzybiczny i bakteriob\u00f3jczy triklosan z dodatkiem mentolu. Idealny do torebki, podr\u00f3\u017cy dzi\u0119ki ma\u0142ej por\u0119cznej [&hellip;]<\/p>\n","protected":false},"featured_media":6114,"comment_status":"closed","ping_status":"open","template":"","meta":[],"product_cat":[1234,1425],"product_tag":[835,773,698,724],"class_list":["post-6113","product","type-product","status-publish","has-post-thumbnail","hentry","product_cat-kin","product_cat-pielegnacja-ust","product_tag-radosc-dziecka-cytaty","product_tag-test-z-lektury-opowiesci-z-narnii-lew-czarownica-i-stara-szafa","product_tag-zagadki-dla-przedszkolakow","product_tag-zagadki-podchwytliwe"],"_links":{"self":[{"href":"http:\/\/klubmamgdynia.pl\/index.php\/wp-json\/wp\/v2\/product\/6113","targetHints":{"allow":["GET"]}}],"collection":[{"href":"http:\/\/klubmamgdynia.pl\/index.php\/wp-json\/wp\/v2\/product"}],"about":[{"href":"http:\/\/klubmamgdynia.pl\/index.php\/wp-json\/wp\/v2\/types\/product"}],"replies":[{"embeddable":true,"href":"http:\/\/klubmamgdynia.pl\/index.php\/wp-json\/wp\/v2\/comments?post=6113"}],"wp:featuredmedia":[{"embeddable":true,"href":"http:\/\/klubmamgdynia.pl\/index.php\/wp-json\/wp\/v2\/media\/6114"}],"wp:attachment":[{"href":"http:\/\/klubmamgdynia.pl\/index.php\/wp-json\/wp\/v2\/media?parent=6113"}],"wp:term":[{"taxonomy":"product_cat","embeddable":true,"href":"http:\/\/klubmamgdynia.pl\/index.php\/wp-json\/wp\/v2\/product_cat?post=6113"},{"taxonomy":"product_tag","embeddable":true,"href":"http:\/\/klubmamgdynia.pl\/index.php\/wp-json\/wp\/v2\/product_tag?post=6113"}],"curies":[{"name":"wp","href":"https:\/\/api.w.org\/{rel}","templated":true}]}}