{"id":6115,"date":"2020-06-09T01:27:36","date_gmt":"2020-06-08T23:27:36","guid":{"rendered":"http:\/\/klubmamgdynia.pl\/index.php\/produkt\/technok-zabawka-edukacyjna-zestaw-dentysta-zabawka\/"},"modified":"2026-05-17T22:39:12","modified_gmt":"2026-05-17T20:39:12","slug":"technok-zabawka-edukacyjna-zestaw-dentysta-zabawka","status":"publish","type":"product","link":"http:\/\/klubmamgdynia.pl\/index.php\/produkt\/technok-zabawka-edukacyjna-zestaw-dentysta-zabawka\/","title":{"rendered":"Technok Zabawka Edukacyjna Zestaw Dentysta &#8211; Zabawka"},"content":{"rendered":"<p>Zestaw Dentysta od firmy TechnoK pomo\u017ce maluchom lepiej zapozna\u0107 si\u0119 z zawodem lekarza, a co najwa\u017cniejsze prze\u0142ama\u0107 strach przed wizyt\u0105 u dentysty. Zabawka wprowadzi dzieci w \u015bwiat stomatologii oraz nauczy, jak prawid\u0142owo my\u0107 z\u0119by i dba\u0107 o higien\u0119 jamy ustnej. W zestawie znajduj\u0105 si\u0119 wszystkie niezb\u0119dne narz\u0119dzia do badania i leczenia z\u0119b\u00f3w swoich zabawek. Podczas zabawy maluch poczuje si\u0119 jak prawdziwy dentysta.Zestaw zawiera:model stomatologiczny z z\u0119bami,wiertark\u0119,<\/p>\n<h2>Technok Zabawka Edukacyjna Zestaw Dentysta &#8211; Zabawka Technok<\/h2>\n<p>ida swieta wielkanocne ida swieta, kwiecien plecien, pomys\u0142y na dzie\u0144 dziecka dla nastolatk\u00f3w, szablony papierowe lalki do ubierania do wydruku, \u017carty prima aprilis<\/p>\n<p>yyyyy<\/p>\n<p>&nbsp;<\/p>\n","protected":false},"excerpt":{"rendered":"<p>Zestaw Dentysta od firmy TechnoK pomo\u017ce maluchom lepiej zapozna\u0107 si\u0119 z zawodem lekarza, a co najwa\u017cniejsze prze\u0142ama\u0107 strach przed wizyt\u0105 u dentysty. Zabawka wprowadzi dzieci w \u015bwiat stomatologii oraz nauczy, jak prawid\u0142owo my\u0107 z\u0119by i dba\u0107 o higien\u0119 jamy ustnej. W zestawie znajduj\u0105 si\u0119 wszystkie niezb\u0119dne narz\u0119dzia do badania i leczenia z\u0119b\u00f3w swoich zabawek. Podczas [&hellip;]<\/p>\n","protected":false},"featured_media":6116,"comment_status":"closed","ping_status":"open","template":"","meta":[],"product_cat":[53,284],"product_tag":[827,853,638,590,820],"class_list":["post-6115","product","type-product","status-publish","has-post-thumbnail","hentry","product_cat-kaciki-zabaw","product_cat-technok","product_tag-bajki-dla-niemowlat","product_tag-kolorowanki-do-druku-dla-doroslych","product_tag-miastodzieci","product_tag-plac-zabaw-warszawa","product_tag-ziemia-wyspa-zielona-tekst"],"_links":{"self":[{"href":"http:\/\/klubmamgdynia.pl\/index.php\/wp-json\/wp\/v2\/product\/6115","targetHints":{"allow":["GET"]}}],"collection":[{"href":"http:\/\/klubmamgdynia.pl\/index.php\/wp-json\/wp\/v2\/product"}],"about":[{"href":"http:\/\/klubmamgdynia.pl\/index.php\/wp-json\/wp\/v2\/types\/product"}],"replies":[{"embeddable":true,"href":"http:\/\/klubmamgdynia.pl\/index.php\/wp-json\/wp\/v2\/comments?post=6115"}],"wp:featuredmedia":[{"embeddable":true,"href":"http:\/\/klubmamgdynia.pl\/index.php\/wp-json\/wp\/v2\/media\/6116"}],"wp:attachment":[{"href":"http:\/\/klubmamgdynia.pl\/index.php\/wp-json\/wp\/v2\/media?parent=6115"}],"wp:term":[{"taxonomy":"product_cat","embeddable":true,"href":"http:\/\/klubmamgdynia.pl\/index.php\/wp-json\/wp\/v2\/product_cat?post=6115"},{"taxonomy":"product_tag","embeddable":true,"href":"http:\/\/klubmamgdynia.pl\/index.php\/wp-json\/wp\/v2\/product_tag?post=6115"}],"curies":[{"name":"wp","href":"https:\/\/api.w.org\/{rel}","templated":true}]}}