{"id":6123,"date":"2022-03-06T09:07:41","date_gmt":"2022-03-06T08:07:41","guid":{"rendered":"http:\/\/klubmamgdynia.pl\/index.php\/produkt\/mega-creative-zestaw-kuchenny-fast-food-501307-zabawka\/"},"modified":"2026-04-29T18:58:26","modified_gmt":"2026-04-29T16:58:26","slug":"mega-creative-zestaw-kuchenny-fast-food-501307-zabawka","status":"publish","type":"product","link":"http:\/\/klubmamgdynia.pl\/index.php\/produkt\/mega-creative-zestaw-kuchenny-fast-food-501307-zabawka\/","title":{"rendered":"Mega Creative Zestaw Kuchenny Fast Food 501307 &#8211; Zabawka"},"content":{"rendered":"<h2>Mega Creative Zestaw Kuchenny Fast Food 501307 &#8211; Zabawka Mega Creative<\/h2>\n<p>tabliczka mno\u017cenia karty pracy do druku, ma\u0142y ksi\u0105\u017ce cytaty, cytat z ma\u0142ego ksi\u0119cia o przyja\u017ani, pia, kolorowanka harry potter, dzie\u0144 nauczyciela teksty, na roczek dla dziewczynki, fajne prezenty dla nastolatk\u00f3w<\/p>\n<p>yyyyy<\/p>\n<p>&nbsp;<\/p>\n","protected":false},"excerpt":{"rendered":"<p>Mega Creative Zestaw Kuchenny Fast Food 501307 &#8211; Zabawka Mega Creative tabliczka mno\u017cenia karty pracy do druku, ma\u0142y ksi\u0105\u017ce cytaty, cytat z ma\u0142ego ksi\u0119cia o przyja\u017ani, pia, kolorowanka harry potter, dzie\u0144 nauczyciela teksty, na roczek dla dziewczynki, fajne prezenty dla nastolatk\u00f3w yyyyy &nbsp;<\/p>\n","protected":false},"featured_media":6124,"comment_status":"closed","ping_status":"open","template":"","meta":[],"product_cat":[53,64],"product_tag":[817,660,741,724],"class_list":["post-6123","product","type-product","status-publish","has-post-thumbnail","hentry","product_cat-kaciki-zabaw","product_cat-mega-creative","product_tag-bajka-terapeutyczna-o-emocjach","product_tag-bianka","product_tag-wlochy","product_tag-zagadki-podchwytliwe"],"_links":{"self":[{"href":"http:\/\/klubmamgdynia.pl\/index.php\/wp-json\/wp\/v2\/product\/6123","targetHints":{"allow":["GET"]}}],"collection":[{"href":"http:\/\/klubmamgdynia.pl\/index.php\/wp-json\/wp\/v2\/product"}],"about":[{"href":"http:\/\/klubmamgdynia.pl\/index.php\/wp-json\/wp\/v2\/types\/product"}],"replies":[{"embeddable":true,"href":"http:\/\/klubmamgdynia.pl\/index.php\/wp-json\/wp\/v2\/comments?post=6123"}],"wp:featuredmedia":[{"embeddable":true,"href":"http:\/\/klubmamgdynia.pl\/index.php\/wp-json\/wp\/v2\/media\/6124"}],"wp:attachment":[{"href":"http:\/\/klubmamgdynia.pl\/index.php\/wp-json\/wp\/v2\/media?parent=6123"}],"wp:term":[{"taxonomy":"product_cat","embeddable":true,"href":"http:\/\/klubmamgdynia.pl\/index.php\/wp-json\/wp\/v2\/product_cat?post=6123"},{"taxonomy":"product_tag","embeddable":true,"href":"http:\/\/klubmamgdynia.pl\/index.php\/wp-json\/wp\/v2\/product_tag?post=6123"}],"curies":[{"name":"wp","href":"https:\/\/api.w.org\/{rel}","templated":true}]}}