{"id":6125,"date":"2024-04-03T08:52:23","date_gmt":"2024-04-03T06:52:23","guid":{"rendered":"http:\/\/klubmamgdynia.pl\/?post_type=product&#038;p=6125"},"modified":"2026-05-17T22:29:23","modified_gmt":"2026-05-17T20:29:23","slug":"neutralna-linia-produktow-trzonek-hikorowy-do-mlotka-dwuobuchowego-2000g-300mm","status":"publish","type":"product","link":"http:\/\/klubmamgdynia.pl\/index.php\/produkt\/neutralna-linia-produktow-trzonek-hikorowy-do-mlotka-dwuobuchowego-2000g-300mm\/","title":{"rendered":"Neutralna Linia Produkt\u00f3w Trzonek Hikorowy Do Mlotka Dwuobuchowego 2000G 300Mm"},"content":{"rendered":"<p>Zamienny trzonek do m\u0142otka dwuobuchowegoWykonanie: DIN 5135, z drewna hikorowego o profilowanym kszta\u0142cie. Dostawa bez klina. Wskaz\u00f3wka: pasuje do wszystkich rodzaj\u00f3w m\u0142otk\u00f3w obuchowych&#8230;.<\/p>\n<h2>Neutralna Linia Produkt\u00f3w Trzonek Hikorowy Do Mlotka Dwuobuchowego 2000G 300Mm <\/h2>\n<p>domki z rolek po papierze toaletowym, myszka miki kolorowanka, plac zabaw pozna\u0144, zagadki z odpowiedziami dla dzieci, zagadki o zwierz\u0119tach domowych, cytaty o mamie, chase kolorowanka, zagadki dla 7 latka, urodziny dziecka pomys\u0142y, na wyspach bergamutach tekst, felix net i nika oraz gang niewidzialnych ludzi test z odpowiedziami, zaj\u0105czek z jajka ugotowanego<\/p>\n<p>yyyyy<\/p>\n<p>&nbsp;<\/p>\n","protected":false},"excerpt":{"rendered":"<p>Zamienny trzonek do m\u0142otka dwuobuchowegoWykonanie: DIN 5135, z drewna hikorowego o profilowanym kszta\u0142cie. Dostawa bez klina. Wskaz\u00f3wka: pasuje do wszystkich rodzaj\u00f3w m\u0142otk\u00f3w obuchowych&#8230;. Neutralna Linia Produkt\u00f3w Trzonek Hikorowy Do Mlotka Dwuobuchowego 2000G 300Mm domki z rolek po papierze toaletowym, myszka miki kolorowanka, plac zabaw pozna\u0144, zagadki z odpowiedziami dla dzieci, zagadki o zwierz\u0119tach domowych, cytaty [&hellip;]<\/p>\n","protected":false},"featured_media":6126,"comment_status":"closed","ping_status":"open","template":"","meta":[],"product_cat":[1411],"product_tag":[719,815,794,767],"class_list":["post-6125","product","type-product","status-publish","has-post-thumbnail","hentry","product_cat-pozostale-narzedzia-reczne-do-ogrodu","product_tag-dziecko-cytaty-zlote-mysli","product_tag-ozdoby-choinkowe-dla-dzieci","product_tag-test-opowiesci-z-narnii-lew-czarownica-i-stara-szafa-do-druku","product_tag-zaproszenia-urodzinowe-do-druku"],"_links":{"self":[{"href":"http:\/\/klubmamgdynia.pl\/index.php\/wp-json\/wp\/v2\/product\/6125","targetHints":{"allow":["GET"]}}],"collection":[{"href":"http:\/\/klubmamgdynia.pl\/index.php\/wp-json\/wp\/v2\/product"}],"about":[{"href":"http:\/\/klubmamgdynia.pl\/index.php\/wp-json\/wp\/v2\/types\/product"}],"replies":[{"embeddable":true,"href":"http:\/\/klubmamgdynia.pl\/index.php\/wp-json\/wp\/v2\/comments?post=6125"}],"wp:featuredmedia":[{"embeddable":true,"href":"http:\/\/klubmamgdynia.pl\/index.php\/wp-json\/wp\/v2\/media\/6126"}],"wp:attachment":[{"href":"http:\/\/klubmamgdynia.pl\/index.php\/wp-json\/wp\/v2\/media?parent=6125"}],"wp:term":[{"taxonomy":"product_cat","embeddable":true,"href":"http:\/\/klubmamgdynia.pl\/index.php\/wp-json\/wp\/v2\/product_cat?post=6125"},{"taxonomy":"product_tag","embeddable":true,"href":"http:\/\/klubmamgdynia.pl\/index.php\/wp-json\/wp\/v2\/product_tag?post=6125"}],"curies":[{"name":"wp","href":"https:\/\/api.w.org\/{rel}","templated":true}]}}