{"id":6127,"date":"2016-05-16T23:15:24","date_gmt":"2016-05-16T21:15:24","guid":{"rendered":"http:\/\/klubmamgdynia.pl\/index.php\/produkt\/mega-creative-pralka-automatyczna-dla-dzieci-funkcyjna-zabawka\/"},"modified":"2026-05-17T22:17:18","modified_gmt":"2026-05-17T20:17:18","slug":"mega-creative-pralka-automatyczna-dla-dzieci-funkcyjna-zabawka","status":"publish","type":"product","link":"http:\/\/klubmamgdynia.pl\/index.php\/produkt\/mega-creative-pralka-automatyczna-dla-dzieci-funkcyjna-zabawka\/","title":{"rendered":"Mega Creative Pralka Automatyczna Dla Dzieci Funkcyjna &#8211; Zabawka"},"content":{"rendered":"<p>Zalety produktu: pralka posiada efekty d\u017cwi\u0119kowe oraz \u015bwietlne, b\u0119ben pralki po w\u0142\u0105czeniu obraca si\u0119, posiada funkcje prania, p\u0142ukania oraz wirowania, dodatkowo te\u017c posiada pojemnik na p\u0142yn\/proszek do prania. Pralka w kolorze bia\u0142o mi\u0119towym, po uruchomieniu dodatkowo wydaje odg\u0142osy jak przy prawdziwym praniu tj. wirowanie, pobieranie wody do pralki, pranie. Pozw\u00f3l dziecku na wykonanie tej czynno\u015bci domowej w\u0142asnor\u0119cznie we w\u0142asnej pralce MEGA CREATIVE. Produkt ten idealnie odzwierciedla prawdziwy sprz\u0119t domowy Zawarto\u015b\u0107 zestawu: pralka funkcyjna. Produkt wykonany z plastiku. Wymiary\/waga\/baterie: wymiary produktu d\u0142. x wys. x g\u0142. cm : 19x25x15 wymiar opakowania d\u0142. x wys. x g\u0142. cm : 30x28x16, waga produktu bez opakowania kg : 1,02 kg, waga produktu w opakowaniu kg : 1,42 kg, wymaga zasilania bateriami 3 x AA LR06- za\u0142\u0105czono do zestawu. Zabawka przeznaczona dla dzieci w wieku: 3 . Pakowana w kartonik z okienkiem. W kartonie zbiorczym po 24 szt&#8230;.<\/p>\n<h2>Mega Creative Pralka Automatyczna Dla Dzieci Funkcyjna &#8211; Zabawka Mega Creative<\/h2>\n<p>maski superbohater\u00f3w do wydrukowania, kolorowanka lol surprise, postacie z bajek, szybkie zagadki matematyczne, zagdki<\/p>\n<p>yyyyy<\/p>\n<p>&nbsp;<\/p>\n","protected":false},"excerpt":{"rendered":"<p>Zalety produktu: pralka posiada efekty d\u017cwi\u0119kowe oraz \u015bwietlne, b\u0119ben pralki po w\u0142\u0105czeniu obraca si\u0119, posiada funkcje prania, p\u0142ukania oraz wirowania, dodatkowo te\u017c posiada pojemnik na p\u0142yn\/proszek do prania. Pralka w kolorze bia\u0142o mi\u0119towym, po uruchomieniu dodatkowo wydaje odg\u0142osy jak przy prawdziwym praniu tj. wirowanie, pobieranie wody do pralki, pranie. Pozw\u00f3l dziecku na wykonanie tej czynno\u015bci [&hellip;]<\/p>\n","protected":false},"featured_media":6128,"comment_status":"closed","ping_status":"open","template":"","meta":[],"product_cat":[53,64],"product_tag":[654,657,800],"class_list":["post-6127","product","type-product","status-publish","has-post-thumbnail","hentry","product_cat-kaciki-zabaw","product_cat-mega-creative","product_tag-krotkie-bajki-dla-dzieci-do-czytania","product_tag-lol-kolorowanka","product_tag-zagadki-smieszne"],"_links":{"self":[{"href":"http:\/\/klubmamgdynia.pl\/index.php\/wp-json\/wp\/v2\/product\/6127","targetHints":{"allow":["GET"]}}],"collection":[{"href":"http:\/\/klubmamgdynia.pl\/index.php\/wp-json\/wp\/v2\/product"}],"about":[{"href":"http:\/\/klubmamgdynia.pl\/index.php\/wp-json\/wp\/v2\/types\/product"}],"replies":[{"embeddable":true,"href":"http:\/\/klubmamgdynia.pl\/index.php\/wp-json\/wp\/v2\/comments?post=6127"}],"wp:featuredmedia":[{"embeddable":true,"href":"http:\/\/klubmamgdynia.pl\/index.php\/wp-json\/wp\/v2\/media\/6128"}],"wp:attachment":[{"href":"http:\/\/klubmamgdynia.pl\/index.php\/wp-json\/wp\/v2\/media?parent=6127"}],"wp:term":[{"taxonomy":"product_cat","embeddable":true,"href":"http:\/\/klubmamgdynia.pl\/index.php\/wp-json\/wp\/v2\/product_cat?post=6127"},{"taxonomy":"product_tag","embeddable":true,"href":"http:\/\/klubmamgdynia.pl\/index.php\/wp-json\/wp\/v2\/product_tag?post=6127"}],"curies":[{"name":"wp","href":"https:\/\/api.w.org\/{rel}","templated":true}]}}