{"id":6129,"date":"2011-02-18T07:21:34","date_gmt":"2011-02-18T06:21:34","guid":{"rendered":"http:\/\/klubmamgdynia.pl\/index.php\/produkt\/tm-toys-chocotinis-mufinka-pralinka-zwierzatko-figurka\/"},"modified":"2026-05-17T22:39:59","modified_gmt":"2026-05-17T20:39:59","slug":"tm-toys-chocotinis-mufinka-pralinka-zwierzatko-figurka","status":"publish","type":"product","link":"http:\/\/klubmamgdynia.pl\/index.php\/produkt\/tm-toys-chocotinis-mufinka-pralinka-zwierzatko-figurka\/","title":{"rendered":"TM TOYS CHOCOTINIS MUFINKA PRALINKA ZWIERZ\u0104TKO FIGURKA"},"content":{"rendered":"<p>Chocotinis to najs\u0142odsze ma\u0142e s\u0142odycze! Pochodz\u0105 z cudownie cudownego Candy Forest! Candy Forest to magiczna kraina ukryta mi\u0119dzy kr\u00f3lestwem uroczych i s\u0142odkich. Je\u015bli masz Chocotini, masz szcz\u0119\u015bcie, poniewa\u017c tylko w ten spos\u00f3b b\u0119dziesz m\u00f3g\u0142 zobaczy\u0107 to zaczarowane miejsce. W przeciwnym razie jest niewidoczny! Zbierz je wszystkie!Uwaga: cena za 1 sztuk\u0119 &#8211; wysy\u0142ka losowa.<\/p>\n<h2>TM TOYS CHOCOTINIS MUFINKA PRALINKA ZWIERZ\u0104TKO FIGURKA TM Toys<\/h2>\n<p>malowanie kamieni, pomys\u0142 na prezent dla nastolatki, menu urodzinowe dla dzieci w wieku 8 10 lat, kolorowanka pokemon, kolorowanki do druku<\/p>\n<p>yyyyy<\/p>\n<p>&nbsp;<\/p>\n","protected":false},"excerpt":{"rendered":"<p>Chocotinis to najs\u0142odsze ma\u0142e s\u0142odycze! Pochodz\u0105 z cudownie cudownego Candy Forest! Candy Forest to magiczna kraina ukryta mi\u0119dzy kr\u00f3lestwem uroczych i s\u0142odkich. Je\u015bli masz Chocotini, masz szcz\u0119\u015bcie, poniewa\u017c tylko w ten spos\u00f3b b\u0119dziesz m\u00f3g\u0142 zobaczy\u0107 to zaczarowane miejsce. W przeciwnym razie jest niewidoczny! Zbierz je wszystkie!Uwaga: cena za 1 sztuk\u0119 &#8211; wysy\u0142ka losowa. TM TOYS [&hellip;]<\/p>\n","protected":false},"featured_media":6130,"comment_status":"closed","ping_status":"open","template":"","meta":[],"product_cat":[95,145],"product_tag":[833,619,642,713],"class_list":["post-6129","product","type-product","status-publish","has-post-thumbnail","hentry","product_cat-figurki-makiety-i-zestawy","product_cat-tm-toys","product_tag-bajki-dla-dzieci-do-czytania","product_tag-iwo-imie","product_tag-mia-imie","product_tag-zagadki-logiczne-z-odpowiedziami"],"_links":{"self":[{"href":"http:\/\/klubmamgdynia.pl\/index.php\/wp-json\/wp\/v2\/product\/6129","targetHints":{"allow":["GET"]}}],"collection":[{"href":"http:\/\/klubmamgdynia.pl\/index.php\/wp-json\/wp\/v2\/product"}],"about":[{"href":"http:\/\/klubmamgdynia.pl\/index.php\/wp-json\/wp\/v2\/types\/product"}],"replies":[{"embeddable":true,"href":"http:\/\/klubmamgdynia.pl\/index.php\/wp-json\/wp\/v2\/comments?post=6129"}],"wp:featuredmedia":[{"embeddable":true,"href":"http:\/\/klubmamgdynia.pl\/index.php\/wp-json\/wp\/v2\/media\/6130"}],"wp:attachment":[{"href":"http:\/\/klubmamgdynia.pl\/index.php\/wp-json\/wp\/v2\/media?parent=6129"}],"wp:term":[{"taxonomy":"product_cat","embeddable":true,"href":"http:\/\/klubmamgdynia.pl\/index.php\/wp-json\/wp\/v2\/product_cat?post=6129"},{"taxonomy":"product_tag","embeddable":true,"href":"http:\/\/klubmamgdynia.pl\/index.php\/wp-json\/wp\/v2\/product_tag?post=6129"}],"curies":[{"name":"wp","href":"https:\/\/api.w.org\/{rel}","templated":true}]}}