{"id":613,"date":"2016-09-27T17:34:38","date_gmt":"2016-09-27T15:34:38","guid":{"rendered":"http:\/\/klubmamgdynia.pl\/index.php\/produkt\/adamigo-memory-fauna-polski\/"},"modified":"2026-05-17T22:23:32","modified_gmt":"2026-05-17T20:23:32","slug":"adamigo-memory-fauna-polski","status":"publish","type":"product","link":"http:\/\/klubmamgdynia.pl\/index.php\/produkt\/adamigo-memory-fauna-polski\/","title":{"rendered":"Adamigo Memory Fauna Polski"},"content":{"rendered":"<p>Jakie znasz zwierz\u0119ta zamieszkuj\u0105ce lasy, pola, parki w Polsce? Czy potrafisz je rozpozna\u0107 i wiesz, gdzie wyst\u0119puj\u0105? Poznaj \u015bwiat niesamowitej i r\u00f3\u017cnorodnej FAUNY POLSKI! adamigo memory:rozwija pami\u0119\u0107uczy koncentracjiwyzwala pozytywne emocjezbli\u017ca rodzin\u0119 Zestaw zawiera:80 tafelk\u00f3w (40 par)zasady gry &#8230;<\/p>\n<h2>Adamigo Memory Fauna Polski Adamigo<\/h2>\n<p>lego ninjago kolorowanka, zagadki logiczne z odpowiedziami, opowiadanie o jesieni dla dzieci, po\u0142\u0105cz kropki do druku, prezent dla ch\u0142opca 7 lat, zabawy na dzie\u0144 dziecka w szkole, miko\u0142ajek quiz, jak narysowac kota, jak rozmawia\u0107 z dzie\u0107mi o wojnie, mini zoo mazowieckie, aurelia imie, samoch\u00f3d kolorowanka do druku, quiz o wio\u015bnie, test z lektury dzieci z bullerbyn, glupie zagadki, nauka zegara do druku pdf, mi\u0142o\u015b\u0107 do dziecka cytaty, prezent dla dziecka 1 rok, mitologia grecka quiz<\/p>\n<p>yyyyy<\/p>\n<p>&nbsp;<\/p>\n","protected":false},"excerpt":{"rendered":"<p>Jakie znasz zwierz\u0119ta zamieszkuj\u0105ce lasy, pola, parki w Polsce? Czy potrafisz je rozpozna\u0107 i wiesz, gdzie wyst\u0119puj\u0105? Poznaj \u015bwiat niesamowitej i r\u00f3\u017cnorodnej FAUNY POLSKI! adamigo memory:rozwija pami\u0119\u0107uczy koncentracjiwyzwala pozytywne emocjezbli\u017ca rodzin\u0119 Zestaw zawiera:80 tafelk\u00f3w (40 par)zasady gry &#8230; Adamigo Memory Fauna Polski Adamigo lego ninjago kolorowanka, zagadki logiczne z odpowiedziami, opowiadanie o jesieni dla dzieci, [&hellip;]<\/p>\n","protected":false},"featured_media":614,"comment_status":"closed","ping_status":"open","template":"","meta":[],"product_cat":[234,130],"product_tag":[858,735,739],"class_list":["post-613","product","type-product","status-publish","has-post-thumbnail","hentry","product_cat-adamigo","product_cat-gry-dzieciece","product_tag-podchwytliwe-zagadki","product_tag-prezent-na-roczek-dziewczynka","product_tag-prima-aprilis-w-szkole"],"_links":{"self":[{"href":"http:\/\/klubmamgdynia.pl\/index.php\/wp-json\/wp\/v2\/product\/613","targetHints":{"allow":["GET"]}}],"collection":[{"href":"http:\/\/klubmamgdynia.pl\/index.php\/wp-json\/wp\/v2\/product"}],"about":[{"href":"http:\/\/klubmamgdynia.pl\/index.php\/wp-json\/wp\/v2\/types\/product"}],"replies":[{"embeddable":true,"href":"http:\/\/klubmamgdynia.pl\/index.php\/wp-json\/wp\/v2\/comments?post=613"}],"wp:featuredmedia":[{"embeddable":true,"href":"http:\/\/klubmamgdynia.pl\/index.php\/wp-json\/wp\/v2\/media\/614"}],"wp:attachment":[{"href":"http:\/\/klubmamgdynia.pl\/index.php\/wp-json\/wp\/v2\/media?parent=613"}],"wp:term":[{"taxonomy":"product_cat","embeddable":true,"href":"http:\/\/klubmamgdynia.pl\/index.php\/wp-json\/wp\/v2\/product_cat?post=613"},{"taxonomy":"product_tag","embeddable":true,"href":"http:\/\/klubmamgdynia.pl\/index.php\/wp-json\/wp\/v2\/product_tag?post=613"}],"curies":[{"name":"wp","href":"https:\/\/api.w.org\/{rel}","templated":true}]}}