{"id":6131,"date":"2023-11-08T15:43:50","date_gmt":"2023-11-08T14:43:50","guid":{"rendered":"http:\/\/klubmamgdynia.pl\/?post_type=product&#038;p=6131"},"modified":"2026-04-29T17:44:12","modified_gmt":"2026-04-29T15:44:12","slug":"kin-szczoteczka-do-zebow","status":"publish","type":"product","link":"http:\/\/klubmamgdynia.pl\/index.php\/produkt\/kin-szczoteczka-do-zebow\/","title":{"rendered":"Kin Szczoteczka Do Z\u0119b\u00f3w"},"content":{"rendered":"<p>Ulepsz Twoj\u0105 higien\u0119 jamy ustnej produktami o wysokiej jako\u015bci, jak np.Szczoteczka do Z\u0119b\u00f3w Kin!P\u0142e\u0107: UnisexWydajno\u015b\u0107: 1 pcRodzaj: R\u0119czna szczoteczka do z\u0119b\u00f3wW\u0142osie: Delikatny<\/p>\n<h2>Kin Szczoteczka Do Z\u0119b\u00f3w Kin<\/h2>\n<p>cytaty dla mamy, quiz o akademii pana kleksa, pomys\u0142 na prezent dla nastolatki, kolorowanki minionki, rozrywka dla dzieci, kolorowanki do druku super zings, test z dynastii mizio\u0142k\u00f3w, m\u0105dre bajki dla dzieci do czytania, piesek kolorowanka, prezent dla nastolatk\u00f3w, kolorowanka spiderman, janusz, bajki dla chlopcow, kolorowanka dla dziewczynki, darmowy szablon list do miko\u0142aja<\/p>\n<p>yyyyy<\/p>\n<p>&nbsp;<\/p>\n","protected":false},"excerpt":{"rendered":"<p>Ulepsz Twoj\u0105 higien\u0119 jamy ustnej produktami o wysokiej jako\u015bci, jak np.Szczoteczka do Z\u0119b\u00f3w Kin!P\u0142e\u0107: UnisexWydajno\u015b\u0107: 1 pcRodzaj: R\u0119czna szczoteczka do z\u0119b\u00f3wW\u0142osie: Delikatny Kin Szczoteczka Do Z\u0119b\u00f3w Kin cytaty dla mamy, quiz o akademii pana kleksa, pomys\u0142 na prezent dla nastolatki, kolorowanki minionki, rozrywka dla dzieci, kolorowanki do druku super zings, test z dynastii mizio\u0142k\u00f3w, m\u0105dre [&hellip;]<\/p>\n","protected":false},"featured_media":6132,"comment_status":"closed","ping_status":"open","template":"","meta":[],"product_cat":[1234,1428],"product_tag":[866,732,601,788],"class_list":["post-6131","product","type-product","status-publish","has-post-thumbnail","hentry","product_cat-kin","product_cat-szczoteczki-do-zebow","product_tag-opis-do-zdjecia-dziecka-na-fb","product_tag-prezent-dla-rocznego-chlopca","product_tag-zagadki-co-to-jest","product_tag-zagadki-krotkie"],"_links":{"self":[{"href":"http:\/\/klubmamgdynia.pl\/index.php\/wp-json\/wp\/v2\/product\/6131","targetHints":{"allow":["GET"]}}],"collection":[{"href":"http:\/\/klubmamgdynia.pl\/index.php\/wp-json\/wp\/v2\/product"}],"about":[{"href":"http:\/\/klubmamgdynia.pl\/index.php\/wp-json\/wp\/v2\/types\/product"}],"replies":[{"embeddable":true,"href":"http:\/\/klubmamgdynia.pl\/index.php\/wp-json\/wp\/v2\/comments?post=6131"}],"wp:featuredmedia":[{"embeddable":true,"href":"http:\/\/klubmamgdynia.pl\/index.php\/wp-json\/wp\/v2\/media\/6132"}],"wp:attachment":[{"href":"http:\/\/klubmamgdynia.pl\/index.php\/wp-json\/wp\/v2\/media?parent=6131"}],"wp:term":[{"taxonomy":"product_cat","embeddable":true,"href":"http:\/\/klubmamgdynia.pl\/index.php\/wp-json\/wp\/v2\/product_cat?post=6131"},{"taxonomy":"product_tag","embeddable":true,"href":"http:\/\/klubmamgdynia.pl\/index.php\/wp-json\/wp\/v2\/product_tag?post=6131"}],"curies":[{"name":"wp","href":"https:\/\/api.w.org\/{rel}","templated":true}]}}