{"id":6133,"date":"2021-07-11T11:16:53","date_gmt":"2021-07-11T09:16:53","guid":{"rendered":"http:\/\/klubmamgdynia.pl\/index.php\/produkt\/bruder-kask-ochronny-budowlany-dla-dzieci-zabawka\/"},"modified":"2026-04-28T07:01:45","modified_gmt":"2026-04-28T05:01:45","slug":"bruder-kask-ochronny-budowlany-dla-dzieci-zabawka","status":"publish","type":"product","link":"http:\/\/klubmamgdynia.pl\/index.php\/produkt\/bruder-kask-ochronny-budowlany-dla-dzieci-zabawka\/","title":{"rendered":"Bruder Kask Ochronny Budowlany Dla Dzieci &#8211; Zabawka"},"content":{"rendered":"<p>Przedmiotem oferty jest:Kask budowlany ochronny dla dzieci Bruder U10200Numer MIZAR: 58850Kask budowlany ochronny dla dzieci Bruder U10200Bruder to doskona\u0142e wzornictwo, wysmakowana kolorystyka dostosowana do gustu m\u0142odego odbiorcy, nadzwyczajna funkcjonalno\u015b\u0107.To tak\u017ce walory poznawczo-edukacyjne &#8211; zabawki Bruder pobudzaj\u0105 wyobra\u017ani\u0119 i kszta\u0142tuj\u0105 osobowo\u015b\u0107 m\u0142odego cz\u0142owieka pozwalaj\u0105c dziecku w bezpieczny spos\u00f3b poznawa\u0107 realny \u015bwiat.Wreszcie to co najwa\u017cniejsze &#8211; zabawki Bruder chc\u0105 bawi\u0107 &#8211; wiele z nich niezale\u017cne gremium konsumenckie uhonorowa\u0142o wyr\u00f3\u017cnieniem &#8222;Spiel Gut&#8221;, czyli &#8222;bawi\u0105 dobrze&#8221;Bruder w trosce o bezpiecze\u0144stwo najm\u0142odszych stosuje \u015bcis\u0142y re\u017cim technologiczny, u\u017cywaj\u0105c w procesie technologicznym wy\u0142\u0105cznie najwy\u017cszej jako\u015bci surowce.Dowodem jest europejski i ameryka\u0144ski znak jako\u015bci CE.Solidnie wykonany kask dla dzieci marki Bruder.Kask jest bardzo lekki, posiada pasek pozwalaj\u0105cy dopasowa\u0107 go do g\u0142owy dziecka.Zabawka nieodpowiednia dla dzieci poni\u017cej 3 roku \u017cyciaNumer MIZAR: 58850<\/p>\n<h2>Bruder Kask Ochronny Budowlany Dla Dzieci &#8211; Zabawka Bruder<\/h2>\n<p>piesek kolorowanka, \u015bmigus dyngus lany poniedzia\u0142ek zyczenia, bajeczki na dobranoc, znaki drogowe test, origami dla dzieci, test czerwone krzes\u0142o, quizy dla dzieci z bajek, kolorowanki<\/p>\n<p>yyyyy<\/p>\n<p>&nbsp;<\/p>\n","protected":false},"excerpt":{"rendered":"<p>Przedmiotem oferty jest:Kask budowlany ochronny dla dzieci Bruder U10200Numer MIZAR: 58850Kask budowlany ochronny dla dzieci Bruder U10200Bruder to doskona\u0142e wzornictwo, wysmakowana kolorystyka dostosowana do gustu m\u0142odego odbiorcy, nadzwyczajna funkcjonalno\u015b\u0107.To tak\u017ce walory poznawczo-edukacyjne &#8211; zabawki Bruder pobudzaj\u0105 wyobra\u017ani\u0119 i kszta\u0142tuj\u0105 osobowo\u015b\u0107 m\u0142odego cz\u0142owieka pozwalaj\u0105c dziecku w bezpieczny spos\u00f3b poznawa\u0107 realny \u015bwiat.Wreszcie to co najwa\u017cniejsze &#8211; zabawki [&hellip;]<\/p>\n","protected":false},"featured_media":6134,"comment_status":"closed","ping_status":"open","template":"","meta":[],"product_cat":[1076,53],"product_tag":[792,707,677,589,841,824],"class_list":["post-6133","product","type-product","status-publish","has-post-thumbnail","hentry","product_cat-bruder","product_cat-kaciki-zabaw","product_tag-cytaty-o-mamie","product_tag-karty-pracy-dla-dzieci-z-ukrainy","product_tag-milosz-imie","product_tag-prezent-dla-rocznego-dziecka","product_tag-quiz-o-flagach","product_tag-warszawa-atrakcje-dla-dzieci"],"_links":{"self":[{"href":"http:\/\/klubmamgdynia.pl\/index.php\/wp-json\/wp\/v2\/product\/6133","targetHints":{"allow":["GET"]}}],"collection":[{"href":"http:\/\/klubmamgdynia.pl\/index.php\/wp-json\/wp\/v2\/product"}],"about":[{"href":"http:\/\/klubmamgdynia.pl\/index.php\/wp-json\/wp\/v2\/types\/product"}],"replies":[{"embeddable":true,"href":"http:\/\/klubmamgdynia.pl\/index.php\/wp-json\/wp\/v2\/comments?post=6133"}],"wp:featuredmedia":[{"embeddable":true,"href":"http:\/\/klubmamgdynia.pl\/index.php\/wp-json\/wp\/v2\/media\/6134"}],"wp:attachment":[{"href":"http:\/\/klubmamgdynia.pl\/index.php\/wp-json\/wp\/v2\/media?parent=6133"}],"wp:term":[{"taxonomy":"product_cat","embeddable":true,"href":"http:\/\/klubmamgdynia.pl\/index.php\/wp-json\/wp\/v2\/product_cat?post=6133"},{"taxonomy":"product_tag","embeddable":true,"href":"http:\/\/klubmamgdynia.pl\/index.php\/wp-json\/wp\/v2\/product_tag?post=6133"}],"curies":[{"name":"wp","href":"https:\/\/api.w.org\/{rel}","templated":true}]}}