{"id":6135,"date":"2015-10-18T16:00:45","date_gmt":"2015-10-18T14:00:45","guid":{"rendered":"http:\/\/klubmamgdynia.pl\/index.php\/produkt\/big-uchwyt-oparcie-do-jezdzika-bobby-car\/"},"modified":"2026-04-07T01:34:04","modified_gmt":"2026-04-06T23:34:04","slug":"big-uchwyt-oparcie-do-jezdzika-bobby-car","status":"publish","type":"product","link":"http:\/\/klubmamgdynia.pl\/index.php\/produkt\/big-uchwyt-oparcie-do-jezdzika-bobby-car\/","title":{"rendered":"Big Uchwyt Oparcie Do Je\u017adzika Bobby Car"},"content":{"rendered":"<p>Uchwyt do je\u017adzika to \u015bwietne akcesorium, kt\u00f3re przekszta\u0142ci je\u017adzik w chodzik &#8211; pchacz do nauki chodzenia. Produkt przeznaczony jest dla dzieci od 12 miesi\u0105ca \u017cycia, doskona\u0142y dla dzieci, kt\u00f3re zaczynaj\u0105 stawia\u0107 pierwsze kroki. Wysoko\u015b\u0107 uchwytu to 40cm. Uchwyt pe\u0142ni tak\u017ce funkcj\u0119 oparcia.Uchwyt kompatybilny z seri\u0105 Classic i New.<\/p>\n<h2>Big Uchwyt Oparcie Do Je\u017adzika Bobby Car Big<\/h2>\n<p>zosia samosia, kolorowanki konie z je\u017ad\u017acem, malowanki dla dziewczynek, wroc\u0142aw atrakcje dla m\u0142odzie\u017cy, pi\u0119kne cytaty o synku, tajemniczy ogr\u00f3d test z odpowiedziami, iwo imi\u0119, traktor z przyczep\u0105 kolorowanka, jedzie poci\u0105g z daleka tekst, imie paula, trudne zagadki na inteligencj\u0119, zabawy z pi\u0142k\u0105 dla dzieci, tajemniczy ogr\u00f3d test z lektury, zagadki dla dzieci 7-8 lat online, wroc\u0142aw atrakcje dla dzieci<\/p>\n<p>yyyyy<\/p>\n<p>&nbsp;<\/p>\n","protected":false},"excerpt":{"rendered":"<p>Uchwyt do je\u017adzika to \u015bwietne akcesorium, kt\u00f3re przekszta\u0142ci je\u017adzik w chodzik &#8211; pchacz do nauki chodzenia. Produkt przeznaczony jest dla dzieci od 12 miesi\u0105ca \u017cycia, doskona\u0142y dla dzieci, kt\u00f3re zaczynaj\u0105 stawia\u0107 pierwsze kroki. Wysoko\u015b\u0107 uchwytu to 40cm. Uchwyt pe\u0142ni tak\u017ce funkcj\u0119 oparcia.Uchwyt kompatybilny z seri\u0105 Classic i New. Big Uchwyt Oparcie Do Je\u017adzika Bobby Car [&hellip;]<\/p>\n","protected":false},"featured_media":6136,"comment_status":"closed","ping_status":"open","template":"","meta":[],"product_cat":[1418,400],"product_tag":[642,795,760,793],"class_list":["post-6135","product","type-product","status-publish","has-post-thumbnail","hentry","product_cat-akcesoria-do-zabawek-ogrodowych","product_cat-big","product_tag-mia-imie","product_tag-mini-zoo-warszawa","product_tag-zagadka-matematyczna","product_tag-zagadki-smieszne-podchwytliwe"],"_links":{"self":[{"href":"http:\/\/klubmamgdynia.pl\/index.php\/wp-json\/wp\/v2\/product\/6135","targetHints":{"allow":["GET"]}}],"collection":[{"href":"http:\/\/klubmamgdynia.pl\/index.php\/wp-json\/wp\/v2\/product"}],"about":[{"href":"http:\/\/klubmamgdynia.pl\/index.php\/wp-json\/wp\/v2\/types\/product"}],"replies":[{"embeddable":true,"href":"http:\/\/klubmamgdynia.pl\/index.php\/wp-json\/wp\/v2\/comments?post=6135"}],"wp:featuredmedia":[{"embeddable":true,"href":"http:\/\/klubmamgdynia.pl\/index.php\/wp-json\/wp\/v2\/media\/6136"}],"wp:attachment":[{"href":"http:\/\/klubmamgdynia.pl\/index.php\/wp-json\/wp\/v2\/media?parent=6135"}],"wp:term":[{"taxonomy":"product_cat","embeddable":true,"href":"http:\/\/klubmamgdynia.pl\/index.php\/wp-json\/wp\/v2\/product_cat?post=6135"},{"taxonomy":"product_tag","embeddable":true,"href":"http:\/\/klubmamgdynia.pl\/index.php\/wp-json\/wp\/v2\/product_tag?post=6135"}],"curies":[{"name":"wp","href":"https:\/\/api.w.org\/{rel}","templated":true}]}}