{"id":6137,"date":"2020-06-20T12:23:22","date_gmt":"2020-06-20T10:23:22","guid":{"rendered":"http:\/\/klubmamgdynia.pl\/index.php\/produkt\/hh-poland-ekspres-do-kawy-210937-zabawka\/"},"modified":"2026-04-30T23:21:58","modified_gmt":"2026-04-30T21:21:58","slug":"hh-poland-ekspres-do-kawy-210937-zabawka","status":"publish","type":"product","link":"http:\/\/klubmamgdynia.pl\/index.php\/produkt\/hh-poland-ekspres-do-kawy-210937-zabawka\/","title":{"rendered":"Hh Poland Ekspres Do Kawy 210937 &#8211; Zabawka"},"content":{"rendered":"<h2>Hh Poland Ekspres Do Kawy 210937 &#8211; Zabawka HH Poland<\/h2>\n<p>mariola, miko\u0142ajek &#8211; test z odpowiedziami, sky kolorowanka, ma\u0142y ksi\u0105\u017c\u0119 cytaty o mi\u0142o\u015bci, bajki terapeutyczne o emocjach pdf, kolorowanka kotek, warszawa z dzieckiem, chase kolorowanka, kolorowanki kotki do druku, dymitr, zagadki, zagadki dla dzieci 6 lat<\/p>\n<p>yyyyy<\/p>\n<p>&nbsp;<\/p>\n","protected":false},"excerpt":{"rendered":"<p>Hh Poland Ekspres Do Kawy 210937 &#8211; Zabawka HH Poland mariola, miko\u0142ajek &#8211; test z odpowiedziami, sky kolorowanka, ma\u0142y ksi\u0105\u017c\u0119 cytaty o mi\u0142o\u015bci, bajki terapeutyczne o emocjach pdf, kolorowanka kotek, warszawa z dzieckiem, chase kolorowanka, kolorowanki kotki do druku, dymitr, zagadki, zagadki dla dzieci 6 lat yyyyy &nbsp;<\/p>\n","protected":false},"featured_media":6138,"comment_status":"closed","ping_status":"open","template":"","meta":[],"product_cat":[290,53],"product_tag":[598,670,689,869],"class_list":["post-6137","product","type-product","status-publish","has-post-thumbnail","hentry","product_cat-hh-poland","product_cat-kaciki-zabaw","product_tag-co-na-roczek-dla-dziewczynki","product_tag-irma","product_tag-linda","product_tag-zagadki-na-logike"],"_links":{"self":[{"href":"http:\/\/klubmamgdynia.pl\/index.php\/wp-json\/wp\/v2\/product\/6137","targetHints":{"allow":["GET"]}}],"collection":[{"href":"http:\/\/klubmamgdynia.pl\/index.php\/wp-json\/wp\/v2\/product"}],"about":[{"href":"http:\/\/klubmamgdynia.pl\/index.php\/wp-json\/wp\/v2\/types\/product"}],"replies":[{"embeddable":true,"href":"http:\/\/klubmamgdynia.pl\/index.php\/wp-json\/wp\/v2\/comments?post=6137"}],"wp:featuredmedia":[{"embeddable":true,"href":"http:\/\/klubmamgdynia.pl\/index.php\/wp-json\/wp\/v2\/media\/6138"}],"wp:attachment":[{"href":"http:\/\/klubmamgdynia.pl\/index.php\/wp-json\/wp\/v2\/media?parent=6137"}],"wp:term":[{"taxonomy":"product_cat","embeddable":true,"href":"http:\/\/klubmamgdynia.pl\/index.php\/wp-json\/wp\/v2\/product_cat?post=6137"},{"taxonomy":"product_tag","embeddable":true,"href":"http:\/\/klubmamgdynia.pl\/index.php\/wp-json\/wp\/v2\/product_tag?post=6137"}],"curies":[{"name":"wp","href":"https:\/\/api.w.org\/{rel}","templated":true}]}}