{"id":6139,"date":"2016-07-22T15:31:06","date_gmt":"2016-07-22T13:31:06","guid":{"rendered":"http:\/\/klubmamgdynia.pl\/index.php\/produkt\/tester-gleby-miernik-ph-i-wilgotnosc-biowin-071505\/"},"modified":"2026-05-17T22:29:13","modified_gmt":"2026-05-17T20:29:13","slug":"tester-gleby-miernik-ph-i-wilgotnosc-biowin-071505","status":"publish","type":"product","link":"http:\/\/klubmamgdynia.pl\/index.php\/produkt\/tester-gleby-miernik-ph-i-wilgotnosc-biowin-071505\/","title":{"rendered":"TESTER GLEBY MIERNIK PH i WILGOTNOSC BIOWIN 071505"},"content":{"rendered":"<p>Tester pod\u0142o\u017ca to urz\u0105dzenie do jednoczesnego pomiaru pH oraz wilgotno\u015bci gleby &#8211; bardzo przydatny przy uprawie wielu odmian ro\u015blin i warzyw.Znajomo\u015b\u0107 pH pod\u0142o\u017ca znakomicie u\u0142atwia planowanie, a p\u00f3\u017aniej utrzymanie warunk\u00f3w optymalnych dla naszych upraw. W konsekwencji mo\u017cemy dzia\u0142a\u0107 bardziej \u015bwiadomie i otrzyma\u0107 satysfakcjonuj\u0105ce nas plony.Testery pH to proste w u\u017cyciu pH-metry. Przeznaczone do prostych zastosowa\u0144 pomiar\u00f3w kwasowo\u015bci roztwor\u00f3w. Cechuje je zwarta konstrukcja, trwa\u0142o\u015b\u0107 i \u0142atwo\u015b\u0107 obs\u0142ugi.INSTRUKCJA OBS\u0141UGI W WERSJI ELEKTRONICZNEJZESTAW ZAWIERA:urz\u0105dzenie oryginalnie zapakowane gwarancja 12 miesi\u0119cy na podstawie dowodu zakupu (paragon lub FV) &#8211; dol\u0105czamy do ka\u017cdej przesy\u0142kiinstrukcja obs\u0142ugiparagon lub faktura VATnasz firmowy kalendarzyk \ud83d\ude42<\/p>\n<h2>TESTER GLEBY MIERNIK PH i WILGOTNOSC BIOWIN 071505 Biowin<\/h2>\n<p>gda\u0144sk atrakcje dla m\u0142odzie\u017cy, kolorowanka lody, zagadki dla 5 latka, pa\u0144stwa europy i ich stolice quiz, kolorowanki \u015bwinka peppa, co kupi\u0107 nastolatce na \u015bwi\u0119ta, historia andrzejek dla dzieci, p\u0142onie ognisko w lesie, kolorowanki lol, bajka o dinozaurach do czytania<\/p>\n<p>yyyyy<\/p>\n<p>&nbsp;<\/p>\n","protected":false},"excerpt":{"rendered":"<p>Tester pod\u0142o\u017ca to urz\u0105dzenie do jednoczesnego pomiaru pH oraz wilgotno\u015bci gleby &#8211; bardzo przydatny przy uprawie wielu odmian ro\u015blin i warzyw.Znajomo\u015b\u0107 pH pod\u0142o\u017ca znakomicie u\u0142atwia planowanie, a p\u00f3\u017aniej utrzymanie warunk\u00f3w optymalnych dla naszych upraw. W konsekwencji mo\u017cemy dzia\u0142a\u0107 bardziej \u015bwiadomie i otrzyma\u0107 satysfakcjonuj\u0105ce nas plony.Testery pH to proste w u\u017cyciu pH-metry. Przeznaczone do prostych zastosowa\u0144 [&hellip;]<\/p>\n","protected":false},"featured_media":6140,"comment_status":"closed","ping_status":"open","template":"","meta":[],"product_cat":[1429,1411],"product_tag":[700,622,784,734,840,576],"class_list":["post-6139","product","type-product","status-publish","has-post-thumbnail","hentry","product_cat-biowin","product_cat-pozostale-narzedzia-reczne-do-ogrodu","product_tag-bajki-do-czytania-dla-dzieci","product_tag-fajne-zagadki","product_tag-hymn-gorniczy","product_tag-milan-imie","product_tag-stare-bajki","product_tag-trudne-zagadki"],"_links":{"self":[{"href":"http:\/\/klubmamgdynia.pl\/index.php\/wp-json\/wp\/v2\/product\/6139","targetHints":{"allow":["GET"]}}],"collection":[{"href":"http:\/\/klubmamgdynia.pl\/index.php\/wp-json\/wp\/v2\/product"}],"about":[{"href":"http:\/\/klubmamgdynia.pl\/index.php\/wp-json\/wp\/v2\/types\/product"}],"replies":[{"embeddable":true,"href":"http:\/\/klubmamgdynia.pl\/index.php\/wp-json\/wp\/v2\/comments?post=6139"}],"wp:featuredmedia":[{"embeddable":true,"href":"http:\/\/klubmamgdynia.pl\/index.php\/wp-json\/wp\/v2\/media\/6140"}],"wp:attachment":[{"href":"http:\/\/klubmamgdynia.pl\/index.php\/wp-json\/wp\/v2\/media?parent=6139"}],"wp:term":[{"taxonomy":"product_cat","embeddable":true,"href":"http:\/\/klubmamgdynia.pl\/index.php\/wp-json\/wp\/v2\/product_cat?post=6139"},{"taxonomy":"product_tag","embeddable":true,"href":"http:\/\/klubmamgdynia.pl\/index.php\/wp-json\/wp\/v2\/product_tag?post=6139"}],"curies":[{"name":"wp","href":"https:\/\/api.w.org\/{rel}","templated":true}]}}