{"id":6141,"date":"2017-06-01T14:03:49","date_gmt":"2017-06-01T12:03:49","guid":{"rendered":"http:\/\/klubmamgdynia.pl\/index.php\/produkt\/abc-design-salsa-oslonka-na-nozki-bubble\/"},"modified":"2026-04-23T15:54:32","modified_gmt":"2026-04-23T13:54:32","slug":"abc-design-salsa-oslonka-na-nozki-bubble","status":"publish","type":"product","link":"http:\/\/klubmamgdynia.pl\/index.php\/produkt\/abc-design-salsa-oslonka-na-nozki-bubble\/","title":{"rendered":"Abc Design Salsa Os\u0142onka Na N\u00f3\u017cki Bubble"},"content":{"rendered":"<h2>Abc Design Salsa Os\u0142onka Na N\u00f3\u017cki Bubble ABC Design<\/h2>\n<p>prezent na roczek nie zabawka, zagadki logiczne z odpowiedziami, dzie\u0144 pluszowego misia napis, bajki dla dzieci na dobranoc, zwierz\u0119ta z plasteliny, tekst kolysanek, mira imie, bajki terapeutyczne o emocjach pdf, romantyczna bajka na dobranoc, karolcia test z lektury, tymoteusz znaczenie imienia, zagadki dla dzieci 7-8 lat online, bajki o ksi\u0119\u017cniczkach do czytania, laura, jak narysowa\u0107 psa krok po kroku, kolorowanki pi\u0142karskie, felix net i nika oraz gang niewidzialnych ludzi quiz<\/p>\n<p>yyyyy<\/p>\n<p>&nbsp;<\/p>\n","protected":false},"excerpt":{"rendered":"<p>Abc Design Salsa Os\u0142onka Na N\u00f3\u017cki Bubble ABC Design prezent na roczek nie zabawka, zagadki logiczne z odpowiedziami, dzie\u0144 pluszowego misia napis, bajki dla dzieci na dobranoc, zwierz\u0119ta z plasteliny, tekst kolysanek, mira imie, bajki terapeutyczne o emocjach pdf, romantyczna bajka na dobranoc, karolcia test z lektury, tymoteusz znaczenie imienia, zagadki dla dzieci 7-8 lat [&hellip;]<\/p>\n","protected":false},"featured_media":6142,"comment_status":"closed","ping_status":"open","template":"","meta":[],"product_cat":[1422,127],"product_tag":[668,832,828,745],"class_list":["post-6141","product","type-product","status-publish","has-post-thumbnail","hentry","product_cat-abc-design","product_cat-akcesoria-do-wozkow","product_tag-atrakcje-dla-dzieci-wroclaw","product_tag-desery-dla-dzieci","product_tag-filmy-wigilijne-dla-dzieci","product_tag-prezent-dla-15-latki"],"_links":{"self":[{"href":"http:\/\/klubmamgdynia.pl\/index.php\/wp-json\/wp\/v2\/product\/6141","targetHints":{"allow":["GET"]}}],"collection":[{"href":"http:\/\/klubmamgdynia.pl\/index.php\/wp-json\/wp\/v2\/product"}],"about":[{"href":"http:\/\/klubmamgdynia.pl\/index.php\/wp-json\/wp\/v2\/types\/product"}],"replies":[{"embeddable":true,"href":"http:\/\/klubmamgdynia.pl\/index.php\/wp-json\/wp\/v2\/comments?post=6141"}],"wp:featuredmedia":[{"embeddable":true,"href":"http:\/\/klubmamgdynia.pl\/index.php\/wp-json\/wp\/v2\/media\/6142"}],"wp:attachment":[{"href":"http:\/\/klubmamgdynia.pl\/index.php\/wp-json\/wp\/v2\/media?parent=6141"}],"wp:term":[{"taxonomy":"product_cat","embeddable":true,"href":"http:\/\/klubmamgdynia.pl\/index.php\/wp-json\/wp\/v2\/product_cat?post=6141"},{"taxonomy":"product_tag","embeddable":true,"href":"http:\/\/klubmamgdynia.pl\/index.php\/wp-json\/wp\/v2\/product_tag?post=6141"}],"curies":[{"name":"wp","href":"https:\/\/api.w.org\/{rel}","templated":true}]}}