{"id":6145,"date":"2013-05-16T22:57:09","date_gmt":"2013-05-16T20:57:09","guid":{"rendered":"http:\/\/klubmamgdynia.pl\/index.php\/produkt\/toys-zestaw-lekarski-malego-doktora-lekarza-zabawka\/"},"modified":"2026-04-30T19:17:14","modified_gmt":"2026-04-30T17:17:14","slug":"toys-zestaw-lekarski-malego-doktora-lekarza-zabawka","status":"publish","type":"product","link":"http:\/\/klubmamgdynia.pl\/index.php\/produkt\/toys-zestaw-lekarski-malego-doktora-lekarza-zabawka\/","title":{"rendered":"Toys Zestaw Lekarski Ma\u0142ego Doktora Lekarza &#8211; Zabawka"},"content":{"rendered":"<p>ZESTAW LEKARSKI MA\u0141EGO DOKTORA LEKARZA DLA DZIECI NO.656202G\u0142\u00f3wne cechy produktu:Dla dzieci od 3 roku \u017cyciaZestaw ma\u0142ego doktora5 element\u00f3w w zestawieStetoskopOkularyOtoskop laryngologicznyTabletkiNauka poprzez zabaw\u0119Idealny zestaw dla ka\u017cdego dzieckaWymiary opakowania: 28 x 22 x 3 cmWysoka jako\u015b\u0107 wykonaniaZdrowie jest najwa\u017cniejsze. Je\u017celi zachorujesz, powiniene\u015b uda\u0107 si\u0119 natychmiast do lekarza, \u017ceby Ci\u0119 zbada\u0142. Czasami jednak pacjent nie mo\u017ce sam dojecha\u0107 i musisz uda\u0107 si\u0119 na miejsce. Zabierz sw\u00f3j zestaw lekarski i ruszaj w drog\u0119. Znajdziesz w nim niezb\u0119dne akcesoria aby pom\u00f3c potrzebuj\u0105cemu.W zestawie znajdziesz m.in. akcesoria takie jak: otoskop laryngologiczny, stetoskop, tabletki, okulary.Jednym ze sposob\u00f3w w jaki dziecko odkrywa \u015bwiat jest zabawa w odgrywanie r\u00f3l, a dzi\u0119ki temu zestawowi dziecko mo\u017ce zosta\u0107 lekarzem.Zabawka \u0142\u0105czy ze sob\u0105 form\u0119 zabawy z nauk\u0105, dzi\u0119ki czemu dziecko bawi\u0105c si\u0119 poznaje ludzkie cia\u0142o. Zabawka jest przeznaczona dla dzieci od 3 roku \u017cycia.<\/p>\n<h2>Toys Zestaw Lekarski Ma\u0142ego Doktora Lekarza &#8211; Zabawka Toys<\/h2>\n<p>zagadki na inteligencj\u0119, trudne zagadki logiczne z odpowiedziami, michalina, jeremi imi\u0119, prezent roczek dziewczynka, gry dla nastolatk\u00f3w, kawa\u0142y na prima aprilis dla rodzic\u00f3w, motylek, maska karnawa\u0142owa pdf, kolorowanki do druku pokemon, kubu\u015b puchatek cytaty, jazda konna dla dzieci, miasto dzieci.pl, borys imi\u0119, malowane kamienie, bajka psi patrol do czytania, karty pracy dla dzieci z ukrainy, zaczarowana zagroda &#8211; test, choinko pi\u0119kna jak las tekst<\/p>\n<p>yyyyy<\/p>\n<p>&nbsp;<\/p>\n","protected":false},"excerpt":{"rendered":"<p>ZESTAW LEKARSKI MA\u0141EGO DOKTORA LEKARZA DLA DZIECI NO.656202G\u0142\u00f3wne cechy produktu:Dla dzieci od 3 roku \u017cyciaZestaw ma\u0142ego doktora5 element\u00f3w w zestawieStetoskopOkularyOtoskop laryngologicznyTabletkiNauka poprzez zabaw\u0119Idealny zestaw dla ka\u017cdego dzieckaWymiary opakowania: 28 x 22 x 3 cmWysoka jako\u015b\u0107 wykonaniaZdrowie jest najwa\u017cniejsze. Je\u017celi zachorujesz, powiniene\u015b uda\u0107 si\u0119 natychmiast do lekarza, \u017ceby Ci\u0119 zbada\u0142. Czasami jednak pacjent nie mo\u017ce sam [&hellip;]<\/p>\n","protected":false},"featured_media":6146,"comment_status":"closed","ping_status":"open","template":"","meta":[],"product_cat":[53,1430],"product_tag":[727,689,734,805],"class_list":["post-6145","product","type-product","status-publish","has-post-thumbnail","hentry","product_cat-kaciki-zabaw","product_cat-toys","product_tag-godlo-polski-do-druku","product_tag-linda","product_tag-milan-imie","product_tag-znaczenie-imienia-alan"],"_links":{"self":[{"href":"http:\/\/klubmamgdynia.pl\/index.php\/wp-json\/wp\/v2\/product\/6145","targetHints":{"allow":["GET"]}}],"collection":[{"href":"http:\/\/klubmamgdynia.pl\/index.php\/wp-json\/wp\/v2\/product"}],"about":[{"href":"http:\/\/klubmamgdynia.pl\/index.php\/wp-json\/wp\/v2\/types\/product"}],"replies":[{"embeddable":true,"href":"http:\/\/klubmamgdynia.pl\/index.php\/wp-json\/wp\/v2\/comments?post=6145"}],"wp:featuredmedia":[{"embeddable":true,"href":"http:\/\/klubmamgdynia.pl\/index.php\/wp-json\/wp\/v2\/media\/6146"}],"wp:attachment":[{"href":"http:\/\/klubmamgdynia.pl\/index.php\/wp-json\/wp\/v2\/media?parent=6145"}],"wp:term":[{"taxonomy":"product_cat","embeddable":true,"href":"http:\/\/klubmamgdynia.pl\/index.php\/wp-json\/wp\/v2\/product_cat?post=6145"},{"taxonomy":"product_tag","embeddable":true,"href":"http:\/\/klubmamgdynia.pl\/index.php\/wp-json\/wp\/v2\/product_tag?post=6145"}],"curies":[{"name":"wp","href":"https:\/\/api.w.org\/{rel}","templated":true}]}}