{"id":615,"date":"2020-10-01T17:13:52","date_gmt":"2020-10-01T15:13:52","guid":{"rendered":"http:\/\/klubmamgdynia.pl\/index.php\/produkt\/gra-planszowa-takie-zycie-1-ciekawostki\/"},"modified":"2026-04-05T00:14:19","modified_gmt":"2026-04-04T22:14:19","slug":"gra-planszowa-takie-zycie-1-ciekawostki","status":"publish","type":"product","link":"http:\/\/klubmamgdynia.pl\/index.php\/produkt\/gra-planszowa-takie-zycie-1-ciekawostki\/","title":{"rendered":"Gra planszowa Takie \u017bycie 1 &#8211; Ciekawostki"},"content":{"rendered":"<p>Wieje nud\u0105? Jedziecie samochodem? Poci\u0105giem? Czekacie na samolot? Czekacie a\u017c pi\u0105ty gracz wyjdzie z \u0142azienki lub wr\u00f3ci ze sklepu, by\u015bcie mogli w ko\u0144cu zacz\u0105\u0107 gra\u0107 w gr\u0119 ju\u017c roz\u0142o\u017con\u0105 na stole? ;)Wyci\u0105gnijcie &#8222;Takie \u017bycie!&#8221;Jeden z Was dobiera losow\u0105 kart\u0119.Czyta kr\u00f3tk\u0105, acz niezwyk\u0142\u0105 histori\u0119, ale wsp\u00f3\u0142graczom ujawnia tylko wskazany kawa\u0142ek.A teraz wsp\u00f3\u0142gracze zadaj\u0105c pytania musz\u0105 doj\u015b\u0107 do tego, co tak naprawd\u0119 si\u0119 wydarzy\u0142o!Oczywi\u015bcie nie jest to proste, bo historie, mimo, \u017ce wydarzy\u0142y si\u0119 naprawd\u0119 to s\u0105 czasami naprawd\u0119 niewiarygodne! Dlatego ka\u017cda z nich ma kilka kluczowych pyta\u0144 zaznaczonych na karcie, kt\u00f3re, je\u015bli zostan\u0105 zadane przez odgaduj\u0105cych, nie tylko daj\u0105 im punkty, ale przede wszystkim pozwalaj\u0105 im zrozumie\u0107, \u017ce pod\u0105\u017caj\u0105 w\u0142a\u015bciwym tropem!Dlaczego marynarze \u015bcinali czubki maszt\u00f3w?Jak uratowano komu\u015b \u017cycie, odpalaj\u0105c cygaro?Pewien cz\u0142owiek nigdy nie musia\u0142 p\u0142aci\u0107 rachunk\u00f3w w restauracji, dlaczego?Takie \u017bycie to doskona\u0142a zabawa w dowolnym towarzystwie. Tutaj nie gra roli do\u015bwiadczenie, tylko pomys\u0142owo\u015b\u0107, szalone idee i ch\u0119\u0107 dobrej zabawy. Tu nie ma przegranych, tutaj wszyscy bawi\u0105 si\u0119 wy\u015bmienicie tak, \u017ce Was a\u017c brzuchy rozbol\u0105! Takie \u017bycie to talia kart, kt\u00f3r\u0105 mo\u017cna zabra\u0107 ze sob\u0105 wsz\u0119dzie i wyci\u0105gn\u0105\u0107 z kieszeni w dowolnym momencie.Tylko uwa\u017cajcie! Gra wci\u0105ga tak, \u017ce zanim zorientujecie si\u0119, mo\u017cecie przegapi\u0107 poci\u0105g! \ud83d\ude42<\/p>\n<h2>Gra planszowa Takie \u017bycie 1 &#8211; Ciekawostki Rebel<\/h2>\n<p>pole dyniowe pozna\u0144, darmowe kolorowanki do druku, \u015bmieszne kanapki kanapki dla dzieci, karty pracy po ukrai\u0144sku, prezenty na urodziny dla nastolatk\u00f3w<\/p>\n<p>yyyyy<\/p>\n<p>&nbsp;<\/p>\n","protected":false},"excerpt":{"rendered":"<p>Wieje nud\u0105? Jedziecie samochodem? Poci\u0105giem? Czekacie na samolot? Czekacie a\u017c pi\u0105ty gracz wyjdzie z \u0142azienki lub wr\u00f3ci ze sklepu, by\u015bcie mogli w ko\u0144cu zacz\u0105\u0107 gra\u0107 w gr\u0119 ju\u017c roz\u0142o\u017con\u0105 na stole? ;)Wyci\u0105gnijcie &#8222;Takie \u017bycie!&#8221;Jeden z Was dobiera losow\u0105 kart\u0119.Czyta kr\u00f3tk\u0105, acz niezwyk\u0142\u0105 histori\u0119, ale wsp\u00f3\u0142graczom ujawnia tylko wskazany kawa\u0142ek.A teraz wsp\u00f3\u0142gracze zadaj\u0105c pytania musz\u0105 doj\u015b\u0107 [&hellip;]<\/p>\n","protected":false},"featured_media":616,"comment_status":"closed","ping_status":"open","template":"","meta":[],"product_cat":[235,219],"product_tag":[753,683,591,741,823],"class_list":["post-615","product","type-product","status-publish","has-post-thumbnail","hentry","product_cat-gry-planszowe","product_cat-rebel","product_tag-kamila","product_tag-karaluchy-pod-poduchy","product_tag-quiz-o-minecraft","product_tag-wlochy","product_tag-zagadki-dla-dzieci-7-lat"],"_links":{"self":[{"href":"http:\/\/klubmamgdynia.pl\/index.php\/wp-json\/wp\/v2\/product\/615","targetHints":{"allow":["GET"]}}],"collection":[{"href":"http:\/\/klubmamgdynia.pl\/index.php\/wp-json\/wp\/v2\/product"}],"about":[{"href":"http:\/\/klubmamgdynia.pl\/index.php\/wp-json\/wp\/v2\/types\/product"}],"replies":[{"embeddable":true,"href":"http:\/\/klubmamgdynia.pl\/index.php\/wp-json\/wp\/v2\/comments?post=615"}],"wp:featuredmedia":[{"embeddable":true,"href":"http:\/\/klubmamgdynia.pl\/index.php\/wp-json\/wp\/v2\/media\/616"}],"wp:attachment":[{"href":"http:\/\/klubmamgdynia.pl\/index.php\/wp-json\/wp\/v2\/media?parent=615"}],"wp:term":[{"taxonomy":"product_cat","embeddable":true,"href":"http:\/\/klubmamgdynia.pl\/index.php\/wp-json\/wp\/v2\/product_cat?post=615"},{"taxonomy":"product_tag","embeddable":true,"href":"http:\/\/klubmamgdynia.pl\/index.php\/wp-json\/wp\/v2\/product_tag?post=615"}],"curies":[{"name":"wp","href":"https:\/\/api.w.org\/{rel}","templated":true}]}}