{"id":6151,"date":"2021-05-17T07:09:41","date_gmt":"2021-05-17T05:09:41","guid":{"rendered":"http:\/\/klubmamgdynia.pl\/index.php\/produkt\/motherhood-spiworek-2w1-018m-classics-niebieski\/"},"modified":"2026-04-23T16:03:35","modified_gmt":"2026-04-23T14:03:35","slug":"motherhood-spiworek-2w1-018m-classics-niebieski","status":"publish","type":"product","link":"http:\/\/klubmamgdynia.pl\/index.php\/produkt\/motherhood-spiworek-2w1-018m-classics-niebieski\/","title":{"rendered":"Motherhood \u015apiworek 2W1 018M Classics Niebieski"},"content":{"rendered":"<p>\u015apiworek 2w1 Motherhood zosta\u0142 zaprojektowany z my\u015bl\u0105 o komforcie dzieci i ich rodzic\u00f3w. Innowacyjny zamek u\u0142atwia zmian\u0119 pieluchy, bez potrzeby rozpinania ca\u0142ego \u015bpiworka i wybudzania dziecka ze snu, a os\u0142onki na jego zako\u0144czeniach minimalizuj\u0105 ryzyko podra\u017cnienia delikatnej sk\u00f3ry dziecka. Dzi\u0119ki zamykanej na napy zak\u0142adce \u015apiworek 2w1 Motherhood ro\u015bnie razem z dzieckiem oferuj\u0105c dwa rozmiary w jednym: 3-6 mies. przy zapi\u0119tej zak\u0142adce dolnej oraz 6-18 mies. przy zak\u0142adce otwartej. Dodatkowe napy umo\u017cliwiaj\u0105 zmniejszenie otwor\u00f3w pod pachami (dla dzieci poni\u017cej 4,5 kg). \u015apiworek 2w1 Motherhood zosta\u0142 uszyty z najwy\u017cszej jako\u015bci atestowanych materia\u0142\u00f3w polskiej produkcji spe\u0142niaj\u0105cych normy Oeko-Tex Standard 100. \u015apiworek zosta\u0142 ocieplony atestowanym w\u0142\u00f3knem poliestrowym. Grubo\u015b\u0107 ociepliny zosta\u0142a zoptymalizowana, dzi\u0119ki czemu \u015apiworek 2w1 zapewnia dzieciom komfort termiczny, bez niebezpiecze\u0144stwa przegrzania malucha. \u015apiworki 2w1 Motherhood, jako jedne z nielicznych produkowanych w Polsce, posiadaj\u0105 atest Oeko-Tex Standard 100 wydany przez Instytut W\u0142\u00f3kiennictwa pod numerem IW 00141IW. Sk\u0142ad: warstwa zewn\u0119trzna \u2013 100% bawe\u0142na Wype\u0142nienie: 100% atestowany poliester<\/p>\n<h2>Motherhood \u015apiworek 2W1 018M Classics Niebieski Motherhood<\/h2>\n<p>ko\u0142ysanka dla dzieci tekst, test na znaki drogowe, pomys\u0142y na prezent dla nastolatk\u00f3w, lol do druku, gra planszowa dla nastolatk\u00f3w, zagadka matematyczna dla dzieci, rymowane zagadki dla dzieci, mdk aleksandr\u00f3w \u0142\u00f3dzki, zabawy dla 6 latk\u00f3w, dzieci cytaty, co \u0142apie ale nie rzuca, pomys\u0142y na prima aprilis w szkole, rzadkie imiona, prima aprilis \u017carty dla rodzic\u00f3w<\/p>\n<p>yyyyy<\/p>\n<p>&nbsp;<\/p>\n","protected":false},"excerpt":{"rendered":"<p>\u015apiworek 2w1 Motherhood zosta\u0142 zaprojektowany z my\u015bl\u0105 o komforcie dzieci i ich rodzic\u00f3w. Innowacyjny zamek u\u0142atwia zmian\u0119 pieluchy, bez potrzeby rozpinania ca\u0142ego \u015bpiworka i wybudzania dziecka ze snu, a os\u0142onki na jego zako\u0144czeniach minimalizuj\u0105 ryzyko podra\u017cnienia delikatnej sk\u00f3ry dziecka. Dzi\u0119ki zamykanej na napy zak\u0142adce \u015apiworek 2w1 Motherhood ro\u015bnie razem z dzieckiem oferuj\u0105c dwa rozmiary w [&hellip;]<\/p>\n","protected":false},"featured_media":6152,"comment_status":"closed","ping_status":"open","template":"","meta":[],"product_cat":[190,395],"product_tag":[750,853,773,869,791],"class_list":["post-6151","product","type-product","status-publish","has-post-thumbnail","hentry","product_cat-motherhood","product_cat-spiworki","product_tag-imie-kostek","product_tag-kolorowanki-do-druku-dla-doroslych","product_tag-test-z-lektury-opowiesci-z-narnii-lew-czarownica-i-stara-szafa","product_tag-zagadki-na-logike","product_tag-zagadki-na-myslenie"],"_links":{"self":[{"href":"http:\/\/klubmamgdynia.pl\/index.php\/wp-json\/wp\/v2\/product\/6151","targetHints":{"allow":["GET"]}}],"collection":[{"href":"http:\/\/klubmamgdynia.pl\/index.php\/wp-json\/wp\/v2\/product"}],"about":[{"href":"http:\/\/klubmamgdynia.pl\/index.php\/wp-json\/wp\/v2\/types\/product"}],"replies":[{"embeddable":true,"href":"http:\/\/klubmamgdynia.pl\/index.php\/wp-json\/wp\/v2\/comments?post=6151"}],"wp:featuredmedia":[{"embeddable":true,"href":"http:\/\/klubmamgdynia.pl\/index.php\/wp-json\/wp\/v2\/media\/6152"}],"wp:attachment":[{"href":"http:\/\/klubmamgdynia.pl\/index.php\/wp-json\/wp\/v2\/media?parent=6151"}],"wp:term":[{"taxonomy":"product_cat","embeddable":true,"href":"http:\/\/klubmamgdynia.pl\/index.php\/wp-json\/wp\/v2\/product_cat?post=6151"},{"taxonomy":"product_tag","embeddable":true,"href":"http:\/\/klubmamgdynia.pl\/index.php\/wp-json\/wp\/v2\/product_tag?post=6151"}],"curies":[{"name":"wp","href":"https:\/\/api.w.org\/{rel}","templated":true}]}}