{"id":6155,"date":"2020-01-31T05:29:11","date_gmt":"2020-01-31T04:29:11","guid":{"rendered":"http:\/\/klubmamgdynia.pl\/index.php\/produkt\/kanlux-gori-el-235-d\/"},"modified":"2026-05-02T14:15:26","modified_gmt":"2026-05-02T12:15:26","slug":"kanlux-gori-el-235-d","status":"publish","type":"product","link":"http:\/\/klubmamgdynia.pl\/index.php\/produkt\/kanlux-gori-el-235-d\/","title":{"rendered":"Kanlux Gori El 235 D"},"content":{"rendered":"<p>Oprawy ogrodowe Kanlux GORI to kompletna seria, kt\u00f3ra sk\u0142ada si\u0119 z kinkiet\u00f3w i s\u0142upk\u00f3w. Ich kwadratowy, surowy kszta\u0142t jest odpowiedzi\u0105 na trendy na rynku. Wszystkie oprawy Kanlux GORI posiadaj\u0105 wymienne \u017ar\u00f3d\u0142a \u015bwiat\u0142a, co daje mo\u017cliwo\u015b\u0107 dowolnego wyboru barwy i nat\u0119\u017cenia przydomowego \u015bwiat\u0142a.                            <\/p>\n<p>Informacje o produkcie:<\/p>\n<p>zasilanie [V]: 220-240 ~50\/60Hz<\/p>\n<p>moc max. [W]: max. 2&#215;35<\/p>\n<p>trzonek \u017car\u00f3wki: GU10<\/p>\n<p>klasa ochrony: I<\/p>\n<p>stopie\u0144 ochrony: IP 44<\/p>\n<p>kierunek \u015bwiecenia: d\u00f3\u0142 \/ g\u00f3ra<\/p>\n<p>zakres temperatury otoczenia [\u00b0C]: -20\u00f7 35<\/p>\n<p>\u017ar\u00f3d\u0142o \u015bwiat\u0142a w zestawie: brak<\/p>\n<p>materia\u0142: aluminium\/szk\u0142o hartowane<\/p>\n<p>kolor: antracyt<\/p>\n<h2>Kanlux Gori El 235 D Kanlux<\/h2>\n<p>trudne zagadki z odpowiedziami, mitologia grecka quiz, \u015bw przemys\u0142aw, irma, fajne prezenty dla nastolatk\u00f3w, piosenki o wakacjach, testy na znaki drogowe, nauka literek do druku, kolorowe listki, atrakcje dla dzieci mazowieckie, znaki drogowe quizy<\/p>\n<p>yyyyy<\/p>\n<p>&nbsp;<\/p>\n","protected":false},"excerpt":{"rendered":"<p>Oprawy ogrodowe Kanlux GORI to kompletna seria, kt\u00f3ra sk\u0142ada si\u0119 z kinkiet\u00f3w i s\u0142upk\u00f3w. Ich kwadratowy, surowy kszta\u0142t jest odpowiedzi\u0105 na trendy na rynku. Wszystkie oprawy Kanlux GORI posiadaj\u0105 wymienne \u017ar\u00f3d\u0142a \u015bwiat\u0142a, co daje mo\u017cliwo\u015b\u0107 dowolnego wyboru barwy i nat\u0119\u017cenia przydomowego \u015bwiat\u0142a. Informacje o produkcie: zasilanie [V]: 220-240 ~50\/60Hz moc max. [W]: max. 2&#215;35 trzonek [&hellip;]<\/p>\n","protected":false},"featured_media":6156,"comment_status":"closed","ping_status":"open","template":"","meta":[],"product_cat":[1431,1050],"product_tag":[696,669,644],"class_list":["post-6155","product","type-product","status-publish","has-post-thumbnail","hentry","product_cat-kanlux","product_cat-oswietlenie-zewnetrzne-i-ogrodowe","product_tag-film-rodzinny-o-swietach","product_tag-kolorowanki","product_tag-mia"],"_links":{"self":[{"href":"http:\/\/klubmamgdynia.pl\/index.php\/wp-json\/wp\/v2\/product\/6155","targetHints":{"allow":["GET"]}}],"collection":[{"href":"http:\/\/klubmamgdynia.pl\/index.php\/wp-json\/wp\/v2\/product"}],"about":[{"href":"http:\/\/klubmamgdynia.pl\/index.php\/wp-json\/wp\/v2\/types\/product"}],"replies":[{"embeddable":true,"href":"http:\/\/klubmamgdynia.pl\/index.php\/wp-json\/wp\/v2\/comments?post=6155"}],"wp:featuredmedia":[{"embeddable":true,"href":"http:\/\/klubmamgdynia.pl\/index.php\/wp-json\/wp\/v2\/media\/6156"}],"wp:attachment":[{"href":"http:\/\/klubmamgdynia.pl\/index.php\/wp-json\/wp\/v2\/media?parent=6155"}],"wp:term":[{"taxonomy":"product_cat","embeddable":true,"href":"http:\/\/klubmamgdynia.pl\/index.php\/wp-json\/wp\/v2\/product_cat?post=6155"},{"taxonomy":"product_tag","embeddable":true,"href":"http:\/\/klubmamgdynia.pl\/index.php\/wp-json\/wp\/v2\/product_tag?post=6155"}],"curies":[{"name":"wp","href":"https:\/\/api.w.org\/{rel}","templated":true}]}}