{"id":6159,"date":"2014-07-01T02:00:16","date_gmt":"2014-07-01T00:00:16","guid":{"rendered":"http:\/\/klubmamgdynia.pl\/index.php\/produkt\/maxi-cosi-spiworek-dzieciecy-general-footmuff-essencial-black\/"},"modified":"2026-05-01T17:50:41","modified_gmt":"2026-05-01T15:50:41","slug":"maxi-cosi-spiworek-dzieciecy-general-footmuff-essencial-black","status":"publish","type":"product","link":"http:\/\/klubmamgdynia.pl\/index.php\/produkt\/maxi-cosi-spiworek-dzieciecy-general-footmuff-essencial-black\/","title":{"rendered":"Maxi-Cosi \u015apiworek Dzieci\u0119cy General Footmuff Essencial Black"},"content":{"rendered":"<p>Maxi Cosi &#8211; \u015bpiworek do w\u00f3zka Kolor\/wz\u00f3r: Essential Black Ciep\u0142y \u015bpiworek to akcesorium do w\u00f3zka, kt\u00f3re musi by\u0107 na wyposa\u017ceniu ka\u017cdego rodzica. Oferowany produkt pasuje do w\u00f3zk\u00f3w marki Maxi-Cosi, zosta\u0142 stworzony tak, aby rosn\u0105\u0107 wraz z maluchem. Posiada zamek b\u0142yskawiczny, dzi\u0119ki kt\u00f3remu wk\u0142adanie i wyjmowanie dziecka zajmuje dos\u0142ownie chwil\u0119 oraz guziczki, kt\u00f3re pomog\u0105 Ci manipulowa\u0107 \u015bpiworkiem tak, aby dopasowa\u0107 jego rozmiar do Twojej pociechy. Zintegrowany kaptur os\u0142oni delikatn\u0105 g\u0142\u00f3wk\u0119 maluszka, a znajduj\u0105ce si\u0119 otwory na pasy bezpiecze\u0144stwa pozwol\u0105 Ci dostosowa\u0107 \u015bpiworek do Twojego w\u00f3zka tak, aby nie traci\u0107 na bezpiecze\u0144stwie dziecka. \u015apiworek jest przystosowany do prania w 30 stopniach.<\/p>\n<h2>Maxi-Cosi \u015apiworek Dzieci\u0119cy General Footmuff Essencial Black Maxi-Cosi<\/h2>\n<p>dekorowanie kanapek dla dzieci, gry z pi\u0142k\u0105, kolorowanki pieski, prezent dla rocznego ch\u0142opca, atrakcje dla dzieci we wroc\u0142awiu, atrakcje dla dzieci wroclaw, jak rozmawia\u0107 z dzie\u0107mi o wojnie, zagadki \u0142amig\u0142\u00f3wki, sky kolorowanka, emanuel, filmy animowane o \u015bwi\u0119tach, bajki do czytania dla 6 latka, marcel znaczenie imienia<\/p>\n<p>yyyyy<\/p>\n<p>&nbsp;<\/p>\n","protected":false},"excerpt":{"rendered":"<p>Maxi Cosi &#8211; \u015bpiworek do w\u00f3zka Kolor\/wz\u00f3r: Essential Black Ciep\u0142y \u015bpiworek to akcesorium do w\u00f3zka, kt\u00f3re musi by\u0107 na wyposa\u017ceniu ka\u017cdego rodzica. Oferowany produkt pasuje do w\u00f3zk\u00f3w marki Maxi-Cosi, zosta\u0142 stworzony tak, aby rosn\u0105\u0107 wraz z maluchem. Posiada zamek b\u0142yskawiczny, dzi\u0119ki kt\u00f3remu wk\u0142adanie i wyjmowanie dziecka zajmuje dos\u0142ownie chwil\u0119 oraz guziczki, kt\u00f3re pomog\u0105 Ci manipulowa\u0107 [&hellip;]<\/p>\n","protected":false},"featured_media":6160,"comment_status":"closed","ping_status":"open","template":"","meta":[],"product_cat":[127,995],"product_tag":[580,729,596,774,739,591],"class_list":["post-6159","product","type-product","status-publish","has-post-thumbnail","hentry","product_cat-akcesoria-do-wozkow","product_cat-maxi-cosi","product_tag-janusz","product_tag-madre-bajki-dla-dzieci-do-czytania","product_tag-pomysly-na-prima-aprilis","product_tag-prezent-na-roczek-nie-zabawka","product_tag-prima-aprilis-w-szkole","product_tag-quiz-o-minecraft"],"_links":{"self":[{"href":"http:\/\/klubmamgdynia.pl\/index.php\/wp-json\/wp\/v2\/product\/6159","targetHints":{"allow":["GET"]}}],"collection":[{"href":"http:\/\/klubmamgdynia.pl\/index.php\/wp-json\/wp\/v2\/product"}],"about":[{"href":"http:\/\/klubmamgdynia.pl\/index.php\/wp-json\/wp\/v2\/types\/product"}],"replies":[{"embeddable":true,"href":"http:\/\/klubmamgdynia.pl\/index.php\/wp-json\/wp\/v2\/comments?post=6159"}],"wp:featuredmedia":[{"embeddable":true,"href":"http:\/\/klubmamgdynia.pl\/index.php\/wp-json\/wp\/v2\/media\/6160"}],"wp:attachment":[{"href":"http:\/\/klubmamgdynia.pl\/index.php\/wp-json\/wp\/v2\/media?parent=6159"}],"wp:term":[{"taxonomy":"product_cat","embeddable":true,"href":"http:\/\/klubmamgdynia.pl\/index.php\/wp-json\/wp\/v2\/product_cat?post=6159"},{"taxonomy":"product_tag","embeddable":true,"href":"http:\/\/klubmamgdynia.pl\/index.php\/wp-json\/wp\/v2\/product_tag?post=6159"}],"curies":[{"name":"wp","href":"https:\/\/api.w.org\/{rel}","templated":true}]}}