{"id":6161,"date":"2022-06-23T04:55:20","date_gmt":"2022-06-23T02:55:20","guid":{"rendered":"http:\/\/klubmamgdynia.pl\/index.php\/produkt\/cavoe-torva-do-wozka-osis-dessert-rose\/"},"modified":"2026-04-05T23:01:58","modified_gmt":"2026-04-05T21:01:58","slug":"cavoe-torva-do-wozka-osis-dessert-rose","status":"publish","type":"product","link":"http:\/\/klubmamgdynia.pl\/index.php\/produkt\/cavoe-torva-do-wozka-osis-dessert-rose\/","title":{"rendered":"Cavoe Torva Do Wozka Osis Dessert Rose"},"content":{"rendered":"<p>Praktyczna i pojemna torba do zawieszenia na r\u0105czce w\u00f3zka. Dzi\u0119ki do\u0142\u0105czonemu paskowi mo\u017cesz j\u0105 za\u0142o\u017cy\u0107 na rami\u0119. Wyposa\u017cona jest r\u00f3wnie\u017c w turystyczny przewijak oraz wiele praktycznych kieszeni. Pojemna i praktyczna torba do w\u00f3zka Osis, w kt\u00f3rej znajduje si\u0119 wiele praktycznych kieszonek sprawdzi si\u0119 ona w ka\u017cdej sytuacji.<\/p>\n<h2>Cavoe Torva Do Wozka Osis Dessert Rose Cavoe<\/h2>\n<p>gdzie na ferie zimowe 2022, \u017c\u0105rty na prima aprilis, krecik bajka, kuba imie, cicha noc po angielsku tekst, labirynt psi patrol, aurelia imie, dzie\u0144 pluszowego misia napis, pia, prezent dla ch\u0142opca 7 lat, kolorowe ciasto, quiz o zwierz\u0119tach domowych, papugi do druku, koty do druku, poczytaj mi wiersz, zagadka matematyczna, bajki na dobranoc dla dzieci<\/p>\n<p>yyyyy<\/p>\n<p>&nbsp;<\/p>\n","protected":false},"excerpt":{"rendered":"<p>Praktyczna i pojemna torba do zawieszenia na r\u0105czce w\u00f3zka. Dzi\u0119ki do\u0142\u0105czonemu paskowi mo\u017cesz j\u0105 za\u0142o\u017cy\u0107 na rami\u0119. Wyposa\u017cona jest r\u00f3wnie\u017c w turystyczny przewijak oraz wiele praktycznych kieszeni. Pojemna i praktyczna torba do w\u00f3zka Osis, w kt\u00f3rej znajduje si\u0119 wiele praktycznych kieszonek sprawdzi si\u0119 ona w ka\u017cdej sytuacji. Cavoe Torva Do Wozka Osis Dessert Rose Cavoe [&hellip;]<\/p>\n","protected":false},"featured_media":6162,"comment_status":"closed","ping_status":"open","template":"","meta":[],"product_cat":[127,1432],"product_tag":[590,641,708,710],"class_list":["post-6161","product","type-product","status-publish","has-post-thumbnail","hentry","product_cat-akcesoria-do-wozkow","product_cat-cavoe","product_tag-plac-zabaw-warszawa","product_tag-trudne-zagadki-logiczne","product_tag-zabawy-ruchowe-dla-dzieci","product_tag-zagadki-dla-dzieci-10-12-lat"],"_links":{"self":[{"href":"http:\/\/klubmamgdynia.pl\/index.php\/wp-json\/wp\/v2\/product\/6161","targetHints":{"allow":["GET"]}}],"collection":[{"href":"http:\/\/klubmamgdynia.pl\/index.php\/wp-json\/wp\/v2\/product"}],"about":[{"href":"http:\/\/klubmamgdynia.pl\/index.php\/wp-json\/wp\/v2\/types\/product"}],"replies":[{"embeddable":true,"href":"http:\/\/klubmamgdynia.pl\/index.php\/wp-json\/wp\/v2\/comments?post=6161"}],"wp:featuredmedia":[{"embeddable":true,"href":"http:\/\/klubmamgdynia.pl\/index.php\/wp-json\/wp\/v2\/media\/6162"}],"wp:attachment":[{"href":"http:\/\/klubmamgdynia.pl\/index.php\/wp-json\/wp\/v2\/media?parent=6161"}],"wp:term":[{"taxonomy":"product_cat","embeddable":true,"href":"http:\/\/klubmamgdynia.pl\/index.php\/wp-json\/wp\/v2\/product_cat?post=6161"},{"taxonomy":"product_tag","embeddable":true,"href":"http:\/\/klubmamgdynia.pl\/index.php\/wp-json\/wp\/v2\/product_tag?post=6161"}],"curies":[{"name":"wp","href":"https:\/\/api.w.org\/{rel}","templated":true}]}}