{"id":6163,"date":"2014-07-02T11:00:52","date_gmt":"2014-07-02T09:00:52","guid":{"rendered":"http:\/\/klubmamgdynia.pl\/index.php\/produkt\/paw-patrol-psi-patrol-rise-and-rescue-pojazd-chasea-6063637-spin-master\/"},"modified":"2026-04-03T20:51:58","modified_gmt":"2026-04-03T18:51:58","slug":"paw-patrol-psi-patrol-rise-and-rescue-pojazd-chasea-6063637-spin-master","status":"publish","type":"product","link":"http:\/\/klubmamgdynia.pl\/index.php\/produkt\/paw-patrol-psi-patrol-rise-and-rescue-pojazd-chasea-6063637-spin-master\/","title":{"rendered":"Paw Patrol \/ Psi Patrol Rise And Rescue Pojazd Chase&#8217;A 6063637 Spin Master"},"content":{"rendered":"<h2>Paw Patrol \/ Psi Patrol Rise And Rescue Pojazd ChaseA 6063637 Spin Master Spin Master<\/h2>\n<p>pokemon kolorowanki do druku, domowe syropy na zim\u0119, kolorowanki harry potter, wierszyk o wakacjach, prezenty na roczek dla dziewczynki, prezent na dzie\u0144 dziecka dla nastolatk\u00f3w, podchwytliwe zagadki na inteligencj\u0119, miasto dzieci, bursztynek, \u017carty \u017carty na prima aprilis, zagadki dla dzieci 9-10 lat z odpowiedziami, test opowie\u015b\u0107 wigilijna, znaczenie imiona pola, prezent na dzie\u0144 dziecka dla nastolatk\u00f3w, kolorowanka ksi\u0119\u017cniczka, wzory zaprosze\u0144 zaproszenie na urodziny szablon do druku, wierszyki na smigus dyngus, skye psi patrol kolorowanka<\/p>\n<p>yyyyy<\/p>\n<p>&nbsp;<\/p>\n","protected":false},"excerpt":{"rendered":"<p>Paw Patrol \/ Psi Patrol Rise And Rescue Pojazd ChaseA 6063637 Spin Master Spin Master pokemon kolorowanki do druku, domowe syropy na zim\u0119, kolorowanki harry potter, wierszyk o wakacjach, prezenty na roczek dla dziewczynki, prezent na dzie\u0144 dziecka dla nastolatk\u00f3w, podchwytliwe zagadki na inteligencj\u0119, miasto dzieci, bursztynek, \u017carty \u017carty na prima aprilis, zagadki dla dzieci [&hellip;]<\/p>\n","protected":false},"featured_media":6164,"comment_status":"closed","ping_status":"open","template":"","meta":[],"product_cat":[95,94],"product_tag":[829,852,780,732,627,634],"class_list":["post-6163","product","type-product","status-publish","has-post-thumbnail","hentry","product_cat-figurki-makiety-i-zestawy","product_cat-spin-master","product_tag-bajki-do-czytania-na-dobranoc","product_tag-jak-zrobic-samolot-z-papieru","product_tag-krecik-bajka","product_tag-prezent-dla-rocznego-chlopca","product_tag-quiz-dzieci-z-bullerbyn","product_tag-zagadki-wielkanocne-dla-dzieci"],"_links":{"self":[{"href":"http:\/\/klubmamgdynia.pl\/index.php\/wp-json\/wp\/v2\/product\/6163","targetHints":{"allow":["GET"]}}],"collection":[{"href":"http:\/\/klubmamgdynia.pl\/index.php\/wp-json\/wp\/v2\/product"}],"about":[{"href":"http:\/\/klubmamgdynia.pl\/index.php\/wp-json\/wp\/v2\/types\/product"}],"replies":[{"embeddable":true,"href":"http:\/\/klubmamgdynia.pl\/index.php\/wp-json\/wp\/v2\/comments?post=6163"}],"wp:featuredmedia":[{"embeddable":true,"href":"http:\/\/klubmamgdynia.pl\/index.php\/wp-json\/wp\/v2\/media\/6164"}],"wp:attachment":[{"href":"http:\/\/klubmamgdynia.pl\/index.php\/wp-json\/wp\/v2\/media?parent=6163"}],"wp:term":[{"taxonomy":"product_cat","embeddable":true,"href":"http:\/\/klubmamgdynia.pl\/index.php\/wp-json\/wp\/v2\/product_cat?post=6163"},{"taxonomy":"product_tag","embeddable":true,"href":"http:\/\/klubmamgdynia.pl\/index.php\/wp-json\/wp\/v2\/product_tag?post=6163"}],"curies":[{"name":"wp","href":"https:\/\/api.w.org\/{rel}","templated":true}]}}