{"id":6165,"date":"2012-07-30T06:05:41","date_gmt":"2012-07-30T04:05:41","guid":{"rendered":"http:\/\/klubmamgdynia.pl\/index.php\/produkt\/cavoe-osis-shadow-gleboko-spacerowy-fotelik\/"},"modified":"2026-05-17T23:20:01","modified_gmt":"2026-05-17T21:20:01","slug":"cavoe-osis-shadow-gleboko-spacerowy-fotelik","status":"publish","type":"product","link":"http:\/\/klubmamgdynia.pl\/index.php\/produkt\/cavoe-osis-shadow-gleboko-spacerowy-fotelik\/","title":{"rendered":"Cavoe Osis Shadow G\u0142\u0119boko Spacerowy + Fotelik"},"content":{"rendered":"<p>Wielofunkcyjny w\u00f3zek g\u0142\u0119boko spacerowyCAVOE OSIS\u2714 Najnowszy model\u2714 Ponadprzeci\u0119tnie dopracowane detale tapicerki i stela\u017ca w\u00f3zka+ fotelik samochodowy dla niemowl\u0105t 0-13 kg+ adaptery do monta\u017cu fotelika na stela\u017cu w\u00f3zkaKupuj\u0105c w\u00f3zek OSIS w naszym sklepie otrzymasz dodatkowooryginalne PRAKTYCZNE AKCESORIA od producenta,w zestawie:Folia przeciwdeszczowa wypro\ufb01lowana do siedziska, zapewnia komfort w ch\u0142odne deszczowe dni, odporna na r\u00f3\u017cnice temperatur. Wykonana z transparentnego materia\u0142u ca\u0142kowicie bezpiecznego dla dziecka.Elegancki pa\u0142\u0105k zabezpieczaj\u0105cy podczas spacer\u00f3w, bardzo dobrze spe\u0142nia swoje funkcje.Du\u017cy koszz \u0142atwym dost\u0119pem, pomie\u015bci wszystko czego potrzebujesz w czasie podr\u00f3\u017cy.Przykrycie na n\u00f3\u017cki zapewniaj\u0105ce dziecku termiczny komfort, nie zaskocz\u0105 Was \u017cadne warunki podr\u00f3\u017cy.Folia przeciwdeszczowa do gondoli.Materacyk do gondoli.CAVOE OSIS, SZYBKIE SK\u0141ADANIE JEDN\u0104 R\u0118K\u0104!\u2192 CAVOE to nowa marka, kt\u00f3ra staje si\u0119 w\u0142a\u015bnie ikon\u0105 stylu w \u015bwiecie produkt\u00f3w dla dzieci. Minimalizm, ultranowoczesna prostota i bezkompromisowa jako\u015b\u0107 to jej cechy zaczerpni\u0119te ze \u015bwiata mody mieszka\u0144c\u00f3w wsp\u00f3\u0142czesnego Pary\u017ca.\u2192 Produkty marki Cavoe s\u0105 owocem wieloletnich do\u015bwiadcze\u0144, specjalistycznej wiedzy i sugestii u\u017cytkownik\u00f3w. Do ich produkcji u\u017cyto komponent\u00f3w najwy\u017cszej jako\u015bci, a parametry u\u017cytkowe opracowali in\u017cynierowie i projektanci z niemal dwudziestoletnim do\u015bwiadczeniem. Dzi\u0119ki temu Cavoe stanowi harmonijne po\u0142\u0105czenie nowoczesnych technologii i paryskiego szyku.\u2192 Stela\u017c kompaktowy wa\u017c\u0105cy tylko 5,5 kg. Aluminiowa, bardzo lekka nowoczesna konstrukcja, niezwykle wygodna w transporcie i podczas obs\u0142ugi. Jej design podkre\u015blony jest dodatkowo metalicznym satynowym wyko\u0144czeniem pow\u0142oki stela\u017ca.\u2192 Siedzisko, wygodne mi\u0119kkie, montowane przodem lub ty\u0142em. System rozsuwania na p\u0142asko zmienia je w d\u0142ug\u0105, p\u0142ask\u0105, idealn\u0105 do spania powierzchni\u0119. Rozwi\u0105zanie niezb\u0119dnie kiedy maluch za\u015bnie podczas spaceru. Sk\u0142adanie w\u00f3zka r\u00f3wnie\u017c bez odpinania siedziska.GONDOLA CAVOE OSIS\u2192 klasyczna gondola z uchwytem do przenoszenia, wyposa\u017cona w du\u017cy panel wentylacyjny w budce i solidny pokrowiec na n\u00f3\u017cki\u2192 idealne miejsce zaprojektowane z my\u015bl\u0105 o komforcie noworodka, a tak\u017ce jego rodzic\u00f3w.Najwa\u017cniejsze cechy w\u00f3zka OSIS.Co go wyr\u00f3\u017cnia?Dlaczego warto wybra\u0107 najnowszy model w\u00f3zka CAVOE?Sk\u0142adany jedn\u0105 r\u0119k\u0105Kompaktowy po z\u0142o\u017ceniuAmortyzowany na wszystkie ko\u0142aOdwracane siedziskoKo\u0142a przednie samonastawneRozsuwane siedzisko do pozycji le\u017c\u0105cejPowi\u0119kszana budkaPojemny kosz na zakupyCAVOE OSISCharakterystyka stela\u017cakonstrukcja aluminiowa o anodowanej pow\u0142oce zewn\u0119trznej znacz\u0105co zmniejszaj\u0105ca wag\u0119 ca\u0142ego w\u00f3zkabardzo wytrzyma\u0142a lekka nowoczesna konstrukcjametaliczne satynowe wyko\u0144czenie pow\u0142oki stela\u017cawszystkie ko\u0142a wyposa\u017cone s\u0105 w \u0142o\u017cyskaopony wykonano z poliuretanu, dzi\u0119ki temu maj\u0105 wzmocnion\u0105 odporno\u015b\u0107 na \u015bcieranie i zmiany temperaturko\u0142a przednie samonastawne z mo\u017cliwo\u015bci\u0105 blokadywygodna funkcja sk\u0142adania jedn\u0105 r\u0119k\u0105 pozwala na sk\u0142adanie w\u00f3zka do bardzo ma\u0142ego, lekkiego pakunkusk\u0142adany przodem i ty\u0142em do kierunku jazdykosz na stela\u017cu w\u00f3zka, obszerny z \u0142atwym dost\u0119pemwaga stela\u017ca z ko\u0142ami: 5,5 kgwymiary z\u0142o\u017conego stela\u017ca z siedziskiem i ko\u0142ami: 30 \/ 56 \/ 64 cm, bez siedziska i k\u00f3\u0142: 17 \/ 56 \/ 47 cm, \u015brednica k\u00f3\u0142 przednie\/tylne: 15 \/ 21 cmCAVOE OSISCharakterystyka siedziska spacerowegotkaniny totalnie mi\u0119kkie i przyjemne w dotyku, a jednocze\u015bnie trwa\u0142e, zapewniaj\u0105 komfortowe u\u017cytkowanie w trakcie poruszania elementami w\u00f3zkaposiada unikatowy system wysuwania siedziska, kt\u00f3ry uruchamia si\u0119 podczas rozk\u0142adania oparcia do pozycji le\u017c\u0105cej, wysuwa si\u0119 do przodu tworz\u0105c komfortow\u0105, d\u0142ug\u0105 i p\u0142ask\u0105 powierzchni\u0119 do spania o \u0142\u0105cznej d\u0142ugo\u015bci 89 cmbarierka wyko\u0144czona materia\u0142ami wysokiej jako\u015bcipowi\u0119kszana budkaokrycie na n\u00f3\u017ckiwymiary siedziska: szeroko\u015b\u0107 &#8211; 32 cm, wysoko\u015b\u0107 oparcia &#8211; 49 cm, g\u0142\u0119boko\u015b\u0107 &#8211; 21 cm, d\u0142ugo\u015b\u0107 podn\u00f3\u017cka &#8211; 18 cmwaga siedziska: 3,3 kgCAVOE OSISCharakterystyka gondoliod urodzenia do oko\u0142o 6 miesi\u0105ca \u017cyciawygodne i bezpieczne miejsce dla Twojego dzieckawygodna do spaniabudka dostosowuje si\u0119 do zmieniaj\u0105cych si\u0119 warunk\u00f3w atmosferycznych dzi\u0119ki panelowi wentylacyjnemu i dodatkowemu daszkowipraktyczny uchwyt do przenoszeniaprecyzyjnie dopasowany pokrowiec szczelnie zapinany na zamek, zapewnia niemowlakom komfort termicznytkaniny najwy\u017cszej jako\u015bci\u0142atwa w utrzymaniu czysto\u015bciw zestawie materac i folia przeciwdeszczowawymiary wn\u0119trza gondoli: &#8211; 79 \/ 33 \/ 21 cmwaga gondoli: 3,8 kgW zestawie fotelik samochodowy dla niemowl\u0105t 0-13 kgi adaptery do monta\u017cu fotelika na stela\u017cu w\u00f3zkaW komplecie: 1. Du\u017cy daszek 2. Wk\u0142adka dla niemowlaka 3. Przykrycie na n\u00f3\u017ckiFotelik samochodowy zapewnia wysokie bezpiecze\u0144stwo dla dziecka przewo\u017conego w samochodzie. Produkt zosta\u0142 wyposa\u017cony we wk\u0142adk\u0119 dla niemowlaka, w zwi\u0105zku z czym mo\u017cna przewozi\u0107 dziecko ju\u017c od momentu narodzin.Regulowane pasy umo\u017cliwiaj\u0105 zaj\u0119cie jak najwygodniejszej pozycji przez dziecko. Sam mechanizm regulacji jest wyj\u0105tkowo intuicyjny. Dzi\u0119ki adapterom fotelik mo\u017cna z powodzeniem umie\u015bci\u0107 na stela\u017cu w\u00f3zka. Odpinany pokrowiec na n\u00f3\u017cki \u015bwietnie sprawdzi si\u0119 podczas przenoszenia dziecka pomi\u0119dzy samochodem, a domem w zimne dni.montowany w aucie za pomoc\u0105 pasa samochodowegofotelik posiada Europejski Certyfikat Bezpiecze\u0144stwama homologacj\u0119: ECE R44\/04jest bardzo lekkiKupuj\u0105c ten produkt nasz klient otrzymuje w zestawie\u2714 aluminiowy stela\u017c Cavoe Osis\u2714 siedzisko spacerowe Osis\u2714 gondol\u0119 Osis\u2714 fotelik samochodowy dla niemowl\u0105t 0-13 kg\u2714 adaptery do monta\u017cu fotelika na stela\u017cu w\u00f3zka\u2714 foli\u0119 przeciwdeszczow\u0105 do spacer\u00f3wki\u2714 pa\u0142\u0105k zabezpieczaj\u0105cy\u2714 kosz montowany na stela\u017cu w\u00f3zka\u2714 przykrycie na n\u00f3\u017cki do siedziska spacerowego\u2714 foli\u0119 przeciwdeszczow\u0105 do gondoli\u2714 materac do gondoli\u2714 pokrowiec do gondoliCAVOE OSIS, najnowsze zestawienia kolorystyczne:01 IRON, 02 SHADOW, 03 DESERT ROSE i 04 AGAVANa tej aukcji sprzedawany jest kolor 02 SHADOW, pozosta\u0142e kolory s\u0105 dost\u0119pne na innych naszych aukcjach.<\/p>\n<h2>Cavoe Osis Shadow G\u0142\u0119boko Spacerowy + Fotelik Cavoe<\/h2>\n<p>zagadki logiczne na inteligencj\u0119, zagadki przyrodnicze, quiz o koniach, peppa kolorowanka do druku, g\u0142upie zagadki, zagadki dla dzieci 9 10 lat z odpowiedziami, bajki dla dzieci od 7 do 10 lat, pies kolorowanka, rebusy i krzy\u017c\u00f3wki dla dzieci do druku, znaczenie imienia paula, desery dla dzieci, eneduerabe, zabawy dla 10 latka, kartka walentynkowa zrobiona przez dzieci, zagadki zagadki<\/p>\n<p>yyyyy<\/p>\n<p>&nbsp;<\/p>\n","protected":false},"excerpt":{"rendered":"<p>Wielofunkcyjny w\u00f3zek g\u0142\u0119boko spacerowyCAVOE OSIS\u2714 Najnowszy model\u2714 Ponadprzeci\u0119tnie dopracowane detale tapicerki i stela\u017ca w\u00f3zka+ fotelik samochodowy dla niemowl\u0105t 0-13 kg+ adaptery do monta\u017cu fotelika na stela\u017cu w\u00f3zkaKupuj\u0105c w\u00f3zek OSIS w naszym sklepie otrzymasz dodatkowooryginalne PRAKTYCZNE AKCESORIA od producenta,w zestawie:Folia przeciwdeszczowa wypro\ufb01lowana do siedziska, zapewnia komfort w ch\u0142odne deszczowe dni, odporna na r\u00f3\u017cnice temperatur. Wykonana z [&hellip;]<\/p>\n","protected":false},"featured_media":6166,"comment_status":"closed","ping_status":"open","template":"","meta":[],"product_cat":[1432,110],"product_tag":[696,673,583,624,704,586],"class_list":["post-6165","product","type-product","status-publish","has-post-thumbnail","hentry","product_cat-cavoe","product_cat-wozki-wielofunkcyjne","product_tag-film-rodzinny-o-swietach","product_tag-juz-blisko-koleda-tekst","product_tag-kolysanki-dla-dzieci-tekst","product_tag-krotkie-zagadki","product_tag-prezent-dla-nastolatka","product_tag-smieszne-zagadki"],"_links":{"self":[{"href":"http:\/\/klubmamgdynia.pl\/index.php\/wp-json\/wp\/v2\/product\/6165","targetHints":{"allow":["GET"]}}],"collection":[{"href":"http:\/\/klubmamgdynia.pl\/index.php\/wp-json\/wp\/v2\/product"}],"about":[{"href":"http:\/\/klubmamgdynia.pl\/index.php\/wp-json\/wp\/v2\/types\/product"}],"replies":[{"embeddable":true,"href":"http:\/\/klubmamgdynia.pl\/index.php\/wp-json\/wp\/v2\/comments?post=6165"}],"wp:featuredmedia":[{"embeddable":true,"href":"http:\/\/klubmamgdynia.pl\/index.php\/wp-json\/wp\/v2\/media\/6166"}],"wp:attachment":[{"href":"http:\/\/klubmamgdynia.pl\/index.php\/wp-json\/wp\/v2\/media?parent=6165"}],"wp:term":[{"taxonomy":"product_cat","embeddable":true,"href":"http:\/\/klubmamgdynia.pl\/index.php\/wp-json\/wp\/v2\/product_cat?post=6165"},{"taxonomy":"product_tag","embeddable":true,"href":"http:\/\/klubmamgdynia.pl\/index.php\/wp-json\/wp\/v2\/product_tag?post=6165"}],"curies":[{"name":"wp","href":"https:\/\/api.w.org\/{rel}","templated":true}]}}