{"id":6167,"date":"2013-03-24T20:21:30","date_gmt":"2013-03-24T19:21:30","guid":{"rendered":"http:\/\/klubmamgdynia.pl\/index.php\/produkt\/bandai-hg-1-144-gundam-virtue-gun59144\/"},"modified":"2026-04-06T15:10:40","modified_gmt":"2026-04-06T13:10:40","slug":"bandai-hg-1-144-gundam-virtue-gun59144","status":"publish","type":"product","link":"http:\/\/klubmamgdynia.pl\/index.php\/produkt\/bandai-hg-1-144-gundam-virtue-gun59144\/","title":{"rendered":"Bandai Hg 1\/144 Gundam Virtue Gun59144"},"content":{"rendered":"<p>Modele Gundam (\u30ac\u30f3\u30c0\u30e0) zwane r\u00f3wnie\u017c jako GUNPLA to modelowe zestawy przedstawiaj\u0105ce w unikalny spos\u00f3b pojazdy i postacie fikcyjnego wszech\u015bwiata Mobile Suit Gundam autorstwa Bandai. Te zestawy sta\u0142y si\u0119 popularne w\u015br\u00f3d mi\u0142o\u015bnik\u00f3w anime-mecha i entuzjast\u00f3w modeli w Japonii oraz innych krajach Azji. Uniwersum Gundam jest ogromne, dlatego te\u017c samych modeli GUNPLA s\u0105 setki, a ka\u017cdy z nich posiada sw\u00f3j unikalny wygl\u0105d. Samo sk\u0142adanie modeli GUNPLA jest fantastyczn\u0105 form\u0105 rozrywki na wiele godzin a efekt ko\u0144cowy potrafi zachwyci\u0107 ka\u017cdego! Nawet osoby, kt\u00f3re z modelarstwem nie mia\u0142y do tej pory zbyt du\u017cego kontaktu.<\/p>\n<h2>Bandai Hg 1\/144 Gundam Virtue Gun59144 Bandai<\/h2>\n<p>zagadki halloween dla dzieci, wierszyki na smigus dyngus, prima aprilis zarty, prezent dla ch\u0142opca na roczek<\/p>\n<p>yyyyy<\/p>\n<p>&nbsp;<\/p>\n","protected":false},"excerpt":{"rendered":"<p>Modele Gundam (\u30ac\u30f3\u30c0\u30e0) zwane r\u00f3wnie\u017c jako GUNPLA to modelowe zestawy przedstawiaj\u0105ce w unikalny spos\u00f3b pojazdy i postacie fikcyjnego wszech\u015bwiata Mobile Suit Gundam autorstwa Bandai. Te zestawy sta\u0142y si\u0119 popularne w\u015br\u00f3d mi\u0142o\u015bnik\u00f3w anime-mecha i entuzjast\u00f3w modeli w Japonii oraz innych krajach Azji. Uniwersum Gundam jest ogromne, dlatego te\u017c samych modeli GUNPLA s\u0105 setki, a ka\u017cdy z [&hellip;]<\/p>\n","protected":false},"featured_media":6168,"comment_status":"closed","ping_status":"open","template":"","meta":[],"product_cat":[96,97],"product_tag":[829,687,640,632],"class_list":["post-6167","product","type-product","status-publish","has-post-thumbnail","hentry","product_cat-bandai","product_cat-figurki-kolekcjonerskie","product_tag-bajki-do-czytania-na-dobranoc","product_tag-podchwytliwe-zagadki-matematyczne","product_tag-prezent-dla-rocznej-dziewczynki","product_tag-warszawa-atrakcje-dla-mlodziezy"],"_links":{"self":[{"href":"http:\/\/klubmamgdynia.pl\/index.php\/wp-json\/wp\/v2\/product\/6167","targetHints":{"allow":["GET"]}}],"collection":[{"href":"http:\/\/klubmamgdynia.pl\/index.php\/wp-json\/wp\/v2\/product"}],"about":[{"href":"http:\/\/klubmamgdynia.pl\/index.php\/wp-json\/wp\/v2\/types\/product"}],"replies":[{"embeddable":true,"href":"http:\/\/klubmamgdynia.pl\/index.php\/wp-json\/wp\/v2\/comments?post=6167"}],"wp:featuredmedia":[{"embeddable":true,"href":"http:\/\/klubmamgdynia.pl\/index.php\/wp-json\/wp\/v2\/media\/6168"}],"wp:attachment":[{"href":"http:\/\/klubmamgdynia.pl\/index.php\/wp-json\/wp\/v2\/media?parent=6167"}],"wp:term":[{"taxonomy":"product_cat","embeddable":true,"href":"http:\/\/klubmamgdynia.pl\/index.php\/wp-json\/wp\/v2\/product_cat?post=6167"},{"taxonomy":"product_tag","embeddable":true,"href":"http:\/\/klubmamgdynia.pl\/index.php\/wp-json\/wp\/v2\/product_tag?post=6167"}],"curies":[{"name":"wp","href":"https:\/\/api.w.org\/{rel}","templated":true}]}}