{"id":6169,"date":"2011-12-22T22:41:48","date_gmt":"2011-12-22T21:41:48","guid":{"rendered":"http:\/\/klubmamgdynia.pl\/index.php\/produkt\/zestaw-szkolny-z-magnesami-i-kreda-zabawka\/"},"modified":"2026-04-26T23:20:26","modified_gmt":"2026-04-26T21:20:26","slug":"zestaw-szkolny-z-magnesami-i-kreda-zabawka","status":"publish","type":"product","link":"http:\/\/klubmamgdynia.pl\/index.php\/produkt\/zestaw-szkolny-z-magnesami-i-kreda-zabawka\/","title":{"rendered":"Zestaw szkolny z magnesami i kred\u0105 &#8211; Zabawka"},"content":{"rendered":"<p>Zestaw szkolny z magnesami i kred\u0105Towar powystawowyTowar nie posiada polskich znak\u00f3wTowar posiada niemieckie znakiW zestawie: kolorowe literki, cyferki i znaki, kolorowa oraz bia\u0142\u0105 kreda.Zestaw szkolny Creathek z magnesami i kred\u0105. Sk\u0142ada si\u0119 z 12 x bia\u0142ej kredy i 12 x kolorowej kredy. Pozosta\u0142e elementy podzielone s\u0105 na litery, cyfry i znaki. W sumie 120 cz\u0119\u015bci.Ka\u017cda litera i cyfra wyst\u0119puje przynajmniej 1 x, cz\u0119\u015bciej 2-3 x. Wymiary liter i cyfr ok. 3 x 2 x 0,9 cm.Dla dzieci od 24 miesi\u0119cy.Uwaga: Przed pozostawieniem zabawki z dzieckiem nale\u017cy usun\u0105\u0107 wszystkie elementy opakowania. Wymagany nadz\u00f3r os\u00f3b doros\u0142ych.Instrukcja czyszczenia: zabawk\u0119 nale\u017cy regularnie przeciera\u0107 mi\u0119kk\u0105, wilgotn\u0105 szmatk\u0105.Informujemy, \u017ce prowadzimy tak\u017ce sklep stacjonarny i w rzadkich przypadkach mo\u017ce si\u0119 zdarzy\u0107 sytuacja, \u017ce zakupiony towar zosta\u0142 r\u00f3wnocze\u015bnie sprzedany na sklepie. W\u00f3wczas informujemy o zaistnia\u0142ej sytuacji jeszcze tego samego dnia i zwracamy got\u00f3wk\u0119.<\/p>\n<h2>Zestaw szkolny z magnesami i kred\u0105 &#8211; Zabawka <\/h2>\n<p>cytaty korczak, zabawka na roczek dla ch\u0142opca, przys\u0142owia o rodzinie, ma\u0142y ksi\u0105\u017ce cytaty o przyja\u017ani, test z lektury dzieci z bullerbyn, atrakcje dla dzieci warszawa, na wyspach bergamutach, jasmin imie<\/p>\n<p>yyyyy<\/p>\n<p>&nbsp;<\/p>\n","protected":false},"excerpt":{"rendered":"<p>Zestaw szkolny z magnesami i kred\u0105Towar powystawowyTowar nie posiada polskich znak\u00f3wTowar posiada niemieckie znakiW zestawie: kolorowe literki, cyferki i znaki, kolorowa oraz bia\u0142\u0105 kreda.Zestaw szkolny Creathek z magnesami i kred\u0105. Sk\u0142ada si\u0119 z 12 x bia\u0142ej kredy i 12 x kolorowej kredy. Pozosta\u0142e elementy podzielone s\u0105 na litery, cyfry i znaki. W sumie 120 cz\u0119\u015bci.Ka\u017cda [&hellip;]<\/p>\n","protected":false},"featured_media":6170,"comment_status":"closed","ping_status":"open","template":"","meta":[],"product_cat":[53],"product_tag":[838,774,627,661],"class_list":["post-6169","product","type-product","status-publish","has-post-thumbnail","hentry","product_cat-kaciki-zabaw","product_tag-bajki-dla-dzieci-na-dobranoc","product_tag-prezent-na-roczek-nie-zabawka","product_tag-quiz-dzieci-z-bullerbyn","product_tag-swinka-peppa-kolorowanka"],"_links":{"self":[{"href":"http:\/\/klubmamgdynia.pl\/index.php\/wp-json\/wp\/v2\/product\/6169","targetHints":{"allow":["GET"]}}],"collection":[{"href":"http:\/\/klubmamgdynia.pl\/index.php\/wp-json\/wp\/v2\/product"}],"about":[{"href":"http:\/\/klubmamgdynia.pl\/index.php\/wp-json\/wp\/v2\/types\/product"}],"replies":[{"embeddable":true,"href":"http:\/\/klubmamgdynia.pl\/index.php\/wp-json\/wp\/v2\/comments?post=6169"}],"wp:featuredmedia":[{"embeddable":true,"href":"http:\/\/klubmamgdynia.pl\/index.php\/wp-json\/wp\/v2\/media\/6170"}],"wp:attachment":[{"href":"http:\/\/klubmamgdynia.pl\/index.php\/wp-json\/wp\/v2\/media?parent=6169"}],"wp:term":[{"taxonomy":"product_cat","embeddable":true,"href":"http:\/\/klubmamgdynia.pl\/index.php\/wp-json\/wp\/v2\/product_cat?post=6169"},{"taxonomy":"product_tag","embeddable":true,"href":"http:\/\/klubmamgdynia.pl\/index.php\/wp-json\/wp\/v2\/product_tag?post=6169"}],"curies":[{"name":"wp","href":"https:\/\/api.w.org\/{rel}","templated":true}]}}