{"id":617,"date":"2021-05-08T03:37:11","date_gmt":"2021-05-08T01:37:11","guid":{"rendered":"http:\/\/klubmamgdynia.pl\/index.php\/produkt\/gabi-gra-bezpieczne-miasteczko-4351\/"},"modified":"2026-05-01T13:11:49","modified_gmt":"2026-05-01T11:11:49","slug":"gabi-gra-bezpieczne-miasteczko-4351","status":"publish","type":"product","link":"http:\/\/klubmamgdynia.pl\/index.php\/produkt\/gabi-gra-bezpieczne-miasteczko-4351\/","title":{"rendered":"Gabi Gra Bezpieczne Miasteczko 4351"},"content":{"rendered":"<p>Gra planszowa 3w1 : Bezpieczne Miasteczko, Wy\u015bcig i Drogowy Piotru\u015b !!!Bezpieczne Miasteczko : gra planszowa maj\u0105ca na celu przybli\u017cy\u0107 dzieciom zasady ruchu drogowego. Gra dla dzieci od 6 lat.W grze mo\u017ce bra\u0107 udzia\u0142 od 2 do 4 graczy. Podczas wycieczki po miejskich uliczkach gracze poznaj\u0105 podstawowe znaki drogowe, a pomog\u0105 im w tym karty na kt\u00f3rych znajduj\u0105 si\u0119 pytania, odpowiedzi oraz rysunki przedstawiaj\u0105ce znaki, kt\u00f3re mo\u017cna spotka\u0107, np: w drodze do szko\u0142y.Wy\u015bcig : celem jest doj\u015bcie do maty, gra dla 2-4 graczy, poznajemy numery alarmowe i znali drogowe.Drogowy Piotru\u015b : z otrzymanych 6 kart nale\u017cy wyj\u0105\u0107 i od\u0142o\u017cy\u0107 na bok wszystkie otrzymane pary, na kartkach znajduj\u0105 si\u0119 znaki drogowe.Na pozosta\u0142ych naszych aukcjach proponujemy Pa\u0144stwu inne, ciekawe edukacyjne gry &#8211; zapraszamy !!!<\/p>\n<h2>Gabi Gra Bezpieczne Miasteczko 4351 Gabi<\/h2>\n<p>test opowie\u015bci z narnii lew czarownica i stara szafa do druku, m\u0105dre bajki dla dzieci do czytania, jak narysowa\u0107 nos, Keyword, test z lektury asiunia<\/p>\n<p>yyyyy<\/p>\n<p>&nbsp;<\/p>\n","protected":false},"excerpt":{"rendered":"<p>Gra planszowa 3w1 : Bezpieczne Miasteczko, Wy\u015bcig i Drogowy Piotru\u015b !!!Bezpieczne Miasteczko : gra planszowa maj\u0105ca na celu przybli\u017cy\u0107 dzieciom zasady ruchu drogowego. Gra dla dzieci od 6 lat.W grze mo\u017ce bra\u0107 udzia\u0142 od 2 do 4 graczy. Podczas wycieczki po miejskich uliczkach gracze poznaj\u0105 podstawowe znaki drogowe, a pomog\u0105 im w tym karty na [&hellip;]<\/p>\n","protected":false},"featured_media":618,"comment_status":"closed","ping_status":"open","template":"","meta":[],"product_cat":[236,130],"product_tag":[854,689,625,812],"class_list":["post-617","product","type-product","status-publish","has-post-thumbnail","hentry","product_cat-gabi","product_cat-gry-dzieciece","product_tag-cytaty-rodzina","product_tag-linda","product_tag-trojmiasto-atrakcje-dla-dzieci","product_tag-zagadki-logiczne-na-inteligencje"],"_links":{"self":[{"href":"http:\/\/klubmamgdynia.pl\/index.php\/wp-json\/wp\/v2\/product\/617","targetHints":{"allow":["GET"]}}],"collection":[{"href":"http:\/\/klubmamgdynia.pl\/index.php\/wp-json\/wp\/v2\/product"}],"about":[{"href":"http:\/\/klubmamgdynia.pl\/index.php\/wp-json\/wp\/v2\/types\/product"}],"replies":[{"embeddable":true,"href":"http:\/\/klubmamgdynia.pl\/index.php\/wp-json\/wp\/v2\/comments?post=617"}],"wp:featuredmedia":[{"embeddable":true,"href":"http:\/\/klubmamgdynia.pl\/index.php\/wp-json\/wp\/v2\/media\/618"}],"wp:attachment":[{"href":"http:\/\/klubmamgdynia.pl\/index.php\/wp-json\/wp\/v2\/media?parent=617"}],"wp:term":[{"taxonomy":"product_cat","embeddable":true,"href":"http:\/\/klubmamgdynia.pl\/index.php\/wp-json\/wp\/v2\/product_cat?post=617"},{"taxonomy":"product_tag","embeddable":true,"href":"http:\/\/klubmamgdynia.pl\/index.php\/wp-json\/wp\/v2\/product_tag?post=617"}],"curies":[{"name":"wp","href":"https:\/\/api.w.org\/{rel}","templated":true}]}}