{"id":6171,"date":"2019-09-14T15:47:32","date_gmt":"2019-09-14T13:47:32","guid":{"rendered":"http:\/\/klubmamgdynia.pl\/index.php\/produkt\/humana-benelife-witamina-d3-5ml\/"},"modified":"2026-04-05T20:24:49","modified_gmt":"2026-04-05T18:24:49","slug":"humana-benelife-witamina-d3-5ml","status":"publish","type":"product","link":"http:\/\/klubmamgdynia.pl\/index.php\/produkt\/humana-benelife-witamina-d3-5ml\/","title":{"rendered":"Humana Benelife witamina D3 5ml"},"content":{"rendered":"<p>Humana benelife Witamina D3 &#8211; z korzy\u015bci\u0105 dla mamy i dziecka.<\/p>\n<p>Niekt\u00f3rych sk\u0142adnik\u00f3w od\u017cywczych nie dostarczamy do naszego organizmu w odpowiedniej ilo\u015bci, co mo\u017ce niekorzystnie wp\u0142ywa\u0107 na jego prac\u0119 nawet w pierwszych dniach \u017cycia. W takich sytuacjach z pomoc\u0105 przychodz\u0105 nam suplementy, kt\u00f3re uzupe\u0142niaj\u0105 niedobory. Suplementacja witaminy D jest rekomendowana wszystkim dzieciom, przez ca\u0142y rok od urodzenia.                            <\/p>\n<p>            Dlaczego witamina D jest taka wa\u017cna?<\/p>\n<p>Witamina D stanowi bardzo istotny element diety, szczeg\u00f3lnie w przypadku dzieci. Przyjmowanie witaminy D w rekomendowanych ilo\u015bciach pozwala zachowa\u0107 wysok\u0105 odporno\u015b\u0107, wp\u0142ywa na prawid\u0142owe funkcjonowanie wielu uk\u0142ad\u00f3w organizmu takich jak kostny, immunologiczny, nerwowy i mi\u0119\u015bniowy. Dodatkowo Witamina D wspomaga optymaln\u0105 absorpcj\u0119 wapnia i fosforu w organizmie.                            <\/p>\n<p>            Wygoda i bezpiecze\u0144stwo<\/p>\n<p>Precyzyjna pipeta dozuj\u0105ca umo\u017cliwia wygodn\u0105 suplementacj\u0119 witaminy D dzi\u0119ki zawarto\u015bci 100 j.m. w ka\u017cdej kropli.                            <\/p>\n<p>Dodatkowo, produkt ma neutralny smak co u\u0142atwia skuteczne podanie go maluszkom.                            <\/p>\n<p>            Podstawowe informacje<\/p>\n<h2>Humana Benelife witamina D3 5ml Humana<\/h2>\n<p>wycinanki puzzle do druku, zagadki o wielkanocy, karty pracy dla dzieci z ukrainy, babciu droga babciu tekst, quiz o psie kt\u00f3ry je\u017adzi\u0142 kolej\u0105, fajne prezenty dla nastolatk\u00f3w, bajki do czytania dla niemowl\u0105t, bajka dla niemowlaka, nauka polskiego dla dzieci z ukrainy, rzadkie imiona dla dziewczynek, zagadki \u015bwi\u0105teczne dla dzieci, podchwytliwe zagadki i odpowiedzi, cytat rodzina, fajne zagadki, psikusy na prima aprilis<\/p>\n<p>yyyyy<\/p>\n<p>&nbsp;<\/p>\n","protected":false},"excerpt":{"rendered":"<p>Humana benelife Witamina D3 &#8211; z korzy\u015bci\u0105 dla mamy i dziecka. Niekt\u00f3rych sk\u0142adnik\u00f3w od\u017cywczych nie dostarczamy do naszego organizmu w odpowiedniej ilo\u015bci, co mo\u017ce niekorzystnie wp\u0142ywa\u0107 na jego prac\u0119 nawet w pierwszych dniach \u017cycia. W takich sytuacjach z pomoc\u0105 przychodz\u0105 nam suplementy, kt\u00f3re uzupe\u0142niaj\u0105 niedobory. Suplementacja witaminy D jest rekomendowana wszystkim dzieciom, przez ca\u0142y rok [&hellip;]<\/p>\n","protected":false},"featured_media":6172,"comment_status":"closed","ping_status":"open","template":"","meta":[],"product_cat":[18,187],"product_tag":[593,688,870,850],"class_list":["post-6171","product","type-product","status-publish","has-post-thumbnail","hentry","product_cat-humana","product_cat-mineraly-i-witaminy","product_tag-jak-narysowac-konia","product_tag-kolysanki-tekst","product_tag-prezent-dla-chlopca-na-roczek","product_tag-wroclaw-atrakcje-dla-dzieci"],"_links":{"self":[{"href":"http:\/\/klubmamgdynia.pl\/index.php\/wp-json\/wp\/v2\/product\/6171","targetHints":{"allow":["GET"]}}],"collection":[{"href":"http:\/\/klubmamgdynia.pl\/index.php\/wp-json\/wp\/v2\/product"}],"about":[{"href":"http:\/\/klubmamgdynia.pl\/index.php\/wp-json\/wp\/v2\/types\/product"}],"replies":[{"embeddable":true,"href":"http:\/\/klubmamgdynia.pl\/index.php\/wp-json\/wp\/v2\/comments?post=6171"}],"wp:featuredmedia":[{"embeddable":true,"href":"http:\/\/klubmamgdynia.pl\/index.php\/wp-json\/wp\/v2\/media\/6172"}],"wp:attachment":[{"href":"http:\/\/klubmamgdynia.pl\/index.php\/wp-json\/wp\/v2\/media?parent=6171"}],"wp:term":[{"taxonomy":"product_cat","embeddable":true,"href":"http:\/\/klubmamgdynia.pl\/index.php\/wp-json\/wp\/v2\/product_cat?post=6171"},{"taxonomy":"product_tag","embeddable":true,"href":"http:\/\/klubmamgdynia.pl\/index.php\/wp-json\/wp\/v2\/product_tag?post=6171"}],"curies":[{"name":"wp","href":"https:\/\/api.w.org\/{rel}","templated":true}]}}