{"id":6173,"date":"2015-09-29T07:44:38","date_gmt":"2015-09-29T05:44:38","guid":{"rendered":"http:\/\/klubmamgdynia.pl\/index.php\/produkt\/madej-zestaw-do-tenisa-stolowego-aolite-4475-mad\/"},"modified":"2026-04-30T10:41:16","modified_gmt":"2026-04-30T08:41:16","slug":"madej-zestaw-do-tenisa-stolowego-aolite-4475-mad","status":"publish","type":"product","link":"http:\/\/klubmamgdynia.pl\/index.php\/produkt\/madej-zestaw-do-tenisa-stolowego-aolite-4475-mad\/","title":{"rendered":"Madej Zestaw Do Tenisa Sto\u0142owego Aolite 4475 Mad"},"content":{"rendered":"<p>Rakietka przeznaczona jest dla graczy pocz\u0105tkuj\u0105cych, nie maj\u0105cych du\u017cego do\u015bwiadczenia w tenisie sto\u0142owym. R\u0105czka rakietki dobrze pasuje do kszta\u0142tu d\u0142oni.<\/p>\n<h2>Madej Zestaw Do Tenisa Sto\u0142owego Aolite 4475 Mad Madej<\/h2>\n<p>\u015bw przemys\u0142aw, zgadywanki dla dzieci, wiersz na dobranoc dla dzieci, imiona dla dzieci 2019, pola imi\u0119, prezent dla nastoletniego ch\u0142opca, rysunki \u0142atwe, traktor do druku, cytaty o macierzy\u0144stwie, samoch\u00f3d kolorowanka do druku, kolorowanki do druku super zings, pia, r\u00f3\u017ca imie, ciekawe zagadki i odpowiedzi, calineczka test z odpowiedziami, leon imi\u0119, prezent dla 15 latki 2021, co kupi\u0107 nastolatce na \u015bwi\u0119ta, jaki prezent na roczek dla dziewczynki, nauka pisania wyraz\u00f3w dla dzieci do druku pdf<\/p>\n<p>yyyyy<\/p>\n<p>&nbsp;<\/p>\n","protected":false},"excerpt":{"rendered":"<p>Rakietka przeznaczona jest dla graczy pocz\u0105tkuj\u0105cych, nie maj\u0105cych du\u017cego do\u015bwiadczenia w tenisie sto\u0142owym. R\u0105czka rakietki dobrze pasuje do kszta\u0142tu d\u0142oni. Madej Zestaw Do Tenisa Sto\u0142owego Aolite 4475 Mad Madej \u015bw przemys\u0142aw, zgadywanki dla dzieci, wiersz na dobranoc dla dzieci, imiona dla dzieci 2019, pola imi\u0119, prezent dla nastoletniego ch\u0142opca, rysunki \u0142atwe, traktor do druku, cytaty [&hellip;]<\/p>\n","protected":false},"featured_media":6174,"comment_status":"closed","ping_status":"open","template":"","meta":[],"product_cat":[70,1433],"product_tag":[802,847,746],"class_list":["post-6173","product","type-product","status-publish","has-post-thumbnail","hentry","product_cat-madej","product_cat-rakietki-do-tenisa-stolowego","product_tag-co-kupic-dziewczynce-na-roczek","product_tag-kolorowanki-pokemon","product_tag-zagadki-typu-co-to-jest"],"_links":{"self":[{"href":"http:\/\/klubmamgdynia.pl\/index.php\/wp-json\/wp\/v2\/product\/6173","targetHints":{"allow":["GET"]}}],"collection":[{"href":"http:\/\/klubmamgdynia.pl\/index.php\/wp-json\/wp\/v2\/product"}],"about":[{"href":"http:\/\/klubmamgdynia.pl\/index.php\/wp-json\/wp\/v2\/types\/product"}],"replies":[{"embeddable":true,"href":"http:\/\/klubmamgdynia.pl\/index.php\/wp-json\/wp\/v2\/comments?post=6173"}],"wp:featuredmedia":[{"embeddable":true,"href":"http:\/\/klubmamgdynia.pl\/index.php\/wp-json\/wp\/v2\/media\/6174"}],"wp:attachment":[{"href":"http:\/\/klubmamgdynia.pl\/index.php\/wp-json\/wp\/v2\/media?parent=6173"}],"wp:term":[{"taxonomy":"product_cat","embeddable":true,"href":"http:\/\/klubmamgdynia.pl\/index.php\/wp-json\/wp\/v2\/product_cat?post=6173"},{"taxonomy":"product_tag","embeddable":true,"href":"http:\/\/klubmamgdynia.pl\/index.php\/wp-json\/wp\/v2\/product_tag?post=6173"}],"curies":[{"name":"wp","href":"https:\/\/api.w.org\/{rel}","templated":true}]}}