{"id":6175,"date":"2010-12-13T12:58:33","date_gmt":"2010-12-13T11:58:33","guid":{"rendered":"http:\/\/klubmamgdynia.pl\/index.php\/produkt\/casdon-zestaw-do-prasowania-i-suszenia-zelazko-deska-suszarka-zabawka\/"},"modified":"2026-04-14T15:07:28","modified_gmt":"2026-04-14T13:07:28","slug":"casdon-zestaw-do-prasowania-i-suszenia-zelazko-deska-suszarka-zabawka","status":"publish","type":"product","link":"http:\/\/klubmamgdynia.pl\/index.php\/produkt\/casdon-zestaw-do-prasowania-i-suszenia-zelazko-deska-suszarka-zabawka\/","title":{"rendered":"Casdon Zestaw Do Prasowania I Suszenia \u017belazko Deska Suszarka &#8211; Zabawka"},"content":{"rendered":"<p>Ten wspania\u0142y i niezwykle stylowy zestaw zachwyci ka\u017cde dziecko, kt\u00f3re uwielbia zabaw\u0119 w dom lub na\u015bladowanie rodzic\u00f3w podczas wykonywania codziennych czynno\u015bci.<\/p>\n<h2>Casdon Zestaw Do Prasowania I Suszenia \u017belazko Deska Suszarka &#8211; Zabawka Casdon<\/h2>\n<p>opis na dzie\u0144 mamy, miasto dzieci krak\u00f3w, testy katarynka, plan lekcji do druku, dyplom dla przedszkolaka do wydruku, zagadki na myslenie, bajki o ksi\u0119\u017cniczkach do czytania, przyjed\u017a do nas miko\u0142aju tekst, dymitr, bajka o biedronce, peppa kolorowanka, bajki do czytania online, mitologia grecka quiz, prezent dla dziecka na roczek, urodziny dziecka pomys\u0142y<\/p>\n<p>yyyyy<\/p>\n<p>&nbsp;<\/p>\n","protected":false},"excerpt":{"rendered":"<p>Ten wspania\u0142y i niezwykle stylowy zestaw zachwyci ka\u017cde dziecko, kt\u00f3re uwielbia zabaw\u0119 w dom lub na\u015bladowanie rodzic\u00f3w podczas wykonywania codziennych czynno\u015bci. Casdon Zestaw Do Prasowania I Suszenia \u017belazko Deska Suszarka &#8211; Zabawka Casdon opis na dzie\u0144 mamy, miasto dzieci krak\u00f3w, testy katarynka, plan lekcji do druku, dyplom dla przedszkolaka do wydruku, zagadki na myslenie, bajki [&hellip;]<\/p>\n","protected":false},"featured_media":6176,"comment_status":"closed","ping_status":"open","template":"","meta":[],"product_cat":[1097,53],"product_tag":[838,761,583,803],"class_list":["post-6175","product","type-product","status-publish","has-post-thumbnail","hentry","product_cat-casdon","product_cat-kaciki-zabaw","product_tag-bajki-dla-dzieci-na-dobranoc","product_tag-choinko-piekna-jak-las-tekst","product_tag-kolysanki-dla-dzieci-tekst","product_tag-szlaczki-do-druku"],"_links":{"self":[{"href":"http:\/\/klubmamgdynia.pl\/index.php\/wp-json\/wp\/v2\/product\/6175","targetHints":{"allow":["GET"]}}],"collection":[{"href":"http:\/\/klubmamgdynia.pl\/index.php\/wp-json\/wp\/v2\/product"}],"about":[{"href":"http:\/\/klubmamgdynia.pl\/index.php\/wp-json\/wp\/v2\/types\/product"}],"replies":[{"embeddable":true,"href":"http:\/\/klubmamgdynia.pl\/index.php\/wp-json\/wp\/v2\/comments?post=6175"}],"wp:featuredmedia":[{"embeddable":true,"href":"http:\/\/klubmamgdynia.pl\/index.php\/wp-json\/wp\/v2\/media\/6176"}],"wp:attachment":[{"href":"http:\/\/klubmamgdynia.pl\/index.php\/wp-json\/wp\/v2\/media?parent=6175"}],"wp:term":[{"taxonomy":"product_cat","embeddable":true,"href":"http:\/\/klubmamgdynia.pl\/index.php\/wp-json\/wp\/v2\/product_cat?post=6175"},{"taxonomy":"product_tag","embeddable":true,"href":"http:\/\/klubmamgdynia.pl\/index.php\/wp-json\/wp\/v2\/product_tag?post=6175"}],"curies":[{"name":"wp","href":"https:\/\/api.w.org\/{rel}","templated":true}]}}