{"id":6177,"date":"2023-05-11T13:38:46","date_gmt":"2023-05-11T11:38:46","guid":{"rendered":"http:\/\/klubmamgdynia.pl\/?post_type=product&#038;p=6177"},"modified":"2026-04-30T23:01:10","modified_gmt":"2026-04-30T21:01:10","slug":"fiskars-zyrafa-up84-115390","status":"publish","type":"product","link":"http:\/\/klubmamgdynia.pl\/index.php\/produkt\/fiskars-zyrafa-up84-115390\/","title":{"rendered":"Fiskars \u017byrafa UP84 (115390)"},"content":{"rendered":"<p>Fiskars \u017byrafa UP84 (115390)<\/p>\n<p>Sekator uniwersalny \u017byrafa, d\u0142ugiSekatory uniwersalne Fiskars zosta\u0142y wyposa\u017cone w obrotow\u0105<br \/>\ng\u0142owic\u0119 oraz skuteczny mechanizm tn\u0105cy. Dzi\u0119ki takiemu rozwi\u0105zaniu trudno<br \/>\ndost\u0119pne ga\u0142\u0119zie korony drzewa mo\u017cna obcina\u0107 bez u\u017cycia drabiny. Ci\u0119cie staje<br \/>\nsi\u0119 szybkie, \u0142atwe i bezpieczne.Ta\u015bma transmisyjna nie wymaga regulacji, jest bezpiecznie<br \/>\npoprowadzona wewn\u0105trz urz\u0105dzenia. Chroni j\u0105 to przed spl\u0105tywaniem i<br \/>\nzaczepianiem o ga\u0142\u0119zie podczas ci\u0119cia.Szeroka gama sekator\u00f3w &#8211; od wersji podstawowej do<br \/>\nteleskopowej &#8211; pozwala na wyb\u00f3r optymalnego narz\u0119dzia.                            <\/p>\n<p>Zasi\u0119g<br \/>\n     ok. 4 mTeleskopowy<br \/>\n     trzonek pozwala regulowa\u0107 d\u0142ugo\u015b\u0107 wysi\u0119gnika 2400-4100 mmRegulowana<br \/>\n     g\u0142owica w zakresie 230\u00b0Antypo\u015blizgowa<br \/>\n     r\u0105czkaMo\u017ce<br \/>\n     by\u0107 u\u017cywany wraz z przed\u0142u\u017ck\u0105Stop<br \/>\n     stali CrMov gwarantuj\u0105cy ostro\u015b\u0107 i wytrzyma\u0142o\u015b\u0107 narz\u0119dzia.Nieprzywieralna<br \/>\n     pow\u0142oka PTFE, kt\u00f3ra minimalizuje tarcie podczas ci\u0119ciaOstrze<br \/>\n     no\u017cycowe umo\u017cliwia precyzyjne i r\u00f3wne ci\u0119cie \u015bwie\u017cego drewna.<\/p>\n<h2>Fiskars \u017byrafa UP84 (115390) Fiskars<\/h2>\n<p>\u015bwi\u0119ta wielkanocne piosenka tekst, quizy dla dzieci z bajek, imi\u0119 mira, \u017c\u0105rty na prima aprilis, wz\u00f3r drzewo genealogiczne szablon do wydruku, fajne prezenty dla nastolatk\u00f3w, kolorowanki \u015bwi\u0105teczne do druku pdf, janusz korczak cytaty<\/p>\n<p>yyyyy<\/p>\n<p>&nbsp;<\/p>\n","protected":false},"excerpt":{"rendered":"<p>Fiskars \u017byrafa UP84 (115390) Sekator uniwersalny \u017byrafa, d\u0142ugiSekatory uniwersalne Fiskars zosta\u0142y wyposa\u017cone w obrotow\u0105 g\u0142owic\u0119 oraz skuteczny mechanizm tn\u0105cy. Dzi\u0119ki takiemu rozwi\u0105zaniu trudno dost\u0119pne ga\u0142\u0119zie korony drzewa mo\u017cna obcina\u0107 bez u\u017cycia drabiny. Ci\u0119cie staje si\u0119 szybkie, \u0142atwe i bezpieczne.Ta\u015bma transmisyjna nie wymaga regulacji, jest bezpiecznie poprowadzona wewn\u0105trz urz\u0105dzenia. Chroni j\u0105 to przed spl\u0105tywaniem i zaczepianiem [&hellip;]<\/p>\n","protected":false},"featured_media":6178,"comment_status":"closed","ping_status":"open","template":"","meta":[],"product_cat":[1051,1434],"product_tag":[671,681,612,830,576,805],"class_list":["post-6177","product","type-product","status-publish","has-post-thumbnail","hentry","product_cat-fiskars","product_cat-nozyce-i-sekatory","product_tag-cicha-noc-po-angielsku-tekst","product_tag-flagi-europy-quiz","product_tag-kolorowanki-do-druku","product_tag-rodzina-cytaty","product_tag-trudne-zagadki","product_tag-znaczenie-imienia-alan"],"_links":{"self":[{"href":"http:\/\/klubmamgdynia.pl\/index.php\/wp-json\/wp\/v2\/product\/6177","targetHints":{"allow":["GET"]}}],"collection":[{"href":"http:\/\/klubmamgdynia.pl\/index.php\/wp-json\/wp\/v2\/product"}],"about":[{"href":"http:\/\/klubmamgdynia.pl\/index.php\/wp-json\/wp\/v2\/types\/product"}],"replies":[{"embeddable":true,"href":"http:\/\/klubmamgdynia.pl\/index.php\/wp-json\/wp\/v2\/comments?post=6177"}],"wp:featuredmedia":[{"embeddable":true,"href":"http:\/\/klubmamgdynia.pl\/index.php\/wp-json\/wp\/v2\/media\/6178"}],"wp:attachment":[{"href":"http:\/\/klubmamgdynia.pl\/index.php\/wp-json\/wp\/v2\/media?parent=6177"}],"wp:term":[{"taxonomy":"product_cat","embeddable":true,"href":"http:\/\/klubmamgdynia.pl\/index.php\/wp-json\/wp\/v2\/product_cat?post=6177"},{"taxonomy":"product_tag","embeddable":true,"href":"http:\/\/klubmamgdynia.pl\/index.php\/wp-json\/wp\/v2\/product_tag?post=6177"}],"curies":[{"name":"wp","href":"https:\/\/api.w.org\/{rel}","templated":true}]}}