{"id":6187,"date":"2017-04-02T05:12:28","date_gmt":"2017-04-02T03:12:28","guid":{"rendered":"http:\/\/klubmamgdynia.pl\/index.php\/produkt\/motherhood-organiczny-rozek-bawelniany-niebieskie-kropki\/"},"modified":"2026-04-28T21:05:43","modified_gmt":"2026-04-28T19:05:43","slug":"motherhood-organiczny-rozek-bawelniany-niebieskie-kropki","status":"publish","type":"product","link":"http:\/\/klubmamgdynia.pl\/index.php\/produkt\/motherhood-organiczny-rozek-bawelniany-niebieskie-kropki\/","title":{"rendered":"Motherhood Organiczny Ro\u017cek Bawe\u0142niany Niebieskie Kropki"},"content":{"rendered":"<p>Organiczny ro\u017cek mu\u015blinowy Motherhood zosta\u0142 zaprojektowany z my\u015bl\u0105 o komforcie dzieci i ich rodzic\u00f3w. Zosta\u0142 uszyty z trzech warstw najwy\u017cszej jako\u015bci organicznego mu\u015blinu bawe\u0142nianego z certyfikatem ekologicznym GOTS, o niezwykle delikatnym splocie, zapewniaj\u0105c doskona\u0142\u0105 cyrkulacj\u0119 powietrza oraz komfort termiczny w okresie wiosenno-letnim. Zastosowali\u015bmy w nim klasyczne kokardy, kt\u00f3re nie tylko przywo\u0142uj\u0105 nastr\u00f3j retro, ale tak\u017ce pozwalaj\u0105 na idealne dopasowanie ro\u017cka do rosn\u0105cego maluszka. Co oznacza GOTS? Przede wszystkim trosk\u0119 o \u015brodowisko. To gwarancja eko-jako\u015bci na ka\u017cdym etapie produkcji. Jest ona \u015bci\u015ble kontrolowana od obr\u00f3bki naturalnego surowca, do wytworzenia finalnego produktu. Jeste\u015bmy organic i mamy na to dow\u00f3d \u2013 certyfikat GOTS! Organiczne ro\u017cki mu\u015blinowe Motherhood, jako pierwsze produkowane w Polsce posiadaj\u0105 certyfikat GOTS o numerze CU1007675. Sk\u0142ad: 100% bawe\u0142ny. Wyprodukowano w Polsce.<\/p>\n<h2>Motherhood Organiczny Ro\u017cek Bawe\u0142niany Niebieskie Kropki Motherhood<\/h2>\n<p>nauka zegara zegar do druku, hot wheels kolorowanka, pisanki woskiem wzory, kolorowanki lato, test z lektury felix net i nika oraz gang niewidzialnych ludzi, test z pana kleksa, plac zabaw warszawa, kolorowanki harry potter, starodawne \u017cyczenia bo\u017conarodzeniowe, bycie mam\u0105 cytaty, kolorowanki z bajek, bajka o smoku wawelskim, miriam imi\u0119, dobrej nocy i sza, kolorowanki \u015bwi\u0105teczne do wydruku, oryginalny prezent na roczek dla ch\u0142opca, pytania zagadki, zwierz\u0119ta z plasteliny, iwo imie, zagadki o lesie<\/p>\n<p>yyyyy<\/p>\n<p>&nbsp;<\/p>\n","protected":false},"excerpt":{"rendered":"<p>Organiczny ro\u017cek mu\u015blinowy Motherhood zosta\u0142 zaprojektowany z my\u015bl\u0105 o komforcie dzieci i ich rodzic\u00f3w. Zosta\u0142 uszyty z trzech warstw najwy\u017cszej jako\u015bci organicznego mu\u015blinu bawe\u0142nianego z certyfikatem ekologicznym GOTS, o niezwykle delikatnym splocie, zapewniaj\u0105c doskona\u0142\u0105 cyrkulacj\u0119 powietrza oraz komfort termiczny w okresie wiosenno-letnim. Zastosowali\u015bmy w nim klasyczne kokardy, kt\u00f3re nie tylko przywo\u0142uj\u0105 nastr\u00f3j retro, ale tak\u017ce [&hellip;]<\/p>\n","protected":false},"featured_media":6188,"comment_status":"closed","ping_status":"open","template":"","meta":[],"product_cat":[190,1437],"product_tag":[836,663,695,724],"class_list":["post-6187","product","type-product","status-publish","has-post-thumbnail","hentry","product_cat-motherhood","product_cat-rozki-i-beciki","product_tag-co-kupic-dziecku-na-roczek","product_tag-kolorowanki-dla-dzieci-do-druku","product_tag-rzadkie-imiona-zenskie","product_tag-zagadki-podchwytliwe"],"_links":{"self":[{"href":"http:\/\/klubmamgdynia.pl\/index.php\/wp-json\/wp\/v2\/product\/6187","targetHints":{"allow":["GET"]}}],"collection":[{"href":"http:\/\/klubmamgdynia.pl\/index.php\/wp-json\/wp\/v2\/product"}],"about":[{"href":"http:\/\/klubmamgdynia.pl\/index.php\/wp-json\/wp\/v2\/types\/product"}],"replies":[{"embeddable":true,"href":"http:\/\/klubmamgdynia.pl\/index.php\/wp-json\/wp\/v2\/comments?post=6187"}],"wp:featuredmedia":[{"embeddable":true,"href":"http:\/\/klubmamgdynia.pl\/index.php\/wp-json\/wp\/v2\/media\/6188"}],"wp:attachment":[{"href":"http:\/\/klubmamgdynia.pl\/index.php\/wp-json\/wp\/v2\/media?parent=6187"}],"wp:term":[{"taxonomy":"product_cat","embeddable":true,"href":"http:\/\/klubmamgdynia.pl\/index.php\/wp-json\/wp\/v2\/product_cat?post=6187"},{"taxonomy":"product_tag","embeddable":true,"href":"http:\/\/klubmamgdynia.pl\/index.php\/wp-json\/wp\/v2\/product_tag?post=6187"}],"curies":[{"name":"wp","href":"https:\/\/api.w.org\/{rel}","templated":true}]}}