{"id":6189,"date":"2015-10-01T16:34:17","date_gmt":"2015-10-01T14:34:17","guid":{"rendered":"http:\/\/klubmamgdynia.pl\/index.php\/produkt\/cybex-epriam-fashion-collection-z-napedem-elektrycznym-simply-flowers-pale-blush-spacerowy\/"},"modified":"2026-04-22T20:58:45","modified_gmt":"2026-04-22T18:58:45","slug":"cybex-epriam-fashion-collection-z-napedem-elektrycznym-simply-flowers-pale-blush-spacerowy","status":"publish","type":"product","link":"http:\/\/klubmamgdynia.pl\/index.php\/produkt\/cybex-epriam-fashion-collection-z-napedem-elektrycznym-simply-flowers-pale-blush-spacerowy\/","title":{"rendered":"Cybex Epriam Fashion Collection Z Nap\u0119dem Elektrycznym Simply Flowers Pale Blush Spacerowy"},"content":{"rendered":"<h2>Cybex Epriam Fashion Collection Z Nap\u0119dem Elektrycznym Simply Flowers Pale Blush Spacerowy Cybex<\/h2>\n<p>opis do zdj\u0119cia dziecka na fb, prezent dla nastoletniego ch\u0142opca, basen warszawa, testy z lektury tajemniczy ogr\u00f3d, test z lektury opowie\u015bci z narni lew czarownica i stara szafa, dyplomy dla dzieci do druku, kolorowanki na dzie\u0144 mamy, \u015bmigus dyngus lany poniedzia\u0142ek zyczenia<\/p>\n<p>yyyyy<\/p>\n<p>&nbsp;<\/p>\n","protected":false},"excerpt":{"rendered":"<p>Cybex Epriam Fashion Collection Z Nap\u0119dem Elektrycznym Simply Flowers Pale Blush Spacerowy Cybex opis do zdj\u0119cia dziecka na fb, prezent dla nastoletniego ch\u0142opca, basen warszawa, testy z lektury tajemniczy ogr\u00f3d, test z lektury opowie\u015bci z narni lew czarownica i stara szafa, dyplomy dla dzieci do druku, kolorowanki na dzie\u0144 mamy, \u015bmigus dyngus lany poniedzia\u0142ek zyczenia [&hellip;]<\/p>\n","protected":false},"featured_media":6190,"comment_status":"closed","ping_status":"open","template":"","meta":[],"product_cat":[34,71],"product_tag":[617,602,592,872,721,715],"class_list":["post-6189","product","type-product","status-publish","has-post-thumbnail","hentry","product_cat-cybex","product_cat-wozki-spacerowe","product_tag-keyword","product_tag-quiz-o-zwierzetach-domowych","product_tag-zagadki-dla-dzieci","product_tag-zagadki-dla-dzieci-6-lat","product_tag-zagadki-matematyczne","product_tag-zosia-samosia"],"_links":{"self":[{"href":"http:\/\/klubmamgdynia.pl\/index.php\/wp-json\/wp\/v2\/product\/6189","targetHints":{"allow":["GET"]}}],"collection":[{"href":"http:\/\/klubmamgdynia.pl\/index.php\/wp-json\/wp\/v2\/product"}],"about":[{"href":"http:\/\/klubmamgdynia.pl\/index.php\/wp-json\/wp\/v2\/types\/product"}],"replies":[{"embeddable":true,"href":"http:\/\/klubmamgdynia.pl\/index.php\/wp-json\/wp\/v2\/comments?post=6189"}],"wp:featuredmedia":[{"embeddable":true,"href":"http:\/\/klubmamgdynia.pl\/index.php\/wp-json\/wp\/v2\/media\/6190"}],"wp:attachment":[{"href":"http:\/\/klubmamgdynia.pl\/index.php\/wp-json\/wp\/v2\/media?parent=6189"}],"wp:term":[{"taxonomy":"product_cat","embeddable":true,"href":"http:\/\/klubmamgdynia.pl\/index.php\/wp-json\/wp\/v2\/product_cat?post=6189"},{"taxonomy":"product_tag","embeddable":true,"href":"http:\/\/klubmamgdynia.pl\/index.php\/wp-json\/wp\/v2\/product_tag?post=6189"}],"curies":[{"name":"wp","href":"https:\/\/api.w.org\/{rel}","templated":true}]}}