{"id":619,"date":"2016-03-29T04:48:28","date_gmt":"2016-03-29T02:48:28","guid":{"rendered":"http:\/\/klubmamgdynia.pl\/index.php\/produkt\/silverette-srebrne-nakladki-na-brodawki-piersiowe\/"},"modified":"2026-04-30T20:05:19","modified_gmt":"2026-04-30T18:05:19","slug":"silverette-srebrne-nakladki-na-brodawki-piersiowe","status":"publish","type":"product","link":"http:\/\/klubmamgdynia.pl\/index.php\/produkt\/silverette-srebrne-nakladki-na-brodawki-piersiowe\/","title":{"rendered":"Silverette Srebrne Nak\u0142adki Na Brodawki Piersiowe"},"content":{"rendered":"<p>Nak\u0142adki SILVERETTE to naturalne remedium na poranione brodawki piersiowe, z powodzeniem stosowane od wielu lat przez ca\u0142e pokolenia kobiet we W\u0142oszech.SILVERETTE to dwie malutkie nak\u0142adki wykonane r\u0119cznie ze srebra najwy\u017cszej pr\u00f3by (925). S\u0105 higieniczne, \u0142atwe w u\u017cyciu i bardzo skuteczne.SILVERETTE:Chroni\u0105 i dezynfekuj\u0105 brodawki piersiowe, przez co u\u0142atwiaj\u0105 zapobieganie powstawaniu ran i podra\u017cnie\u0144Goja istniej\u0105ce ranki (efekty obserwowane s\u0105 juz w ci\u0105gu 24\/48 godzin od pierwszego u\u017cycia)SILVERETTE s\u0105 u\u017cywane i polecane na oddzia\u0142ach po\u0142o\u017cniczych wielu w\u0142oskich szpitali, co \u015bwiadczy o naukowym charakterze produktu.SPOS\u00d3B U\u017bYCIA:Po ka\u017cdym karmieniu wycisn\u0105\u0107 kropelk\u0119 mleka do nak\u0142adki i na\u0142o\u017cy\u0107 nadkadk\u0119 bezpo\u015brednio na brodawk\u0119 piersiow\u0105, przykry\u0107 biustonoszem. Dla dodatkowego efektu koj\u0105cego, przed na\u0142o\u017ceniem op\u0142uka\u0107 nak\u0142adki w zimnej wodzie. Zaleca sie op\u0142uka\u0107 brodawk\u0119 piersiow\u0105 przed ka\u017cdym karmieniem.Czyszczenie SILVERETTE:Do czyszczenia nak\u0142adek zaleca si\u0119 sporz\u0105dzi\u0107 past\u0119 z wody i niewielkiej ilo\u015bci sody oczyszczonej, po czym umy\u0107 w niej nak\u0142adki. Dok\u0142adnie op\u0142uka\u0107 i osuszy\u0107. Nie u\u017cywa\u0107 \u015brodk\u00f3w dezynfekuj\u0105cych.<\/p>\n<h2>Silverette Srebrne Nak\u0142adki Na Brodawki Piersiowe Silverette<\/h2>\n<p>krecik bajka, quiz o samochodach, policja kolorowanka, dekorowanie kanapek dla dzieci, \u017carty na prima aprilis dla dzieci, cytat z kubusia puchatka o mi\u0142o\u015bci, lato, zosia samosia, kuku\u0142eczka kuka tekst, kolorowanki do druku konie, malowanka, \u015bwinka peppa kolorowanka, niezapomniany prezent na roczek, samoch\u00f3d kolorowanka do druku, desery dla dzieci, m.i.a., kolorowanka do druku super zings<\/p>\n<p>yyyyy<\/p>\n<p>&nbsp;<\/p>\n","protected":false},"excerpt":{"rendered":"<p>Nak\u0142adki SILVERETTE to naturalne remedium na poranione brodawki piersiowe, z powodzeniem stosowane od wielu lat przez ca\u0142e pokolenia kobiet we W\u0142oszech.SILVERETTE to dwie malutkie nak\u0142adki wykonane r\u0119cznie ze srebra najwy\u017cszej pr\u00f3by (925). S\u0105 higieniczne, \u0142atwe w u\u017cyciu i bardzo skuteczne.SILVERETTE:Chroni\u0105 i dezynfekuj\u0105 brodawki piersiowe, przez co u\u0142atwiaj\u0105 zapobieganie powstawaniu ran i podra\u017cnie\u0144Goja istniej\u0105ce ranki (efekty [&hellip;]<\/p>\n","protected":false},"featured_media":620,"comment_status":"closed","ping_status":"open","template":"","meta":[],"product_cat":[238,237],"product_tag":[685,790,652,628],"class_list":["post-619","product","type-product","status-publish","has-post-thumbnail","hentry","product_cat-oslonki-na-piersi","product_cat-silverette","product_tag-cytaty-o-rodzinie","product_tag-gry-planszowe-dla-nastolatkow","product_tag-otto","product_tag-zagadka"],"_links":{"self":[{"href":"http:\/\/klubmamgdynia.pl\/index.php\/wp-json\/wp\/v2\/product\/619","targetHints":{"allow":["GET"]}}],"collection":[{"href":"http:\/\/klubmamgdynia.pl\/index.php\/wp-json\/wp\/v2\/product"}],"about":[{"href":"http:\/\/klubmamgdynia.pl\/index.php\/wp-json\/wp\/v2\/types\/product"}],"replies":[{"embeddable":true,"href":"http:\/\/klubmamgdynia.pl\/index.php\/wp-json\/wp\/v2\/comments?post=619"}],"wp:featuredmedia":[{"embeddable":true,"href":"http:\/\/klubmamgdynia.pl\/index.php\/wp-json\/wp\/v2\/media\/620"}],"wp:attachment":[{"href":"http:\/\/klubmamgdynia.pl\/index.php\/wp-json\/wp\/v2\/media?parent=619"}],"wp:term":[{"taxonomy":"product_cat","embeddable":true,"href":"http:\/\/klubmamgdynia.pl\/index.php\/wp-json\/wp\/v2\/product_cat?post=619"},{"taxonomy":"product_tag","embeddable":true,"href":"http:\/\/klubmamgdynia.pl\/index.php\/wp-json\/wp\/v2\/product_tag?post=619"}],"curies":[{"name":"wp","href":"https:\/\/api.w.org\/{rel}","templated":true}]}}