{"id":6191,"date":"2023-06-11T05:08:21","date_gmt":"2023-06-11T03:08:21","guid":{"rendered":"http:\/\/klubmamgdynia.pl\/?post_type=product&#038;p=6191"},"modified":"2026-04-06T18:33:59","modified_gmt":"2026-04-06T16:33:59","slug":"ryobi-rcs3835t-5133002386","status":"publish","type":"product","link":"http:\/\/klubmamgdynia.pl\/index.php\/produkt\/ryobi-rcs3835t-5133002386\/","title":{"rendered":"Ryobi RCS3835T 5133002386"},"content":{"rendered":"<p>Dane techniczne:Pojemno\u015b\u0107 silnika 37 cm3Moc 1,8 KMD\u0142ugo\u015b\u0107 prowadnicy 35 cmWaga 4,6 kg Wysoce wydajna pilarka spalinowa z silnikiem o pojemno\u015bci 37 cm3 (1,3 kW\/1,8 KM) PoWR XTProwadnica o d\u0142ugo\u015bci 35 cm3-punktowa redukcja drga\u0144\u0141atwe uruchomienie z podw\u00f3jnym ga\u017anikiemDu\u017ca pr\u0119dko\u015b\u0107 przesuwu \u0142a\u0144cucha: 22 m\/sAutomatyczne smarowanie \u0142a\u0144cuchaG\u00f3rna pokrywa umo\u017cliwiaj\u0105ca szybki, beznarz\u0119dziowy dost\u0119p do filtra i \u015bwiecy zap\u0142onowejPodw\u00f3jny hamulec bezpiecze\u0144stwa \u0142a\u0144cucha Wypos. standardowe: olej do smarowania prowadnicy i \u0142a\u0144cucha, klucz<\/p>\n<h2>Ryobi RCS3835T 5133002386 Ryobi<\/h2>\n<p>cytaty o dzieciach i rodzinie, niespotykane imiona \u017ce\u0144skie, pytania logiczne, prezent dla rocznego ch\u0142opca, prezent na roczek od babci<\/p>\n<p>yyyyy<\/p>\n<p>&nbsp;<\/p>\n","protected":false},"excerpt":{"rendered":"<p>Dane techniczne:Pojemno\u015b\u0107 silnika 37 cm3Moc 1,8 KMD\u0142ugo\u015b\u0107 prowadnicy 35 cmWaga 4,6 kg Wysoce wydajna pilarka spalinowa z silnikiem o pojemno\u015bci 37 cm3 (1,3 kW\/1,8 KM) PoWR XTProwadnica o d\u0142ugo\u015bci 35 cm3-punktowa redukcja drga\u0144\u0141atwe uruchomienie z podw\u00f3jnym ga\u017anikiemDu\u017ca pr\u0119dko\u015b\u0107 przesuwu \u0142a\u0144cucha: 22 m\/sAutomatyczne smarowanie \u0142a\u0144cuchaG\u00f3rna pokrywa umo\u017cliwiaj\u0105ca szybki, beznarz\u0119dziowy dost\u0119p do filtra i \u015bwiecy zap\u0142onowejPodw\u00f3jny hamulec [&hellip;]<\/p>\n","protected":false},"featured_media":6192,"comment_status":"closed","ping_status":"open","template":"","meta":[],"product_cat":[1061,1028],"product_tag":[722,790,762,778],"class_list":["post-6191","product","type-product","status-publish","has-post-thumbnail","hentry","product_cat-pily-spalinowe","product_cat-ryobi","product_tag-cytaty-o-przyjazni","product_tag-gry-planszowe-dla-nastolatkow","product_tag-trudne-zagadki-dla-dzieci","product_tag-zabawki-na-roczek-dla-chlopca"],"_links":{"self":[{"href":"http:\/\/klubmamgdynia.pl\/index.php\/wp-json\/wp\/v2\/product\/6191","targetHints":{"allow":["GET"]}}],"collection":[{"href":"http:\/\/klubmamgdynia.pl\/index.php\/wp-json\/wp\/v2\/product"}],"about":[{"href":"http:\/\/klubmamgdynia.pl\/index.php\/wp-json\/wp\/v2\/types\/product"}],"replies":[{"embeddable":true,"href":"http:\/\/klubmamgdynia.pl\/index.php\/wp-json\/wp\/v2\/comments?post=6191"}],"wp:featuredmedia":[{"embeddable":true,"href":"http:\/\/klubmamgdynia.pl\/index.php\/wp-json\/wp\/v2\/media\/6192"}],"wp:attachment":[{"href":"http:\/\/klubmamgdynia.pl\/index.php\/wp-json\/wp\/v2\/media?parent=6191"}],"wp:term":[{"taxonomy":"product_cat","embeddable":true,"href":"http:\/\/klubmamgdynia.pl\/index.php\/wp-json\/wp\/v2\/product_cat?post=6191"},{"taxonomy":"product_tag","embeddable":true,"href":"http:\/\/klubmamgdynia.pl\/index.php\/wp-json\/wp\/v2\/product_tag?post=6191"}],"curies":[{"name":"wp","href":"https:\/\/api.w.org\/{rel}","templated":true}]}}