{"id":6193,"date":"2019-01-18T19:28:26","date_gmt":"2019-01-18T18:28:26","guid":{"rendered":"http:\/\/klubmamgdynia.pl\/index.php\/produkt\/motherhood-pieluszki-bawelniane-flanela-tetra-kwadraty-lososiowe\/"},"modified":"2026-04-03T20:25:00","modified_gmt":"2026-04-03T18:25:00","slug":"motherhood-pieluszki-bawelniane-flanela-tetra-kwadraty-lososiowe","status":"publish","type":"product","link":"http:\/\/klubmamgdynia.pl\/index.php\/produkt\/motherhood-pieluszki-bawelniane-flanela-tetra-kwadraty-lososiowe\/","title":{"rendered":"Motherhood Pieluszki Bawe\u0142niane Flanela Tetra Kwadraty \u0141ososiowe"},"content":{"rendered":"<p>Pieluszki bawe\u0142niane marki Motherhood to najlepszy wyb\u00f3r przy kompletowaniu wyprawki dla swego maluszka. Delikatne, wykonane z najwy\u017cszej jako\u015bci materia\u0142\u00f3w s\u0105 idealne ju\u017c od pierwszych dni \u017cycia dziecka.<\/p>\n<h2>Motherhood Pieluszki Bawe\u0142niane Flanela Tetra Kwadraty \u0141ososiowe Motherhood<\/h2>\n<p>kolorowanki psi patrol, bajki do czytania dla niemowl\u0105t, hejka tu lenka quizy, darmowe kolorowanki do druku, plan lekcji do druku, wiosna kolorowanka do druku, zagadki typu co to jest, prezent dla pi\u0119tnastolatka<\/p>\n<p>yyyyy<\/p>\n<p>&nbsp;<\/p>\n","protected":false},"excerpt":{"rendered":"<p>Pieluszki bawe\u0142niane marki Motherhood to najlepszy wyb\u00f3r przy kompletowaniu wyprawki dla swego maluszka. Delikatne, wykonane z najwy\u017cszej jako\u015bci materia\u0142\u00f3w s\u0105 idealne ju\u017c od pierwszych dni \u017cycia dziecka. Motherhood Pieluszki Bawe\u0142niane Flanela Tetra Kwadraty \u0141ososiowe Motherhood kolorowanki psi patrol, bajki do czytania dla niemowl\u0105t, hejka tu lenka quizy, darmowe kolorowanki do druku, plan lekcji do druku, [&hellip;]<\/p>\n","protected":false},"featured_media":6194,"comment_status":"closed","ping_status":"open","template":"","meta":[],"product_cat":[190,17],"product_tag":[864,784,861,786,840,760],"class_list":["post-6193","product","type-product","status-publish","has-post-thumbnail","hentry","product_cat-motherhood","product_cat-pieluchy","product_tag-basen-warszawa","product_tag-hymn-gorniczy","product_tag-jak-narysowac-psa","product_tag-prezent-na-1-urodziny","product_tag-stare-bajki","product_tag-zagadka-matematyczna"],"_links":{"self":[{"href":"http:\/\/klubmamgdynia.pl\/index.php\/wp-json\/wp\/v2\/product\/6193","targetHints":{"allow":["GET"]}}],"collection":[{"href":"http:\/\/klubmamgdynia.pl\/index.php\/wp-json\/wp\/v2\/product"}],"about":[{"href":"http:\/\/klubmamgdynia.pl\/index.php\/wp-json\/wp\/v2\/types\/product"}],"replies":[{"embeddable":true,"href":"http:\/\/klubmamgdynia.pl\/index.php\/wp-json\/wp\/v2\/comments?post=6193"}],"wp:featuredmedia":[{"embeddable":true,"href":"http:\/\/klubmamgdynia.pl\/index.php\/wp-json\/wp\/v2\/media\/6194"}],"wp:attachment":[{"href":"http:\/\/klubmamgdynia.pl\/index.php\/wp-json\/wp\/v2\/media?parent=6193"}],"wp:term":[{"taxonomy":"product_cat","embeddable":true,"href":"http:\/\/klubmamgdynia.pl\/index.php\/wp-json\/wp\/v2\/product_cat?post=6193"},{"taxonomy":"product_tag","embeddable":true,"href":"http:\/\/klubmamgdynia.pl\/index.php\/wp-json\/wp\/v2\/product_tag?post=6193"}],"curies":[{"name":"wp","href":"https:\/\/api.w.org\/{rel}","templated":true}]}}