{"id":6197,"date":"2014-06-14T03:51:46","date_gmt":"2014-06-14T01:51:46","guid":{"rendered":"http:\/\/klubmamgdynia.pl\/index.php\/produkt\/zestaw-mechanika-samochod-silnik-do-rozkrecania-warsztat-61-elementow-pomaranczowy-jeep-zabawka\/"},"modified":"2026-04-06T17:21:36","modified_gmt":"2026-04-06T15:21:36","slug":"zestaw-mechanika-samochod-silnik-do-rozkrecania-warsztat-61-elementow-pomaranczowy-jeep-zabawka","status":"publish","type":"product","link":"http:\/\/klubmamgdynia.pl\/index.php\/produkt\/zestaw-mechanika-samochod-silnik-do-rozkrecania-warsztat-61-elementow-pomaranczowy-jeep-zabawka\/","title":{"rendered":"Zestaw Mechanika, Samoch\u00f3d Silnik Do Rozkr\u0119cania, Warsztat 61 Element\u00f3w, Pomara\u0144czowy JEEP &#8211; Zabawka"},"content":{"rendered":"<p>Zestaw dla Mechanika &#8211; auto terenowe do rozkr\u0119caniaRozkr\u0119cany silnik Jeepa to idealna zabawka dla ma\u0142ych majsterkowicz\u00f3w. Zestaw ten rozwija kreatywno\u015b\u0107, logiczne my\u015blenie i zdolno\u015bci manualne. W sk\u0142ad zestawu wchodzi mn\u00f3stwo cz\u0119\u015bci, m.in. przednie ko\u0142a z felgami, elementy silnika, \u015bruby.Zabawka ta z pewno\u015bci\u0105 wywo\u0142a u\u015bmiech na twarzy ka\u017cdego dziecka i zapewni mu wiele godzin wspania\u0142ej zabawy.Poszczeg\u00f3lne elementy samochodu mo\u017cna rozkr\u0119ca\u0107 i skr\u0119ca\u0107 bez ko\u0144ca a realistyczne d\u017awi\u0119ki i efekty \u015bwietlne z pewno\u015bci\u0105 uatrakcyjni\u0105 zabaw\u0119.Mn\u00f3stwo atrakcjiPojazd posiada podnoszon\u0105 mask\u0119 z zabezpieczeniem przed samoczynnym zamkni\u0119ciem. Kierownic\u0105 mo\u017cna kr\u0119ci\u0107 i posiada prawdziwy klakson. Pod kierownic\u0105 umieszczony jest praktyczny schowek na narz\u0119dzia. Pod mask\u0105 kryje si\u0119 mn\u00f3stwo element\u00f3w do rozkr\u0119cania i skr\u0119cania, ma\u0142y mechanik mo\u017ce dodatkowo wymieni\u0107 \u015bwiece oraz sprawdzi\u0107 poziom oleju.Zabawka wyposa\u017cona jest w automatyczna skrzyni\u0119 bieg\u00f3w &#8211; posiada dr\u0105\u017cek zmiany bieg\u00f3w jak w prawdziwym poje\u017adzie. Dodatkowo jest wzbogacona o elementy d\u017awi\u0119kowe oraz \u015bwietlne. W zale\u017cno\u015bci od zmiany dr\u0105\u017cku biegu (P &#8211; Parking, R &#8211; Reverse, N &#8211; Neutral, D &#8211; Drive) us\u0142yszymy odg\u0142os odpalonego pojazdu, jad\u0105cego lub cofaj\u0105cego. D\u017awi\u0119kom towarzysz\u0105 migaj\u0105ce reflektory. Dodatkowo przycisk uruchamiaj\u0105cy i wy\u0142\u0105czaj\u0105cy silnik oraz przycisk awaryjny r\u00f3wnie\u017c s\u0105 pod\u015bwietlane.Jeep posiada r\u00f3wnie\u017c sk\u0142adany mini podno\u015bnik, kt\u00f3ry umo\u017cliwia np. bezproblemowe odkr\u0119cenie k\u00f3\u0142.PilotDodatkowo zestaw zawiera auto-pilota z przyciskami zamykania, otwierania oraz klaksonu. Ka\u017cdemu przyciskowi towarzysz\u0105 zar\u00f3wno efekty d\u017awi\u0119kowe jak i \u015bwietlne.Zestaw zawiera:Prz\u00f3d samochodu z podnoszon\u0105 mask\u0105,Elementy silnika,Ko\u0142a oraz felgi,\u015aruby i pozosta\u0142e akcesoria,Oryginalne opakowanie.Specyfikacja:Wymiary produktu: 40 x 47 x 39cmWysoko\u015b\u0107 z roz\u0142o\u017con\u0105 mask\u0105: ok. 63cm\u015arednica ko\u0142a: ok. 18cmWymiary opakowania: 43 x 40 x 34cmKolor: pomara\u0144czowy<\/p>\n<h2>Zestaw Mechanika, Samoch\u00f3d Silnik Do Rozkr\u0119cania, Warsztat 61 Element\u00f3w, Pomara\u0144czowy JEEP &#8211; Zabawka Dk<\/h2>\n<p>quiz kajko i kokosz szko\u0142a latania, kolorowanki pokemon, estera, pytania logiczne, laurka dla babci, urodziny dziecka pomys\u0142y, plac zabaw pozna\u0144, koreczki dla dzieci na urodziny, prezent dla 14 latki, asiunia pytania do lektury, mamo mamusiu pusto w mym brzusiu tekst, wierszyki o marzannie, kolorowanka peppa, zagatki matematyczne, leon imi\u0119, kr\u00f3tkie bajki do czytania, co kupi\u0107 dziewczynce na roczek, kontynenty do druku, co na roczek dla ch\u0142opca, prima aprilis w szkole, cytaty o dzieciach i rodzinie<\/p>\n<p>yyyyy<\/p>\n<p>&nbsp;<\/p>\n","protected":false},"excerpt":{"rendered":"<p>Zestaw dla Mechanika &#8211; auto terenowe do rozkr\u0119caniaRozkr\u0119cany silnik Jeepa to idealna zabawka dla ma\u0142ych majsterkowicz\u00f3w. Zestaw ten rozwija kreatywno\u015b\u0107, logiczne my\u015blenie i zdolno\u015bci manualne. W sk\u0142ad zestawu wchodzi mn\u00f3stwo cz\u0119\u015bci, m.in. przednie ko\u0142a z felgami, elementy silnika, \u015bruby.Zabawka ta z pewno\u015bci\u0105 wywo\u0142a u\u015bmiech na twarzy ka\u017cdego dziecka i zapewni mu wiele godzin wspania\u0142ej zabawy.Poszczeg\u00f3lne [&hellip;]<\/p>\n","protected":false},"featured_media":6198,"comment_status":"closed","ping_status":"open","template":"","meta":[],"product_cat":[408,53],"product_tag":[610,758,798,794],"class_list":["post-6197","product","type-product","status-publish","has-post-thumbnail","hentry","product_cat-dk","product_cat-kaciki-zabaw","product_tag-co-na-prezent-dla-nastolatkow","product_tag-julian","product_tag-prezenty-dla-nastolatki","product_tag-test-opowiesci-z-narnii-lew-czarownica-i-stara-szafa-do-druku"],"_links":{"self":[{"href":"http:\/\/klubmamgdynia.pl\/index.php\/wp-json\/wp\/v2\/product\/6197","targetHints":{"allow":["GET"]}}],"collection":[{"href":"http:\/\/klubmamgdynia.pl\/index.php\/wp-json\/wp\/v2\/product"}],"about":[{"href":"http:\/\/klubmamgdynia.pl\/index.php\/wp-json\/wp\/v2\/types\/product"}],"replies":[{"embeddable":true,"href":"http:\/\/klubmamgdynia.pl\/index.php\/wp-json\/wp\/v2\/comments?post=6197"}],"wp:featuredmedia":[{"embeddable":true,"href":"http:\/\/klubmamgdynia.pl\/index.php\/wp-json\/wp\/v2\/media\/6198"}],"wp:attachment":[{"href":"http:\/\/klubmamgdynia.pl\/index.php\/wp-json\/wp\/v2\/media?parent=6197"}],"wp:term":[{"taxonomy":"product_cat","embeddable":true,"href":"http:\/\/klubmamgdynia.pl\/index.php\/wp-json\/wp\/v2\/product_cat?post=6197"},{"taxonomy":"product_tag","embeddable":true,"href":"http:\/\/klubmamgdynia.pl\/index.php\/wp-json\/wp\/v2\/product_tag?post=6197"}],"curies":[{"name":"wp","href":"https:\/\/api.w.org\/{rel}","templated":true}]}}